{"id":28075,"date":"2024-01-26T15:50:07","date_gmt":"2024-01-26T15:50:07","guid":{"rendered":"https:\/\/aquagarden-europe.com\/uncategorized\/inpond-5-in-1-6000-pour-les-bassins-de-taille-moyenne\/"},"modified":"2024-07-04T09:35:04","modified_gmt":"2024-07-04T08:35:04","slug":"inpond-5-in-1-6000-for-medium-ponds","status":"publish","type":"product","link":"https:\/\/aquagarden-europe.com\/fr\/inpond-5in1-6in1-fr\/inpond-5-in-1-6000-for-medium-ponds\/","title":{"rendered":"Inpond 5 in 1 6000 pour les bassins de taille moyenne"},"content":{"rendered":"<p>Clair, propre, attrayant et sain avec l&#8217;Inpond 6000 Vous avez un petit \u00e9tang et vous souhaitez le garder clair, propre, attrayant et sain ? L&#8217;Inpond 5 en 1 est le &#8220;syst\u00e8me de survie&#8221; des \u00e9tangs. Il comprend : une pompe pour faire circuler l&#8217;eau \u00e0 travers le filtre et jusqu&#8217;\u00e0 la fontaine\/\u00e9l\u00e9ment, un filtre pour retenir les salet\u00e9s, un clarificateur d&#8217;eau verte pour d\u00e9truire les algues d&#8217;eau verte (la seule fa\u00e7on de garantir une eau cristalline et claire). Comprend \u00e9galement des cosses de bassin propres et un projecteur LED automatique pour am\u00e9liorer l&#8217;affichage le soir. Transformation instantan\u00e9e d&#8217;un bassin &#8211; pour nettoyer et assainir un bassin vert et sale. Tout ce dont vous avez besoin pour rendre un bassin beau et sain, tout en un. 3 belles t\u00eates de fontaine. Filtre simple \u00e0 entretenir, facile \u00e0 nettoyer ; rincez les mousses et remplacez le tampon de laine polym\u00e8re. Le clarificateur d&#8217;eau vert UV int\u00e9gr\u00e9 garantit une eau claire. Spot LED automatique \u00e0 faible consommation d&#8217;\u00e9nergie pour am\u00e9liorer et prolonger le plaisir de votre bassin. Comprend des dosettes Clean Pond &#8211; un traitement de l&#8217;eau 5 en 1 rapide et facile pour r\u00e9soudre les probl\u00e8mes les plus courants des bassins.<\/p>\n","protected":false},"excerpt":{"rendered":"<p>Clair, propre, attrayant et sain avec l&#8217;Inpond 6000 Vous avez un petit \u00e9tang et vous souhaitez le garder clair, propre, attrayant et sain ? L&#8217;Inpond 5 en 1 est le &#8220;syst\u00e8me de survie&#8221; des \u00e9tangs. Il comprend : une pompe pour faire circuler l&#8217;eau \u00e0 travers le filtre et jusqu&#8217;\u00e0 la fontaine\/\u00e9l\u00e9ment, un filtre pour [&hellip;]<\/p>\n","protected":false},"author":6,"featured_media":28385,"template":"","meta":{"_acf_changed":false,"_relevanssi_hide_post":"","_relevanssi_hide_content":"","_relevanssi_pin_for_all":"","_relevanssi_pin_keywords":"","_relevanssi_unpin_keywords":"","_relevanssi_related_keywords":"","_relevanssi_related_include_ids":"","_relevanssi_related_exclude_ids":"","_relevanssi_related_no_append":"","_relevanssi_related_not_related":"","_relevanssi_related_posts":"","_relevanssi_noindex_reason":"","_uag_custom_page_level_css":"","advgb_blocks_editor_width":"","advgb_blocks_columns_visual_guide":"","site-sidebar-layout":"default","site-content-layout":"","ast-site-content-layout":"default","site-content-style":"default","site-sidebar-style":"default","ast-global-header-display":"","ast-banner-title-visibility":"","ast-main-header-display":"","ast-hfb-above-header-display":"","ast-hfb-below-header-display":"","ast-hfb-mobile-header-display":"","site-post-title":"","ast-breadcrumbs-content":"","ast-featured-img":"","footer-sml-layout":"","ast-disable-related-posts":"","theme-transparent-header-meta":"default","adv-header-id-meta":"","stick-header-meta":"default","header-above-stick-meta":"","header-main-stick-meta":"","header-below-stick-meta":"","astra-migrate-meta-layouts":"default","ast-page-background-enabled":"default","ast-page-background-meta":{"desktop":{"background-color":"","background-image":"","background-repeat":"repeat","background-position":"center center","background-size":"auto","background-attachment":"scroll","background-type":"","background-media":"","overlay-type":"","overlay-color":"","overlay-opacity":"","overlay-gradient":""},"tablet":{"background-color":"","background-image":"","background-repeat":"repeat","background-position":"center center","background-size":"auto","background-attachment":"scroll","background-type":"","background-media":"","overlay-type":"","overlay-color":"","overlay-opacity":"","overlay-gradient":""},"mobile":{"background-color":"","background-image":"","background-repeat":"repeat","background-position":"center center","background-size":"auto","background-attachment":"scroll","background-type":"","background-media":"","overlay-type":"","overlay-color":"","overlay-opacity":"","overlay-gradient":""}},"ast-content-background-meta":{"desktop":{"background-color":"var(--ast-global-color-5)","background-image":"","background-repeat":"repeat","background-position":"center center","background-size":"auto","background-attachment":"scroll","background-type":"","background-media":"","overlay-type":"","overlay-color":"","overlay-opacity":"","overlay-gradient":""},"tablet":{"background-color":"var(--ast-global-color-5)","background-image":"","background-repeat":"repeat","background-position":"center center","background-size":"auto","background-attachment":"scroll","background-type":"","background-media":"","overlay-type":"","overlay-color":"","overlay-opacity":"","overlay-gradient":""},"mobile":{"background-color":"var(--ast-global-color-5)","background-image":"","background-repeat":"repeat","background-position":"center center","background-size":"auto","background-attachment":"scroll","background-type":"","background-media":"","overlay-type":"","overlay-color":"","overlay-opacity":"","overlay-gradient":""}}},"product_brand":[],"product_cat":[359],"product_tag":[],"inspiration_category":[],"class_list":{"0":"ranking_15","1":"post-28075","2":"product","3":"type-product","4":"status-publish","5":"has-post-thumbnail","7":"product_cat-inpond-5in1-6in1-fr","8":"desktop-align-left","9":"tablet-align-left","10":"mobile-align-left","11":"ast-product-gallery-layout-horizontal","12":"ast-product-gallery-with-no-image","13":"ast-product-tabs-layout-horizontal","15":"first","16":"instock","17":"shipping-taxable","18":"purchasable","19":"product-type-simple"},"acf":[],"yoast_head":"<!-- This site is optimized with the Yoast SEO plugin v27.2 - https:\/\/yoast.com\/product\/yoast-seo-wordpress\/ -->\n<title>Inpond 5 in 1 6000 pour les bassins de taille moyenne - Aquagarden Europe<\/title>\n<meta name=\"robots\" content=\"index, follow, max-snippet:-1, max-image-preview:large, max-video-preview:-1\" \/>\n<link rel=\"canonical\" href=\"https:\/\/aquagarden-europe.com\/uncategorized\/inpond-5-in-1-6000-pour-les-bassins-de-taille-moyenne\/\" \/>\n<meta property=\"og:locale\" content=\"fr_FR\" \/>\n<meta property=\"og:type\" content=\"article\" \/>\n<meta property=\"og:title\" content=\"Inpond 5 in 1 6000 pour les bassins de taille moyenne - Aquagarden Europe\" \/>\n<meta property=\"og:description\" content=\"Clair, propre, attrayant et sain avec l&#8217;Inpond 6000 Vous avez un petit \u00e9tang et vous souhaitez le garder clair, propre, attrayant et sain ? L&#8217;Inpond 5 en 1 est le &#8220;syst\u00e8me de survie&#8221; des \u00e9tangs. Il comprend : une pompe pour faire circuler l&#8217;eau \u00e0 travers le filtre et jusqu&#8217;\u00e0 la fontaine\/\u00e9l\u00e9ment, un filtre pour [&hellip;]\" \/>\n<meta property=\"og:url\" content=\"https:\/\/aquagarden-europe.com\/uncategorized\/inpond-5-in-1-6000-pour-les-bassins-de-taille-moyenne\/\" \/>\n<meta property=\"og:site_name\" content=\"Aquagarden Europe\" \/>\n<meta property=\"article:modified_time\" content=\"2024-07-04T08:35:04+00:00\" \/>\n<meta name=\"twitter:card\" content=\"summary_large_image\" \/>\n<meta name=\"twitter:label1\" content=\"Est. reading time\" \/>\n\t<meta name=\"twitter:data1\" content=\"1 minute\" \/>\n<script type=\"application\/ld+json\" class=\"yoast-schema-graph\">{\"@context\":\"https:\/\/schema.org\",\"@graph\":[{\"@type\":\"WebPage\",\"@id\":\"https:\/\/aquagarden-europe.com\/uncategorized\/inpond-5-in-1-6000-pour-les-bassins-de-taille-moyenne\/\",\"url\":\"https:\/\/aquagarden-europe.com\/uncategorized\/inpond-5-in-1-6000-pour-les-bassins-de-taille-moyenne\/\",\"name\":\"Inpond 5 in 1 6000 pour les bassins de taille moyenne - Aquagarden Europe\",\"isPartOf\":{\"@id\":\"https:\/\/aquagarden-europe.com\/#website\"},\"primaryImageOfPage\":{\"@id\":\"https:\/\/aquagarden-europe.com\/uncategorized\/inpond-5-in-1-6000-pour-les-bassins-de-taille-moyenne\/#primaryimage\"},\"image\":{\"@id\":\"https:\/\/aquagarden-europe.com\/uncategorized\/inpond-5-in-1-6000-pour-les-bassins-de-taille-moyenne\/#primaryimage\"},\"thumbnailUrl\":\"https:\/\/aquagarden-europe.com\/wp-content\/uploads\/2024\/07\/65d491958cd708.00111950.jpg\",\"datePublished\":\"2024-01-26T15:50:07+00:00\",\"dateModified\":\"2024-07-04T08:35:04+00:00\",\"breadcrumb\":{\"@id\":\"https:\/\/aquagarden-europe.com\/uncategorized\/inpond-5-in-1-6000-pour-les-bassins-de-taille-moyenne\/#breadcrumb\"},\"inLanguage\":\"fr-FR\",\"potentialAction\":[{\"@type\":\"ReadAction\",\"target\":[\"https:\/\/aquagarden-europe.com\/uncategorized\/inpond-5-in-1-6000-pour-les-bassins-de-taille-moyenne\/\"]}]},{\"@type\":\"ImageObject\",\"inLanguage\":\"fr-FR\",\"@id\":\"https:\/\/aquagarden-europe.com\/uncategorized\/inpond-5-in-1-6000-pour-les-bassins-de-taille-moyenne\/#primaryimage\",\"url\":\"https:\/\/aquagarden-europe.com\/wp-content\/uploads\/2024\/07\/65d491958cd708.00111950.jpg\",\"contentUrl\":\"https:\/\/aquagarden-europe.com\/wp-content\/uploads\/2024\/07\/65d491958cd708.00111950.jpg\",\"width\":1024,\"height\":1024},{\"@type\":\"BreadcrumbList\",\"@id\":\"https:\/\/aquagarden-europe.com\/uncategorized\/inpond-5-in-1-6000-pour-les-bassins-de-taille-moyenne\/#breadcrumb\",\"itemListElement\":[{\"@type\":\"ListItem\",\"position\":1,\"name\":\"Home\",\"item\":\"https:\/\/aquagarden-europe.com\/fr\/\"},{\"@type\":\"ListItem\",\"position\":2,\"name\":\"Nos produits\",\"item\":\"https:\/\/aquagarden-europe.com\/fr\/\"},{\"@type\":\"ListItem\",\"position\":3,\"name\":\"Inpond 5 in 1 6000 pour les bassins de taille moyenne\"}]},{\"@type\":\"WebSite\",\"@id\":\"https:\/\/aquagarden-europe.com\/#website\",\"url\":\"https:\/\/aquagarden-europe.com\/\",\"name\":\"Aquagarden Europe\",\"description\":\"\",\"publisher\":{\"@id\":\"https:\/\/aquagarden-europe.com\/#organization\"},\"potentialAction\":[{\"@type\":\"SearchAction\",\"target\":{\"@type\":\"EntryPoint\",\"urlTemplate\":\"https:\/\/aquagarden-europe.com\/?s={search_term_string}\"},\"query-input\":{\"@type\":\"PropertyValueSpecification\",\"valueRequired\":true,\"valueName\":\"search_term_string\"}}],\"inLanguage\":\"fr-FR\"},{\"@type\":\"Organization\",\"@id\":\"https:\/\/aquagarden-europe.com\/#organization\",\"name\":\"Aquagarden Europe\",\"url\":\"https:\/\/aquagarden-europe.com\/\",\"logo\":{\"@type\":\"ImageObject\",\"inLanguage\":\"fr-FR\",\"@id\":\"https:\/\/aquagarden-europe.com\/#\/schema\/logo\/image\/\",\"url\":\"https:\/\/aquagarden-europe.com\/wp-content\/uploads\/2024\/01\/AquaGarden_Logo-1.svg\",\"contentUrl\":\"https:\/\/aquagarden-europe.com\/wp-content\/uploads\/2024\/01\/AquaGarden_Logo-1.svg\",\"caption\":\"Aquagarden Europe\"},\"image\":{\"@id\":\"https:\/\/aquagarden-europe.com\/#\/schema\/logo\/image\/\"}}]}<\/script>\n<!-- \/ Yoast SEO plugin. -->","yoast_head_json":{"title":"Inpond 5 in 1 6000 pour les bassins de taille moyenne - Aquagarden Europe","robots":{"index":"index","follow":"follow","max-snippet":"max-snippet:-1","max-image-preview":"max-image-preview:large","max-video-preview":"max-video-preview:-1"},"canonical":"https:\/\/aquagarden-europe.com\/uncategorized\/inpond-5-in-1-6000-pour-les-bassins-de-taille-moyenne\/","og_locale":"fr_FR","og_type":"article","og_title":"Inpond 5 in 1 6000 pour les bassins de taille moyenne - Aquagarden Europe","og_description":"Clair, propre, attrayant et sain avec l&#8217;Inpond 6000 Vous avez un petit \u00e9tang et vous souhaitez le garder clair, propre, attrayant et sain ? L&#8217;Inpond 5 en 1 est le &#8220;syst\u00e8me de survie&#8221; des \u00e9tangs. Il comprend : une pompe pour faire circuler l&#8217;eau \u00e0 travers le filtre et jusqu&#8217;\u00e0 la fontaine\/\u00e9l\u00e9ment, un filtre pour [&hellip;]","og_url":"https:\/\/aquagarden-europe.com\/uncategorized\/inpond-5-in-1-6000-pour-les-bassins-de-taille-moyenne\/","og_site_name":"Aquagarden Europe","article_modified_time":"2024-07-04T08:35:04+00:00","twitter_card":"summary_large_image","twitter_misc":{"Est. reading time":"1 minute"},"schema":{"@context":"https:\/\/schema.org","@graph":[{"@type":"WebPage","@id":"https:\/\/aquagarden-europe.com\/uncategorized\/inpond-5-in-1-6000-pour-les-bassins-de-taille-moyenne\/","url":"https:\/\/aquagarden-europe.com\/uncategorized\/inpond-5-in-1-6000-pour-les-bassins-de-taille-moyenne\/","name":"Inpond 5 in 1 6000 pour les bassins de taille moyenne - Aquagarden Europe","isPartOf":{"@id":"https:\/\/aquagarden-europe.com\/#website"},"primaryImageOfPage":{"@id":"https:\/\/aquagarden-europe.com\/uncategorized\/inpond-5-in-1-6000-pour-les-bassins-de-taille-moyenne\/#primaryimage"},"image":{"@id":"https:\/\/aquagarden-europe.com\/uncategorized\/inpond-5-in-1-6000-pour-les-bassins-de-taille-moyenne\/#primaryimage"},"thumbnailUrl":"https:\/\/aquagarden-europe.com\/wp-content\/uploads\/2024\/07\/65d491958cd708.00111950.jpg","datePublished":"2024-01-26T15:50:07+00:00","dateModified":"2024-07-04T08:35:04+00:00","breadcrumb":{"@id":"https:\/\/aquagarden-europe.com\/uncategorized\/inpond-5-in-1-6000-pour-les-bassins-de-taille-moyenne\/#breadcrumb"},"inLanguage":"fr-FR","potentialAction":[{"@type":"ReadAction","target":["https:\/\/aquagarden-europe.com\/uncategorized\/inpond-5-in-1-6000-pour-les-bassins-de-taille-moyenne\/"]}]},{"@type":"ImageObject","inLanguage":"fr-FR","@id":"https:\/\/aquagarden-europe.com\/uncategorized\/inpond-5-in-1-6000-pour-les-bassins-de-taille-moyenne\/#primaryimage","url":"https:\/\/aquagarden-europe.com\/wp-content\/uploads\/2024\/07\/65d491958cd708.00111950.jpg","contentUrl":"https:\/\/aquagarden-europe.com\/wp-content\/uploads\/2024\/07\/65d491958cd708.00111950.jpg","width":1024,"height":1024},{"@type":"BreadcrumbList","@id":"https:\/\/aquagarden-europe.com\/uncategorized\/inpond-5-in-1-6000-pour-les-bassins-de-taille-moyenne\/#breadcrumb","itemListElement":[{"@type":"ListItem","position":1,"name":"Home","item":"https:\/\/aquagarden-europe.com\/fr\/"},{"@type":"ListItem","position":2,"name":"Nos produits","item":"https:\/\/aquagarden-europe.com\/fr\/"},{"@type":"ListItem","position":3,"name":"Inpond 5 in 1 6000 pour les bassins de taille moyenne"}]},{"@type":"WebSite","@id":"https:\/\/aquagarden-europe.com\/#website","url":"https:\/\/aquagarden-europe.com\/","name":"Aquagarden Europe","description":"","publisher":{"@id":"https:\/\/aquagarden-europe.com\/#organization"},"potentialAction":[{"@type":"SearchAction","target":{"@type":"EntryPoint","urlTemplate":"https:\/\/aquagarden-europe.com\/?s={search_term_string}"},"query-input":{"@type":"PropertyValueSpecification","valueRequired":true,"valueName":"search_term_string"}}],"inLanguage":"fr-FR"},{"@type":"Organization","@id":"https:\/\/aquagarden-europe.com\/#organization","name":"Aquagarden Europe","url":"https:\/\/aquagarden-europe.com\/","logo":{"@type":"ImageObject","inLanguage":"fr-FR","@id":"https:\/\/aquagarden-europe.com\/#\/schema\/logo\/image\/","url":"https:\/\/aquagarden-europe.com\/wp-content\/uploads\/2024\/01\/AquaGarden_Logo-1.svg","contentUrl":"https:\/\/aquagarden-europe.com\/wp-content\/uploads\/2024\/01\/AquaGarden_Logo-1.svg","caption":"Aquagarden Europe"},"image":{"@id":"https:\/\/aquagarden-europe.com\/#\/schema\/logo\/image\/"}}]}},"uagb_featured_image_src":{"full":["https:\/\/aquagarden-europe.com\/wp-content\/uploads\/2024\/07\/65d491958cd708.00111950.jpg",1024,1024,false],"thumbnail":["https:\/\/aquagarden-europe.com\/wp-content\/uploads\/2024\/07\/65d491958cd708.00111950-150x150.jpg",150,150,true],"medium":["https:\/\/aquagarden-europe.com\/wp-content\/uploads\/2024\/07\/65d491958cd708.00111950-300x300.jpg",300,300,true],"medium_large":["https:\/\/aquagarden-europe.com\/wp-content\/uploads\/2024\/07\/65d491958cd708.00111950-768x768.jpg",768,768,true],"large":["https:\/\/aquagarden-europe.com\/wp-content\/uploads\/2024\/07\/65d491958cd708.00111950.jpg",1024,1024,false],"blz_expanded_feature":["https:\/\/aquagarden-europe.com\/wp-content\/uploads\/2024\/07\/65d491958cd708.00111950-275x220.jpg",275,220,true],"gs-tiny":["https:\/\/aquagarden-europe.com\/wp-content\/uploads\/2024\/07\/65d491958cd708.00111950-50x50.jpg",50,50,true],"xl":["https:\/\/aquagarden-europe.com\/wp-content\/uploads\/2024\/07\/65d491958cd708.00111950.jpg",1024,1024,false],"xxl":["https:\/\/aquagarden-europe.com\/wp-content\/uploads\/2024\/07\/65d491958cd708.00111950.jpg",1024,1024,false],"xxxl":["https:\/\/aquagarden-europe.com\/wp-content\/uploads\/2024\/07\/65d491958cd708.00111950.jpg",1024,1024,false],"xxxxl":["https:\/\/aquagarden-europe.com\/wp-content\/uploads\/2024\/07\/65d491958cd708.00111950.jpg",1024,1024,false],"xxxxxl":["https:\/\/aquagarden-europe.com\/wp-content\/uploads\/2024\/07\/65d491958cd708.00111950.jpg",1024,1024,false],"1536x1536":["https:\/\/aquagarden-europe.com\/wp-content\/uploads\/2024\/07\/65d491958cd708.00111950.jpg",1024,1024,false],"2048x2048":["https:\/\/aquagarden-europe.com\/wp-content\/uploads\/2024\/07\/65d491958cd708.00111950.jpg",1024,1024,false],"background_image":["https:\/\/aquagarden-europe.com\/wp-content\/uploads\/2024\/07\/65d491958cd708.00111950-800x800.jpg",800,800,true],"woocommerce_thumbnail":["https:\/\/aquagarden-europe.com\/wp-content\/uploads\/2024\/07\/65d491958cd708.00111950-358x358.jpg",358,358,true],"woocommerce_single":["https:\/\/aquagarden-europe.com\/wp-content\/uploads\/2024\/07\/65d491958cd708.00111950-600x600.jpg",600,600,true],"woocommerce_gallery_thumbnail":["https:\/\/aquagarden-europe.com\/wp-content\/uploads\/2024\/07\/65d491958cd708.00111950-100x100.jpg",100,100,true],"shop_catalog":["https:\/\/aquagarden-europe.com\/wp-content\/uploads\/2024\/07\/65d491958cd708.00111950-300x300.jpg",300,300,true],"shop_single":["https:\/\/aquagarden-europe.com\/wp-content\/uploads\/2024\/07\/65d491958cd708.00111950-600x600.jpg",600,600,true],"shop_thumbnail":["https:\/\/aquagarden-europe.com\/wp-content\/uploads\/2024\/07\/65d491958cd708.00111950-100x100.jpg",100,100,true],"page-header":["https:\/\/aquagarden-europe.com\/wp-content\/uploads\/2024\/07\/65d491958cd708.00111950-1024x400.jpg",1024,400,true],"page-two-to-one":["https:\/\/aquagarden-europe.com\/wp-content\/uploads\/2024\/07\/65d491958cd708.00111950.jpg",1024,1024,false]},"uagb_author_info":{"display_name":"Phil Durston","author_link":"https:\/\/aquagarden-europe.com\/fr\/author\/phil-sera\/"},"uagb_comment_info":0,"uagb_excerpt":"Clair, propre, attrayant et sain avec l&#8217;Inpond 6000 Vous avez un petit \u00e9tang et vous souhaitez le garder clair, propre, attrayant et sain ? L&#8217;Inpond 5 en 1 est le &#8220;syst\u00e8me de survie&#8221; des \u00e9tangs. Il comprend : une pompe pour faire circuler l&#8217;eau \u00e0 travers le filtre et jusqu&#8217;\u00e0 la fontaine\/\u00e9l\u00e9ment, un filtre pour&hellip;","featured_img":"https:\/\/aquagarden-europe.com\/wp-content\/uploads\/2024\/07\/65d491958cd708.00111950.jpg","coauthors":[],"author_meta":{"author_link":"https:\/\/aquagarden-europe.com\/fr\/author\/phil-sera\/","display_name":"Phil Durston"},"relative_dates":{"created":"Publi\u00e9 2 years il y a","modified":"Mis \u00e0 jour 2 years il y a"},"absolute_dates":{"created":"Publi\u00e9 le 26 January 2024","modified":"Mise \u00e0 jour le 4 July 2024"},"absolute_dates_time":{"created":"Publi\u00e9 le 26 January 2024 3:50 pm","modified":"Mise \u00e0 jour le 4 July 2024 9:35 am"},"featured_img_caption":"","tax_additional":{"product_brand":{"linked":[],"unlinked":[],"slug":"product_brand","name":"Brands"},"product_type":{"linked":["<a href=\"https:\/\/aquagarden-europe.com\/fr\/?taxonomy=product_type&#038;term=simple\" class=\"advgb-post-tax-term\">simple<\/a>"],"unlinked":["<span class=\"advgb-post-tax-term\">simple<\/span>"],"slug":"product_type","name":"Product type"},"product_visibility":{"linked":[],"unlinked":[],"slug":"product_visibility","name":"Product visibility"},"product_cat":{"linked":["<a href=\"https:\/\/aquagarden-europe.com\/fr\/inpond-5in1-6in1-fr\/\" class=\"advgb-post-tax-term\">Inpond 5in1\/6in1<\/a>"],"unlinked":["<span class=\"advgb-post-tax-term\">Inpond 5in1\/6in1<\/span>"],"slug":"product_cat","name":"Product categories"},"product_tag":{"linked":[],"unlinked":[],"slug":"product_tag","name":"Product tags"},"product_shipping_class":{"linked":[],"unlinked":[],"slug":"product_shipping_class","name":"Product shipping classes"},"pos_product_visibility":{"linked":[],"unlinked":[],"slug":"pos_product_visibility","name":"POS Product visibility"},"translation_priority":{"linked":["<a href=\"https:\/\/aquagarden-europe.com\/fr\/?taxonomy=translation_priority&#038;term=facultatif\" class=\"advgb-post-tax-term\">Facultatif<\/a>"],"unlinked":["<span class=\"advgb-post-tax-term\">Facultatif<\/span>"],"slug":"translation_priority","name":"Priorit\u00e9s de traduction"},"inspiration_category":{"linked":[],"unlinked":[],"slug":"inspiration_category","name":"Inspiration Categories"}},"series_order":"","_links":{"self":[{"href":"https:\/\/aquagarden-europe.com\/fr\/wp-json\/wp\/v2\/product\/28075","targetHints":{"allow":["GET"]}}],"collection":[{"href":"https:\/\/aquagarden-europe.com\/fr\/wp-json\/wp\/v2\/product"}],"about":[{"href":"https:\/\/aquagarden-europe.com\/fr\/wp-json\/wp\/v2\/types\/product"}],"wp:featuredmedia":[{"embeddable":true,"href":"https:\/\/aquagarden-europe.com\/fr\/wp-json\/wp\/v2\/media\/28385"}],"wp:attachment":[{"href":"https:\/\/aquagarden-europe.com\/fr\/wp-json\/wp\/v2\/media?parent=28075"}],"wp:term":[{"taxonomy":"product_brand","embeddable":true,"href":"https:\/\/aquagarden-europe.com\/fr\/wp-json\/wp\/v2\/product_brand?post=28075"},{"taxonomy":"product_cat","embeddable":true,"href":"https:\/\/aquagarden-europe.com\/fr\/wp-json\/wp\/v2\/product_cat?post=28075"},{"taxonomy":"product_tag","embeddable":true,"href":"https:\/\/aquagarden-europe.com\/fr\/wp-json\/wp\/v2\/product_tag?post=28075"},{"taxonomy":"inspiration_category","embeddable":true,"href":"https:\/\/aquagarden-europe.com\/fr\/wp-json\/wp\/v2\/inspiration_category?post=28075"}],"curies":[{"name":"wp","href":"https:\/\/api.w.org\/{rel}","templated":true}]}}