{"id":28071,"date":"2024-01-26T15:49:49","date_gmt":"2024-01-26T15:49:49","guid":{"rendered":"https:\/\/aquagarden-europe.com\/uncategorized\/clean-pond-machine-13000-pour-les-grands-etangs\/"},"modified":"2024-01-26T15:49:49","modified_gmt":"2024-01-26T15:49:49","slug":"clean-pond-machine-13000-pour-les-grands-etangs","status":"publish","type":"product","link":"https:\/\/aquagarden-europe.com\/fr\/clean-pond-machine-filtre-uv\/clean-pond-machine-13000-pour-les-grands-etangs\/","title":{"rendered":"Clean Pond Machine 13000 pour les grands \u00e9tangs"},"content":{"rendered":"<p>Une eau cristalline garantie sans probl\u00e8me avec la Clean Pond Machine 13000 Vous avez un bassin de taille moyenne et vous souhaitez le garder clair, propre, attrayant et sain sans vous salir les mains ? La Clean Pond Machine 13000 est un syst\u00e8me de filtration efficace et facile \u00e0 utiliser qui permet de garder votre bassin propre et sain tout en gardant vos mains propres et s\u00e8ches. Il comprend : Syst\u00e8me de nettoyage &#8220;mains propres&#8221; Clarificateur UV Green Water int\u00e9gr\u00e9 M\u00e9dia CHI 2-en-1 r\u00e9volutionnaire sans mousse avec garantie \u00e0 vie Associ\u00e9 aux Clean Pond Pods pour une solution de nettoyage 5-en-1 (Pods GRATUITS inclus dans le pack) Chambre de dosage des Pods directement dans le filtre Economique \u00e0 l&#8217;usage &#8211; faible puissance Installation pratique &#8211; au-dessus ou dans le sol Garantie Clearwater Garantie de 3 ans<\/p>\n","protected":false},"excerpt":{"rendered":"<p>Une eau cristalline garantie sans probl\u00e8me avec la Clean Pond Machine 13000 Vous avez un bassin de taille moyenne et vous souhaitez le garder clair, propre, attrayant et sain sans vous salir les mains ? La Clean Pond Machine 13000 est un syst\u00e8me de filtration efficace et facile \u00e0 utiliser qui permet de garder votre [&hellip;]<\/p>\n","protected":false},"author":6,"featured_media":27434,"template":"","meta":{"_acf_changed":false,"_relevanssi_hide_post":"","_relevanssi_hide_content":"","_relevanssi_pin_for_all":"","_relevanssi_pin_keywords":"","_relevanssi_unpin_keywords":"","_relevanssi_related_keywords":"","_relevanssi_related_include_ids":"","_relevanssi_related_exclude_ids":"","_relevanssi_related_no_append":"","_relevanssi_related_not_related":"","_relevanssi_related_posts":"","_relevanssi_noindex_reason":"","_uag_custom_page_level_css":"","advgb_blocks_editor_width":"","advgb_blocks_columns_visual_guide":"","site-sidebar-layout":"default","site-content-layout":"","ast-site-content-layout":"default","site-content-style":"default","site-sidebar-style":"default","ast-global-header-display":"","ast-banner-title-visibility":"","ast-main-header-display":"","ast-hfb-above-header-display":"","ast-hfb-below-header-display":"","ast-hfb-mobile-header-display":"","site-post-title":"","ast-breadcrumbs-content":"","ast-featured-img":"","footer-sml-layout":"","ast-disable-related-posts":"","theme-transparent-header-meta":"","adv-header-id-meta":"","stick-header-meta":"","header-above-stick-meta":"","header-main-stick-meta":"","header-below-stick-meta":"","astra-migrate-meta-layouts":"default","ast-page-background-enabled":"default","ast-page-background-meta":{"desktop":{"background-color":"","background-image":"","background-repeat":"repeat","background-position":"center center","background-size":"auto","background-attachment":"scroll","background-type":"","background-media":"","overlay-type":"","overlay-color":"","overlay-opacity":"","overlay-gradient":""},"tablet":{"background-color":"","background-image":"","background-repeat":"repeat","background-position":"center center","background-size":"auto","background-attachment":"scroll","background-type":"","background-media":"","overlay-type":"","overlay-color":"","overlay-opacity":"","overlay-gradient":""},"mobile":{"background-color":"","background-image":"","background-repeat":"repeat","background-position":"center center","background-size":"auto","background-attachment":"scroll","background-type":"","background-media":"","overlay-type":"","overlay-color":"","overlay-opacity":"","overlay-gradient":""}},"ast-content-background-meta":{"desktop":{"background-color":"var(--ast-global-color-5)","background-image":"","background-repeat":"repeat","background-position":"center center","background-size":"auto","background-attachment":"scroll","background-type":"","background-media":"","overlay-type":"","overlay-color":"","overlay-opacity":"","overlay-gradient":""},"tablet":{"background-color":"var(--ast-global-color-5)","background-image":"","background-repeat":"repeat","background-position":"center center","background-size":"auto","background-attachment":"scroll","background-type":"","background-media":"","overlay-type":"","overlay-color":"","overlay-opacity":"","overlay-gradient":""},"mobile":{"background-color":"var(--ast-global-color-5)","background-image":"","background-repeat":"repeat","background-position":"center center","background-size":"auto","background-attachment":"scroll","background-type":"","background-media":"","overlay-type":"","overlay-color":"","overlay-opacity":"","overlay-gradient":""}}},"product_brand":[],"product_cat":[369],"product_tag":[],"inspiration_category":[],"class_list":{"0":"ranking_50","1":"post-28071","2":"product","3":"type-product","4":"status-publish","5":"has-post-thumbnail","7":"product_cat-clean-pond-machine-filtre-uv","8":"desktop-align-left","9":"tablet-align-left","10":"mobile-align-left","11":"ast-product-gallery-layout-horizontal","12":"ast-product-gallery-with-no-image","13":"ast-product-tabs-layout-horizontal","15":"first","16":"instock","17":"shipping-taxable","18":"purchasable","19":"product-type-simple"},"acf":[],"yoast_head":"<!-- This site is optimized with the Yoast SEO plugin v27.2 - https:\/\/yoast.com\/product\/yoast-seo-wordpress\/ -->\n<title>Clean Pond Machine 13000 pour les grands \u00e9tangs - Aquagarden Europe<\/title>\n<meta name=\"robots\" content=\"index, follow, max-snippet:-1, max-image-preview:large, max-video-preview:-1\" \/>\n<link rel=\"canonical\" href=\"https:\/\/aquagarden-europe.com\/uncategorized\/clean-pond-machine-13000-pour-les-grands-etangs\/\" \/>\n<meta property=\"og:locale\" content=\"fr_FR\" \/>\n<meta property=\"og:type\" content=\"article\" \/>\n<meta property=\"og:title\" content=\"Clean Pond Machine 13000 pour les grands \u00e9tangs - Aquagarden Europe\" \/>\n<meta property=\"og:description\" content=\"Une eau cristalline garantie sans probl\u00e8me avec la Clean Pond Machine 13000 Vous avez un bassin de taille moyenne et vous souhaitez le garder clair, propre, attrayant et sain sans vous salir les mains ? La Clean Pond Machine 13000 est un syst\u00e8me de filtration efficace et facile \u00e0 utiliser qui permet de garder votre [&hellip;]\" \/>\n<meta property=\"og:url\" content=\"https:\/\/aquagarden-europe.com\/uncategorized\/clean-pond-machine-13000-pour-les-grands-etangs\/\" \/>\n<meta property=\"og:site_name\" content=\"Aquagarden Europe\" \/>\n<meta name=\"twitter:card\" content=\"summary_large_image\" \/>\n<meta name=\"twitter:label1\" content=\"Est. reading time\" \/>\n\t<meta name=\"twitter:data1\" content=\"1 minute\" \/>\n<script type=\"application\/ld+json\" class=\"yoast-schema-graph\">{\"@context\":\"https:\/\/schema.org\",\"@graph\":[{\"@type\":\"WebPage\",\"@id\":\"https:\/\/aquagarden-europe.com\/uncategorized\/clean-pond-machine-13000-pour-les-grands-etangs\/\",\"url\":\"https:\/\/aquagarden-europe.com\/uncategorized\/clean-pond-machine-13000-pour-les-grands-etangs\/\",\"name\":\"Clean Pond Machine 13000 pour les grands \u00e9tangs - Aquagarden Europe\",\"isPartOf\":{\"@id\":\"https:\/\/aquagarden-europe.com\/#website\"},\"primaryImageOfPage\":{\"@id\":\"https:\/\/aquagarden-europe.com\/uncategorized\/clean-pond-machine-13000-pour-les-grands-etangs\/#primaryimage\"},\"image\":{\"@id\":\"https:\/\/aquagarden-europe.com\/uncategorized\/clean-pond-machine-13000-pour-les-grands-etangs\/#primaryimage\"},\"thumbnailUrl\":\"https:\/\/aquagarden-europe.com\/wp-content\/uploads\/2024\/01\/65b3be245bd3a7.92604431.png\",\"datePublished\":\"2024-01-26T15:49:49+00:00\",\"breadcrumb\":{\"@id\":\"https:\/\/aquagarden-europe.com\/uncategorized\/clean-pond-machine-13000-pour-les-grands-etangs\/#breadcrumb\"},\"inLanguage\":\"fr-FR\",\"potentialAction\":[{\"@type\":\"ReadAction\",\"target\":[\"https:\/\/aquagarden-europe.com\/uncategorized\/clean-pond-machine-13000-pour-les-grands-etangs\/\"]}]},{\"@type\":\"ImageObject\",\"inLanguage\":\"fr-FR\",\"@id\":\"https:\/\/aquagarden-europe.com\/uncategorized\/clean-pond-machine-13000-pour-les-grands-etangs\/#primaryimage\",\"url\":\"https:\/\/aquagarden-europe.com\/wp-content\/uploads\/2024\/01\/65b3be245bd3a7.92604431.png\",\"contentUrl\":\"https:\/\/aquagarden-europe.com\/wp-content\/uploads\/2024\/01\/65b3be245bd3a7.92604431.png\",\"width\":1500,\"height\":1500},{\"@type\":\"BreadcrumbList\",\"@id\":\"https:\/\/aquagarden-europe.com\/uncategorized\/clean-pond-machine-13000-pour-les-grands-etangs\/#breadcrumb\",\"itemListElement\":[{\"@type\":\"ListItem\",\"position\":1,\"name\":\"Home\",\"item\":\"https:\/\/aquagarden-europe.com\/fr\/\"},{\"@type\":\"ListItem\",\"position\":2,\"name\":\"Nos produits\",\"item\":\"https:\/\/aquagarden-europe.com\/fr\/\"},{\"@type\":\"ListItem\",\"position\":3,\"name\":\"Clean Pond Machine 13000 pour les grands \u00e9tangs\"}]},{\"@type\":\"WebSite\",\"@id\":\"https:\/\/aquagarden-europe.com\/#website\",\"url\":\"https:\/\/aquagarden-europe.com\/\",\"name\":\"Aquagarden Europe\",\"description\":\"\",\"publisher\":{\"@id\":\"https:\/\/aquagarden-europe.com\/#organization\"},\"potentialAction\":[{\"@type\":\"SearchAction\",\"target\":{\"@type\":\"EntryPoint\",\"urlTemplate\":\"https:\/\/aquagarden-europe.com\/?s={search_term_string}\"},\"query-input\":{\"@type\":\"PropertyValueSpecification\",\"valueRequired\":true,\"valueName\":\"search_term_string\"}}],\"inLanguage\":\"fr-FR\"},{\"@type\":\"Organization\",\"@id\":\"https:\/\/aquagarden-europe.com\/#organization\",\"name\":\"Aquagarden Europe\",\"url\":\"https:\/\/aquagarden-europe.com\/\",\"logo\":{\"@type\":\"ImageObject\",\"inLanguage\":\"fr-FR\",\"@id\":\"https:\/\/aquagarden-europe.com\/#\/schema\/logo\/image\/\",\"url\":\"https:\/\/aquagarden-europe.com\/wp-content\/uploads\/2024\/01\/AquaGarden_Logo-1.svg\",\"contentUrl\":\"https:\/\/aquagarden-europe.com\/wp-content\/uploads\/2024\/01\/AquaGarden_Logo-1.svg\",\"caption\":\"Aquagarden Europe\"},\"image\":{\"@id\":\"https:\/\/aquagarden-europe.com\/#\/schema\/logo\/image\/\"}}]}<\/script>\n<!-- \/ Yoast SEO plugin. -->","yoast_head_json":{"title":"Clean Pond Machine 13000 pour les grands \u00e9tangs - Aquagarden Europe","robots":{"index":"index","follow":"follow","max-snippet":"max-snippet:-1","max-image-preview":"max-image-preview:large","max-video-preview":"max-video-preview:-1"},"canonical":"https:\/\/aquagarden-europe.com\/uncategorized\/clean-pond-machine-13000-pour-les-grands-etangs\/","og_locale":"fr_FR","og_type":"article","og_title":"Clean Pond Machine 13000 pour les grands \u00e9tangs - Aquagarden Europe","og_description":"Une eau cristalline garantie sans probl\u00e8me avec la Clean Pond Machine 13000 Vous avez un bassin de taille moyenne et vous souhaitez le garder clair, propre, attrayant et sain sans vous salir les mains ? La Clean Pond Machine 13000 est un syst\u00e8me de filtration efficace et facile \u00e0 utiliser qui permet de garder votre [&hellip;]","og_url":"https:\/\/aquagarden-europe.com\/uncategorized\/clean-pond-machine-13000-pour-les-grands-etangs\/","og_site_name":"Aquagarden Europe","twitter_card":"summary_large_image","twitter_misc":{"Est. reading time":"1 minute"},"schema":{"@context":"https:\/\/schema.org","@graph":[{"@type":"WebPage","@id":"https:\/\/aquagarden-europe.com\/uncategorized\/clean-pond-machine-13000-pour-les-grands-etangs\/","url":"https:\/\/aquagarden-europe.com\/uncategorized\/clean-pond-machine-13000-pour-les-grands-etangs\/","name":"Clean Pond Machine 13000 pour les grands \u00e9tangs - Aquagarden Europe","isPartOf":{"@id":"https:\/\/aquagarden-europe.com\/#website"},"primaryImageOfPage":{"@id":"https:\/\/aquagarden-europe.com\/uncategorized\/clean-pond-machine-13000-pour-les-grands-etangs\/#primaryimage"},"image":{"@id":"https:\/\/aquagarden-europe.com\/uncategorized\/clean-pond-machine-13000-pour-les-grands-etangs\/#primaryimage"},"thumbnailUrl":"https:\/\/aquagarden-europe.com\/wp-content\/uploads\/2024\/01\/65b3be245bd3a7.92604431.png","datePublished":"2024-01-26T15:49:49+00:00","breadcrumb":{"@id":"https:\/\/aquagarden-europe.com\/uncategorized\/clean-pond-machine-13000-pour-les-grands-etangs\/#breadcrumb"},"inLanguage":"fr-FR","potentialAction":[{"@type":"ReadAction","target":["https:\/\/aquagarden-europe.com\/uncategorized\/clean-pond-machine-13000-pour-les-grands-etangs\/"]}]},{"@type":"ImageObject","inLanguage":"fr-FR","@id":"https:\/\/aquagarden-europe.com\/uncategorized\/clean-pond-machine-13000-pour-les-grands-etangs\/#primaryimage","url":"https:\/\/aquagarden-europe.com\/wp-content\/uploads\/2024\/01\/65b3be245bd3a7.92604431.png","contentUrl":"https:\/\/aquagarden-europe.com\/wp-content\/uploads\/2024\/01\/65b3be245bd3a7.92604431.png","width":1500,"height":1500},{"@type":"BreadcrumbList","@id":"https:\/\/aquagarden-europe.com\/uncategorized\/clean-pond-machine-13000-pour-les-grands-etangs\/#breadcrumb","itemListElement":[{"@type":"ListItem","position":1,"name":"Home","item":"https:\/\/aquagarden-europe.com\/fr\/"},{"@type":"ListItem","position":2,"name":"Nos produits","item":"https:\/\/aquagarden-europe.com\/fr\/"},{"@type":"ListItem","position":3,"name":"Clean Pond Machine 13000 pour les grands \u00e9tangs"}]},{"@type":"WebSite","@id":"https:\/\/aquagarden-europe.com\/#website","url":"https:\/\/aquagarden-europe.com\/","name":"Aquagarden Europe","description":"","publisher":{"@id":"https:\/\/aquagarden-europe.com\/#organization"},"potentialAction":[{"@type":"SearchAction","target":{"@type":"EntryPoint","urlTemplate":"https:\/\/aquagarden-europe.com\/?s={search_term_string}"},"query-input":{"@type":"PropertyValueSpecification","valueRequired":true,"valueName":"search_term_string"}}],"inLanguage":"fr-FR"},{"@type":"Organization","@id":"https:\/\/aquagarden-europe.com\/#organization","name":"Aquagarden Europe","url":"https:\/\/aquagarden-europe.com\/","logo":{"@type":"ImageObject","inLanguage":"fr-FR","@id":"https:\/\/aquagarden-europe.com\/#\/schema\/logo\/image\/","url":"https:\/\/aquagarden-europe.com\/wp-content\/uploads\/2024\/01\/AquaGarden_Logo-1.svg","contentUrl":"https:\/\/aquagarden-europe.com\/wp-content\/uploads\/2024\/01\/AquaGarden_Logo-1.svg","caption":"Aquagarden Europe"},"image":{"@id":"https:\/\/aquagarden-europe.com\/#\/schema\/logo\/image\/"}}]}},"uagb_featured_image_src":{"full":["https:\/\/aquagarden-europe.com\/wp-content\/uploads\/2024\/01\/65b3be245bd3a7.92604431.png",1500,1500,false],"thumbnail":["https:\/\/aquagarden-europe.com\/wp-content\/uploads\/2024\/01\/65b3be245bd3a7.92604431-150x150.png",150,150,true],"medium":["https:\/\/aquagarden-europe.com\/wp-content\/uploads\/2024\/01\/65b3be245bd3a7.92604431-300x300.png",300,300,true],"medium_large":["https:\/\/aquagarden-europe.com\/wp-content\/uploads\/2024\/01\/65b3be245bd3a7.92604431-768x768.png",768,768,true],"large":["https:\/\/aquagarden-europe.com\/wp-content\/uploads\/2024\/01\/65b3be245bd3a7.92604431-1024x1024.png",1024,1024,true],"blz_expanded_feature":["https:\/\/aquagarden-europe.com\/wp-content\/uploads\/2024\/01\/65b3be245bd3a7.92604431-275x220.png",275,220,true],"gs-tiny":["https:\/\/aquagarden-europe.com\/wp-content\/uploads\/2024\/01\/65b3be245bd3a7.92604431.png",50,50,false],"xl":["https:\/\/aquagarden-europe.com\/wp-content\/uploads\/2024\/01\/65b3be245bd3a7.92604431.png",1500,1500,false],"xxl":["https:\/\/aquagarden-europe.com\/wp-content\/uploads\/2024\/01\/65b3be245bd3a7.92604431.png",1500,1500,false],"xxxl":["https:\/\/aquagarden-europe.com\/wp-content\/uploads\/2024\/01\/65b3be245bd3a7.92604431.png",1500,1500,false],"xxxxl":["https:\/\/aquagarden-europe.com\/wp-content\/uploads\/2024\/01\/65b3be245bd3a7.92604431.png",1500,1500,false],"xxxxxl":["https:\/\/aquagarden-europe.com\/wp-content\/uploads\/2024\/01\/65b3be245bd3a7.92604431.png",1500,1500,false],"1536x1536":["https:\/\/aquagarden-europe.com\/wp-content\/uploads\/2024\/01\/65b3be245bd3a7.92604431.png",1500,1500,false],"2048x2048":["https:\/\/aquagarden-europe.com\/wp-content\/uploads\/2024\/01\/65b3be245bd3a7.92604431.png",1500,1500,false],"background_image":["https:\/\/aquagarden-europe.com\/wp-content\/uploads\/2024\/01\/65b3be245bd3a7.92604431-800x800.png",800,800,true],"woocommerce_thumbnail":["https:\/\/aquagarden-europe.com\/wp-content\/uploads\/2024\/01\/65b3be245bd3a7.92604431-358x358.png",358,358,true],"woocommerce_single":["https:\/\/aquagarden-europe.com\/wp-content\/uploads\/2024\/01\/65b3be245bd3a7.92604431-600x600.png",600,600,true],"woocommerce_gallery_thumbnail":["https:\/\/aquagarden-europe.com\/wp-content\/uploads\/2024\/01\/65b3be245bd3a7.92604431-100x100.png",100,100,true],"shop_catalog":["https:\/\/aquagarden-europe.com\/wp-content\/uploads\/2024\/01\/65b3be245bd3a7.92604431-300x300.png",300,300,true],"shop_single":["https:\/\/aquagarden-europe.com\/wp-content\/uploads\/2024\/01\/65b3be245bd3a7.92604431-600x600.png",600,600,true],"shop_thumbnail":["https:\/\/aquagarden-europe.com\/wp-content\/uploads\/2024\/01\/65b3be245bd3a7.92604431-100x100.png",100,100,true],"page-header":["https:\/\/aquagarden-europe.com\/wp-content\/uploads\/2024\/01\/65b3be245bd3a7.92604431-1500x400.png",1500,400,true],"page-two-to-one":["https:\/\/aquagarden-europe.com\/wp-content\/uploads\/2024\/01\/65b3be245bd3a7.92604431-1500x1024.png",1500,1024,true]},"uagb_author_info":{"display_name":"Phil Durston","author_link":"https:\/\/aquagarden-europe.com\/fr\/author\/phil-sera\/"},"uagb_comment_info":0,"uagb_excerpt":"Une eau cristalline garantie sans probl\u00e8me avec la Clean Pond Machine 13000 Vous avez un bassin de taille moyenne et vous souhaitez le garder clair, propre, attrayant et sain sans vous salir les mains ? La Clean Pond Machine 13000 est un syst\u00e8me de filtration efficace et facile \u00e0 utiliser qui permet de garder votre&hellip;","featured_img":"https:\/\/aquagarden-europe.com\/wp-content\/uploads\/2024\/01\/65b3be245bd3a7.92604431.png","coauthors":[],"author_meta":{"author_link":"https:\/\/aquagarden-europe.com\/fr\/author\/phil-sera\/","display_name":"Phil Durston"},"relative_dates":{"created":"Publi\u00e9 2 years il y a","modified":"Mis \u00e0 jour 2 years il y a"},"absolute_dates":{"created":"Publi\u00e9 le 26 January 2024","modified":"Mise \u00e0 jour le 26 January 2024"},"absolute_dates_time":{"created":"Publi\u00e9 le 26 January 2024 3:49 pm","modified":"Mise \u00e0 jour le 26 January 2024 3:49 pm"},"featured_img_caption":"","tax_additional":{"product_brand":{"linked":[],"unlinked":[],"slug":"product_brand","name":"Brands"},"product_type":{"linked":["<a href=\"https:\/\/aquagarden-europe.com\/fr\/?taxonomy=product_type&#038;term=simple\" class=\"advgb-post-tax-term\">simple<\/a>"],"unlinked":["<span class=\"advgb-post-tax-term\">simple<\/span>"],"slug":"product_type","name":"Product type"},"product_visibility":{"linked":[],"unlinked":[],"slug":"product_visibility","name":"Product visibility"},"product_cat":{"linked":["<a href=\"https:\/\/aquagarden-europe.com\/fr\/clean-pond-machine-filtre-uv\/\" class=\"advgb-post-tax-term\">Clean Pond Machine Filtre UV<\/a>"],"unlinked":["<span class=\"advgb-post-tax-term\">Clean Pond Machine Filtre UV<\/span>"],"slug":"product_cat","name":"Product categories"},"product_tag":{"linked":[],"unlinked":[],"slug":"product_tag","name":"Product tags"},"product_shipping_class":{"linked":[],"unlinked":[],"slug":"product_shipping_class","name":"Product shipping classes"},"pos_product_visibility":{"linked":[],"unlinked":[],"slug":"pos_product_visibility","name":"POS Product visibility"},"translation_priority":{"linked":["<a href=\"https:\/\/aquagarden-europe.com\/fr\/?taxonomy=translation_priority&#038;term=facultatif\" class=\"advgb-post-tax-term\">Facultatif<\/a>"],"unlinked":["<span class=\"advgb-post-tax-term\">Facultatif<\/span>"],"slug":"translation_priority","name":"Priorit\u00e9s de traduction"},"inspiration_category":{"linked":[],"unlinked":[],"slug":"inspiration_category","name":"Inspiration Categories"}},"series_order":"","_links":{"self":[{"href":"https:\/\/aquagarden-europe.com\/fr\/wp-json\/wp\/v2\/product\/28071","targetHints":{"allow":["GET"]}}],"collection":[{"href":"https:\/\/aquagarden-europe.com\/fr\/wp-json\/wp\/v2\/product"}],"about":[{"href":"https:\/\/aquagarden-europe.com\/fr\/wp-json\/wp\/v2\/types\/product"}],"wp:featuredmedia":[{"embeddable":true,"href":"https:\/\/aquagarden-europe.com\/fr\/wp-json\/wp\/v2\/media\/27434"}],"wp:attachment":[{"href":"https:\/\/aquagarden-europe.com\/fr\/wp-json\/wp\/v2\/media?parent=28071"}],"wp:term":[{"taxonomy":"product_brand","embeddable":true,"href":"https:\/\/aquagarden-europe.com\/fr\/wp-json\/wp\/v2\/product_brand?post=28071"},{"taxonomy":"product_cat","embeddable":true,"href":"https:\/\/aquagarden-europe.com\/fr\/wp-json\/wp\/v2\/product_cat?post=28071"},{"taxonomy":"product_tag","embeddable":true,"href":"https:\/\/aquagarden-europe.com\/fr\/wp-json\/wp\/v2\/product_tag?post=28071"},{"taxonomy":"inspiration_category","embeddable":true,"href":"https:\/\/aquagarden-europe.com\/fr\/wp-json\/wp\/v2\/inspiration_category?post=28071"}],"curies":[{"name":"wp","href":"https:\/\/api.w.org\/{rel}","templated":true}]}}