{"id":28053,"date":"2024-01-26T15:50:55","date_gmt":"2024-01-26T15:50:55","guid":{"rendered":"https:\/\/aquagarden-europe.com\/uncategorized\/pompe-de-bassin-a-economie-denergie-3000-6000-pour-bassins-de-taille-moyenne\/"},"modified":"2024-01-26T15:50:55","modified_gmt":"2024-01-26T15:50:55","slug":"energy-saver-pond-pump-3000-6000-for-medium-ponds","status":"publish","type":"product","link":"https:\/\/aquagarden-europe.com\/fr\/pompe-de-bassin-a-economie-denergie\/energy-saver-pond-pump-3000-6000-for-medium-ponds\/","title":{"rendered":"Pompe de bassin \u00e0 \u00e9conomie d&#8217;\u00e9nergie 3000-6000 pour bassins de taille moyenne"},"content":{"rendered":"<p>Pompe de bassin \u00e0 \u00e9conomie d&#8217;\u00e9nergie pour filtres et cascades. Puissante et \u00e9conomique, cette pompe de bassin \u00e0 faible entretien est r\u00e9glable pour s&#8217;adapter \u00e0 tous les bassins et \u00e0 toutes les saisons. Adapt\u00e9e aux cascades et aux filtres, la pompe de bassin Energy Saver combine un faible entretien avec des performances \u00e9lev\u00e9es, et gr\u00e2ce \u00e0 sa technologie de moteur num\u00e9rique, elle consomme environ trente pour cent d&#8217;\u00e9nergie en moins que les pompes de prix similaire. Syst\u00e8me de protection du moteur &#8211; Si la pompe d\u00e9tecte que le moteur est obstru\u00e9 ou bloqu\u00e9, le syst\u00e8me de protection du moteur s&#8217;arr\u00eate et affiche : moteur bloqu\u00e9, nettoyer la roue, nettoyer le rotor. Lorsque le colmatage a \u00e9t\u00e9 \u00e9limin\u00e9, la pompe peut red\u00e9marrer en toute s\u00e9curit\u00e9. Syst\u00e8me de protection contre le manque d&#8217;eau &#8211; Si la pompe d\u00e9tecte qu&#8217;il n&#8217;y a plus d&#8217;eau, elle se met en pause et affiche : &#8220;Eau faible, ajoutez de l&#8217;eau&#8221;. Lorsque l&#8217;eau a \u00e9t\u00e9 ajout\u00e9e, la pompe red\u00e9marre en toute s\u00e9curit\u00e9. Contr\u00f4le et affichage flexibles de l&#8217;utilisation de l&#8217;\u00e9nergie &#8211; En appuyant sur un bouton, l&#8217;utilisateur peut arr\u00eater, d\u00e9marrer, augmenter ou r\u00e9duire la puissance et le d\u00e9bit, ce qui permet d&#8217;obtenir des performances optimales et une \u00e9conomie d&#8217;\u00e9nergie maximale. D\u00e9marrage progressif &#8211; Lorsque la pompe est mise en marche, le d\u00e9bit augmente lentement jusqu&#8217;\u00e0 sa position pr\u00e9d\u00e9finie. Cela permet de r\u00e9duire l&#8217;usure de la pompe tout en diminuant les contraintes sur la tuyauterie et les filtres du syst\u00e8me. La pompe de bassin Energy Saver peut \u00eatre plac\u00e9e de toute fa\u00e7on vers le haut dans le bassin, son bo\u00eetier comporte des trous r\u00e9partis de mani\u00e8re \u00e9gale tout autour, ce qui assure un flux d&#8217;eau r\u00e9gulier vers la pompe. Si des d\u00e9bris cr\u00e9ent un blocage partiel, la pompe continuera \u00e0 fonctionner. La roue est \u00e9galement dot\u00e9e d&#8217;un bo\u00eetier transparent, ce qui permet de v\u00e9rifier facilement les \u00e9ventuels blocages ou dommages sans avoir \u00e0 la d\u00e9faire. Avec une garantie de trois ans, le pack Energy Saver Pond Pump contient une pompe, un contr\u00f4leur, des tuyaux et un ensemble complet de raccords.<\/p>\n","protected":false},"excerpt":{"rendered":"<p>Pompe de bassin \u00e0 \u00e9conomie d&#8217;\u00e9nergie pour filtres et cascades. Puissante et \u00e9conomique, cette pompe de bassin \u00e0 faible entretien est r\u00e9glable pour s&#8217;adapter \u00e0 tous les bassins et \u00e0 toutes les saisons. Adapt\u00e9e aux cascades et aux filtres, la pompe de bassin Energy Saver combine un faible entretien avec des performances \u00e9lev\u00e9es, et gr\u00e2ce [&hellip;]<\/p>\n","protected":false},"author":6,"featured_media":27563,"template":"","meta":{"_acf_changed":false,"_relevanssi_hide_post":"","_relevanssi_hide_content":"","_relevanssi_pin_for_all":"","_relevanssi_pin_keywords":"","_relevanssi_unpin_keywords":"","_relevanssi_related_keywords":"","_relevanssi_related_include_ids":"","_relevanssi_related_exclude_ids":"","_relevanssi_related_no_append":"","_relevanssi_related_not_related":"","_relevanssi_related_posts":"","_relevanssi_noindex_reason":"","_uag_custom_page_level_css":"","advgb_blocks_editor_width":"","advgb_blocks_columns_visual_guide":"","site-sidebar-layout":"default","site-content-layout":"","ast-site-content-layout":"default","site-content-style":"default","site-sidebar-style":"default","ast-global-header-display":"","ast-banner-title-visibility":"","ast-main-header-display":"","ast-hfb-above-header-display":"","ast-hfb-below-header-display":"","ast-hfb-mobile-header-display":"","site-post-title":"","ast-breadcrumbs-content":"","ast-featured-img":"","footer-sml-layout":"","ast-disable-related-posts":"","theme-transparent-header-meta":"","adv-header-id-meta":"","stick-header-meta":"","header-above-stick-meta":"","header-main-stick-meta":"","header-below-stick-meta":"","astra-migrate-meta-layouts":"default","ast-page-background-enabled":"default","ast-page-background-meta":{"desktop":{"background-color":"","background-image":"","background-repeat":"repeat","background-position":"center center","background-size":"auto","background-attachment":"scroll","background-type":"","background-media":"","overlay-type":"","overlay-color":"","overlay-opacity":"","overlay-gradient":""},"tablet":{"background-color":"","background-image":"","background-repeat":"repeat","background-position":"center center","background-size":"auto","background-attachment":"scroll","background-type":"","background-media":"","overlay-type":"","overlay-color":"","overlay-opacity":"","overlay-gradient":""},"mobile":{"background-color":"","background-image":"","background-repeat":"repeat","background-position":"center center","background-size":"auto","background-attachment":"scroll","background-type":"","background-media":"","overlay-type":"","overlay-color":"","overlay-opacity":"","overlay-gradient":""}},"ast-content-background-meta":{"desktop":{"background-color":"var(--ast-global-color-5)","background-image":"","background-repeat":"repeat","background-position":"center center","background-size":"auto","background-attachment":"scroll","background-type":"","background-media":"","overlay-type":"","overlay-color":"","overlay-opacity":"","overlay-gradient":""},"tablet":{"background-color":"var(--ast-global-color-5)","background-image":"","background-repeat":"repeat","background-position":"center center","background-size":"auto","background-attachment":"scroll","background-type":"","background-media":"","overlay-type":"","overlay-color":"","overlay-opacity":"","overlay-gradient":""},"mobile":{"background-color":"var(--ast-global-color-5)","background-image":"","background-repeat":"repeat","background-position":"center center","background-size":"auto","background-attachment":"scroll","background-type":"","background-media":"","overlay-type":"","overlay-color":"","overlay-opacity":"","overlay-gradient":""}}},"product_brand":[],"product_cat":[361],"product_tag":[],"inspiration_category":[],"class_list":{"0":"ranking_41","1":"post-28053","2":"product","3":"type-product","4":"status-publish","5":"has-post-thumbnail","7":"product_cat-pompe-de-bassin-a-economie-denergie","8":"desktop-align-left","9":"tablet-align-left","10":"mobile-align-left","11":"ast-product-gallery-layout-horizontal","12":"ast-product-gallery-with-no-image","13":"ast-product-tabs-layout-horizontal","15":"first","16":"instock","17":"shipping-taxable","18":"purchasable","19":"product-type-simple"},"acf":[],"yoast_head":"<!-- This site is optimized with the Yoast SEO plugin v27.2 - https:\/\/yoast.com\/product\/yoast-seo-wordpress\/ -->\n<title>Pompe de bassin \u00e0 \u00e9conomie d&#039;\u00e9nergie 3000-6000 pour bassins de taille moyenne - Aquagarden Europe<\/title>\n<meta name=\"robots\" content=\"index, follow, max-snippet:-1, max-image-preview:large, max-video-preview:-1\" \/>\n<link rel=\"canonical\" href=\"https:\/\/aquagarden-europe.com\/uncategorized\/pompe-de-bassin-a-economie-denergie-3000-6000-pour-bassins-de-taille-moyenne\/\" \/>\n<meta property=\"og:locale\" content=\"fr_FR\" \/>\n<meta property=\"og:type\" content=\"article\" \/>\n<meta property=\"og:title\" content=\"Pompe de bassin \u00e0 \u00e9conomie d&#039;\u00e9nergie 3000-6000 pour bassins de taille moyenne - Aquagarden Europe\" \/>\n<meta property=\"og:description\" content=\"Pompe de bassin \u00e0 \u00e9conomie d&#8217;\u00e9nergie pour filtres et cascades. Puissante et \u00e9conomique, cette pompe de bassin \u00e0 faible entretien est r\u00e9glable pour s&#8217;adapter \u00e0 tous les bassins et \u00e0 toutes les saisons. Adapt\u00e9e aux cascades et aux filtres, la pompe de bassin Energy Saver combine un faible entretien avec des performances \u00e9lev\u00e9es, et gr\u00e2ce [&hellip;]\" \/>\n<meta property=\"og:url\" content=\"https:\/\/aquagarden-europe.com\/uncategorized\/pompe-de-bassin-a-economie-denergie-3000-6000-pour-bassins-de-taille-moyenne\/\" \/>\n<meta property=\"og:site_name\" content=\"Aquagarden Europe\" \/>\n<meta name=\"twitter:card\" content=\"summary_large_image\" \/>\n<meta name=\"twitter:label1\" content=\"Est. reading time\" \/>\n\t<meta name=\"twitter:data1\" content=\"2 minutes\" \/>\n<script type=\"application\/ld+json\" class=\"yoast-schema-graph\">{\"@context\":\"https:\/\/schema.org\",\"@graph\":[{\"@type\":\"WebPage\",\"@id\":\"https:\/\/aquagarden-europe.com\/uncategorized\/pompe-de-bassin-a-economie-denergie-3000-6000-pour-bassins-de-taille-moyenne\/\",\"url\":\"https:\/\/aquagarden-europe.com\/uncategorized\/pompe-de-bassin-a-economie-denergie-3000-6000-pour-bassins-de-taille-moyenne\/\",\"name\":\"Pompe de bassin \u00e0 \u00e9conomie d'\u00e9nergie 3000-6000 pour bassins de taille moyenne - Aquagarden Europe\",\"isPartOf\":{\"@id\":\"https:\/\/aquagarden-europe.com\/#website\"},\"primaryImageOfPage\":{\"@id\":\"https:\/\/aquagarden-europe.com\/uncategorized\/pompe-de-bassin-a-economie-denergie-3000-6000-pour-bassins-de-taille-moyenne\/#primaryimage\"},\"image\":{\"@id\":\"https:\/\/aquagarden-europe.com\/uncategorized\/pompe-de-bassin-a-economie-denergie-3000-6000-pour-bassins-de-taille-moyenne\/#primaryimage\"},\"thumbnailUrl\":\"https:\/\/aquagarden-europe.com\/wp-content\/uploads\/2024\/01\/65b3c9f0d88987.54138315.jpg\",\"datePublished\":\"2024-01-26T15:50:55+00:00\",\"breadcrumb\":{\"@id\":\"https:\/\/aquagarden-europe.com\/uncategorized\/pompe-de-bassin-a-economie-denergie-3000-6000-pour-bassins-de-taille-moyenne\/#breadcrumb\"},\"inLanguage\":\"fr-FR\",\"potentialAction\":[{\"@type\":\"ReadAction\",\"target\":[\"https:\/\/aquagarden-europe.com\/uncategorized\/pompe-de-bassin-a-economie-denergie-3000-6000-pour-bassins-de-taille-moyenne\/\"]}]},{\"@type\":\"ImageObject\",\"inLanguage\":\"fr-FR\",\"@id\":\"https:\/\/aquagarden-europe.com\/uncategorized\/pompe-de-bassin-a-economie-denergie-3000-6000-pour-bassins-de-taille-moyenne\/#primaryimage\",\"url\":\"https:\/\/aquagarden-europe.com\/wp-content\/uploads\/2024\/01\/65b3c9f0d88987.54138315.jpg\",\"contentUrl\":\"https:\/\/aquagarden-europe.com\/wp-content\/uploads\/2024\/01\/65b3c9f0d88987.54138315.jpg\",\"width\":1500,\"height\":1500},{\"@type\":\"BreadcrumbList\",\"@id\":\"https:\/\/aquagarden-europe.com\/uncategorized\/pompe-de-bassin-a-economie-denergie-3000-6000-pour-bassins-de-taille-moyenne\/#breadcrumb\",\"itemListElement\":[{\"@type\":\"ListItem\",\"position\":1,\"name\":\"Home\",\"item\":\"https:\/\/aquagarden-europe.com\/fr\/\"},{\"@type\":\"ListItem\",\"position\":2,\"name\":\"Nos produits\",\"item\":\"https:\/\/aquagarden-europe.com\/fr\/\"},{\"@type\":\"ListItem\",\"position\":3,\"name\":\"Pompe de bassin \u00e0 \u00e9conomie d&#8217;\u00e9nergie 3000-6000 pour bassins de taille moyenne\"}]},{\"@type\":\"WebSite\",\"@id\":\"https:\/\/aquagarden-europe.com\/#website\",\"url\":\"https:\/\/aquagarden-europe.com\/\",\"name\":\"Aquagarden Europe\",\"description\":\"\",\"publisher\":{\"@id\":\"https:\/\/aquagarden-europe.com\/#organization\"},\"potentialAction\":[{\"@type\":\"SearchAction\",\"target\":{\"@type\":\"EntryPoint\",\"urlTemplate\":\"https:\/\/aquagarden-europe.com\/?s={search_term_string}\"},\"query-input\":{\"@type\":\"PropertyValueSpecification\",\"valueRequired\":true,\"valueName\":\"search_term_string\"}}],\"inLanguage\":\"fr-FR\"},{\"@type\":\"Organization\",\"@id\":\"https:\/\/aquagarden-europe.com\/#organization\",\"name\":\"Aquagarden Europe\",\"url\":\"https:\/\/aquagarden-europe.com\/\",\"logo\":{\"@type\":\"ImageObject\",\"inLanguage\":\"fr-FR\",\"@id\":\"https:\/\/aquagarden-europe.com\/#\/schema\/logo\/image\/\",\"url\":\"https:\/\/aquagarden-europe.com\/wp-content\/uploads\/2024\/01\/AquaGarden_Logo-1.svg\",\"contentUrl\":\"https:\/\/aquagarden-europe.com\/wp-content\/uploads\/2024\/01\/AquaGarden_Logo-1.svg\",\"caption\":\"Aquagarden Europe\"},\"image\":{\"@id\":\"https:\/\/aquagarden-europe.com\/#\/schema\/logo\/image\/\"}}]}<\/script>\n<!-- \/ Yoast SEO plugin. -->","yoast_head_json":{"title":"Pompe de bassin \u00e0 \u00e9conomie d'\u00e9nergie 3000-6000 pour bassins de taille moyenne - Aquagarden Europe","robots":{"index":"index","follow":"follow","max-snippet":"max-snippet:-1","max-image-preview":"max-image-preview:large","max-video-preview":"max-video-preview:-1"},"canonical":"https:\/\/aquagarden-europe.com\/uncategorized\/pompe-de-bassin-a-economie-denergie-3000-6000-pour-bassins-de-taille-moyenne\/","og_locale":"fr_FR","og_type":"article","og_title":"Pompe de bassin \u00e0 \u00e9conomie d'\u00e9nergie 3000-6000 pour bassins de taille moyenne - Aquagarden Europe","og_description":"Pompe de bassin \u00e0 \u00e9conomie d&#8217;\u00e9nergie pour filtres et cascades. Puissante et \u00e9conomique, cette pompe de bassin \u00e0 faible entretien est r\u00e9glable pour s&#8217;adapter \u00e0 tous les bassins et \u00e0 toutes les saisons. Adapt\u00e9e aux cascades et aux filtres, la pompe de bassin Energy Saver combine un faible entretien avec des performances \u00e9lev\u00e9es, et gr\u00e2ce [&hellip;]","og_url":"https:\/\/aquagarden-europe.com\/uncategorized\/pompe-de-bassin-a-economie-denergie-3000-6000-pour-bassins-de-taille-moyenne\/","og_site_name":"Aquagarden Europe","twitter_card":"summary_large_image","twitter_misc":{"Est. reading time":"2 minutes"},"schema":{"@context":"https:\/\/schema.org","@graph":[{"@type":"WebPage","@id":"https:\/\/aquagarden-europe.com\/uncategorized\/pompe-de-bassin-a-economie-denergie-3000-6000-pour-bassins-de-taille-moyenne\/","url":"https:\/\/aquagarden-europe.com\/uncategorized\/pompe-de-bassin-a-economie-denergie-3000-6000-pour-bassins-de-taille-moyenne\/","name":"Pompe de bassin \u00e0 \u00e9conomie d'\u00e9nergie 3000-6000 pour bassins de taille moyenne - Aquagarden Europe","isPartOf":{"@id":"https:\/\/aquagarden-europe.com\/#website"},"primaryImageOfPage":{"@id":"https:\/\/aquagarden-europe.com\/uncategorized\/pompe-de-bassin-a-economie-denergie-3000-6000-pour-bassins-de-taille-moyenne\/#primaryimage"},"image":{"@id":"https:\/\/aquagarden-europe.com\/uncategorized\/pompe-de-bassin-a-economie-denergie-3000-6000-pour-bassins-de-taille-moyenne\/#primaryimage"},"thumbnailUrl":"https:\/\/aquagarden-europe.com\/wp-content\/uploads\/2024\/01\/65b3c9f0d88987.54138315.jpg","datePublished":"2024-01-26T15:50:55+00:00","breadcrumb":{"@id":"https:\/\/aquagarden-europe.com\/uncategorized\/pompe-de-bassin-a-economie-denergie-3000-6000-pour-bassins-de-taille-moyenne\/#breadcrumb"},"inLanguage":"fr-FR","potentialAction":[{"@type":"ReadAction","target":["https:\/\/aquagarden-europe.com\/uncategorized\/pompe-de-bassin-a-economie-denergie-3000-6000-pour-bassins-de-taille-moyenne\/"]}]},{"@type":"ImageObject","inLanguage":"fr-FR","@id":"https:\/\/aquagarden-europe.com\/uncategorized\/pompe-de-bassin-a-economie-denergie-3000-6000-pour-bassins-de-taille-moyenne\/#primaryimage","url":"https:\/\/aquagarden-europe.com\/wp-content\/uploads\/2024\/01\/65b3c9f0d88987.54138315.jpg","contentUrl":"https:\/\/aquagarden-europe.com\/wp-content\/uploads\/2024\/01\/65b3c9f0d88987.54138315.jpg","width":1500,"height":1500},{"@type":"BreadcrumbList","@id":"https:\/\/aquagarden-europe.com\/uncategorized\/pompe-de-bassin-a-economie-denergie-3000-6000-pour-bassins-de-taille-moyenne\/#breadcrumb","itemListElement":[{"@type":"ListItem","position":1,"name":"Home","item":"https:\/\/aquagarden-europe.com\/fr\/"},{"@type":"ListItem","position":2,"name":"Nos produits","item":"https:\/\/aquagarden-europe.com\/fr\/"},{"@type":"ListItem","position":3,"name":"Pompe de bassin \u00e0 \u00e9conomie d&#8217;\u00e9nergie 3000-6000 pour bassins de taille moyenne"}]},{"@type":"WebSite","@id":"https:\/\/aquagarden-europe.com\/#website","url":"https:\/\/aquagarden-europe.com\/","name":"Aquagarden Europe","description":"","publisher":{"@id":"https:\/\/aquagarden-europe.com\/#organization"},"potentialAction":[{"@type":"SearchAction","target":{"@type":"EntryPoint","urlTemplate":"https:\/\/aquagarden-europe.com\/?s={search_term_string}"},"query-input":{"@type":"PropertyValueSpecification","valueRequired":true,"valueName":"search_term_string"}}],"inLanguage":"fr-FR"},{"@type":"Organization","@id":"https:\/\/aquagarden-europe.com\/#organization","name":"Aquagarden Europe","url":"https:\/\/aquagarden-europe.com\/","logo":{"@type":"ImageObject","inLanguage":"fr-FR","@id":"https:\/\/aquagarden-europe.com\/#\/schema\/logo\/image\/","url":"https:\/\/aquagarden-europe.com\/wp-content\/uploads\/2024\/01\/AquaGarden_Logo-1.svg","contentUrl":"https:\/\/aquagarden-europe.com\/wp-content\/uploads\/2024\/01\/AquaGarden_Logo-1.svg","caption":"Aquagarden Europe"},"image":{"@id":"https:\/\/aquagarden-europe.com\/#\/schema\/logo\/image\/"}}]}},"uagb_featured_image_src":{"full":["https:\/\/aquagarden-europe.com\/wp-content\/uploads\/2024\/01\/65b3c9f0d88987.54138315.jpg",1500,1500,false],"thumbnail":["https:\/\/aquagarden-europe.com\/wp-content\/uploads\/2024\/01\/65b3c9f0d88987.54138315-150x150.jpg",150,150,true],"medium":["https:\/\/aquagarden-europe.com\/wp-content\/uploads\/2024\/01\/65b3c9f0d88987.54138315-300x300.jpg",300,300,true],"medium_large":["https:\/\/aquagarden-europe.com\/wp-content\/uploads\/2024\/01\/65b3c9f0d88987.54138315-768x768.jpg",768,768,true],"large":["https:\/\/aquagarden-europe.com\/wp-content\/uploads\/2024\/01\/65b3c9f0d88987.54138315-1024x1024.jpg",1024,1024,true],"blz_expanded_feature":["https:\/\/aquagarden-europe.com\/wp-content\/uploads\/2024\/01\/65b3c9f0d88987.54138315-275x220.jpg",275,220,true],"gs-tiny":["https:\/\/aquagarden-europe.com\/wp-content\/uploads\/2024\/01\/65b3c9f0d88987.54138315.jpg",50,50,false],"xl":["https:\/\/aquagarden-europe.com\/wp-content\/uploads\/2024\/01\/65b3c9f0d88987.54138315.jpg",1500,1500,false],"xxl":["https:\/\/aquagarden-europe.com\/wp-content\/uploads\/2024\/01\/65b3c9f0d88987.54138315.jpg",1500,1500,false],"xxxl":["https:\/\/aquagarden-europe.com\/wp-content\/uploads\/2024\/01\/65b3c9f0d88987.54138315.jpg",1500,1500,false],"xxxxl":["https:\/\/aquagarden-europe.com\/wp-content\/uploads\/2024\/01\/65b3c9f0d88987.54138315.jpg",1500,1500,false],"xxxxxl":["https:\/\/aquagarden-europe.com\/wp-content\/uploads\/2024\/01\/65b3c9f0d88987.54138315.jpg",1500,1500,false],"1536x1536":["https:\/\/aquagarden-europe.com\/wp-content\/uploads\/2024\/01\/65b3c9f0d88987.54138315.jpg",1500,1500,false],"2048x2048":["https:\/\/aquagarden-europe.com\/wp-content\/uploads\/2024\/01\/65b3c9f0d88987.54138315.jpg",1500,1500,false],"background_image":["https:\/\/aquagarden-europe.com\/wp-content\/uploads\/2024\/01\/65b3c9f0d88987.54138315-800x800.jpg",800,800,true],"woocommerce_thumbnail":["https:\/\/aquagarden-europe.com\/wp-content\/uploads\/2024\/01\/65b3c9f0d88987.54138315-358x358.jpg",358,358,true],"woocommerce_single":["https:\/\/aquagarden-europe.com\/wp-content\/uploads\/2024\/01\/65b3c9f0d88987.54138315-600x600.jpg",600,600,true],"woocommerce_gallery_thumbnail":["https:\/\/aquagarden-europe.com\/wp-content\/uploads\/2024\/01\/65b3c9f0d88987.54138315-100x100.jpg",100,100,true],"shop_catalog":["https:\/\/aquagarden-europe.com\/wp-content\/uploads\/2024\/01\/65b3c9f0d88987.54138315-300x300.jpg",300,300,true],"shop_single":["https:\/\/aquagarden-europe.com\/wp-content\/uploads\/2024\/01\/65b3c9f0d88987.54138315-600x600.jpg",600,600,true],"shop_thumbnail":["https:\/\/aquagarden-europe.com\/wp-content\/uploads\/2024\/01\/65b3c9f0d88987.54138315-100x100.jpg",100,100,true],"page-header":["https:\/\/aquagarden-europe.com\/wp-content\/uploads\/2024\/01\/65b3c9f0d88987.54138315-1500x400.jpg",1500,400,true],"page-two-to-one":["https:\/\/aquagarden-europe.com\/wp-content\/uploads\/2024\/01\/65b3c9f0d88987.54138315-1500x1024.jpg",1500,1024,true]},"uagb_author_info":{"display_name":"Phil Durston","author_link":"https:\/\/aquagarden-europe.com\/fr\/author\/phil-sera\/"},"uagb_comment_info":0,"uagb_excerpt":"Pompe de bassin \u00e0 \u00e9conomie d&#8217;\u00e9nergie pour filtres et cascades. Puissante et \u00e9conomique, cette pompe de bassin \u00e0 faible entretien est r\u00e9glable pour s&#8217;adapter \u00e0 tous les bassins et \u00e0 toutes les saisons. Adapt\u00e9e aux cascades et aux filtres, la pompe de bassin Energy Saver combine un faible entretien avec des performances \u00e9lev\u00e9es, et gr\u00e2ce&hellip;","featured_img":"https:\/\/aquagarden-europe.com\/wp-content\/uploads\/2024\/01\/65b3c9f0d88987.54138315.jpg","coauthors":[],"author_meta":{"author_link":"https:\/\/aquagarden-europe.com\/fr\/author\/phil-sera\/","display_name":"Phil Durston"},"relative_dates":{"created":"Publi\u00e9 2 years il y a","modified":"Mis \u00e0 jour 2 years il y a"},"absolute_dates":{"created":"Publi\u00e9 le 26 January 2024","modified":"Mise \u00e0 jour le 26 January 2024"},"absolute_dates_time":{"created":"Publi\u00e9 le 26 January 2024 3:50 pm","modified":"Mise \u00e0 jour le 26 January 2024 3:50 pm"},"featured_img_caption":"","tax_additional":{"product_brand":{"linked":[],"unlinked":[],"slug":"product_brand","name":"Brands"},"product_type":{"linked":["<a href=\"https:\/\/aquagarden-europe.com\/fr\/?taxonomy=product_type&#038;term=simple\" class=\"advgb-post-tax-term\">simple<\/a>"],"unlinked":["<span class=\"advgb-post-tax-term\">simple<\/span>"],"slug":"product_type","name":"Product type"},"product_visibility":{"linked":[],"unlinked":[],"slug":"product_visibility","name":"Product visibility"},"product_cat":{"linked":["<a href=\"https:\/\/aquagarden-europe.com\/fr\/pompe-de-bassin-a-economie-denergie\/\" class=\"advgb-post-tax-term\">Pompe de bassin \u00e0 \u00e9conomie d&#039;\u00e9nergie<\/a>"],"unlinked":["<span class=\"advgb-post-tax-term\">Pompe de bassin \u00e0 \u00e9conomie d&#039;\u00e9nergie<\/span>"],"slug":"product_cat","name":"Product categories"},"product_tag":{"linked":[],"unlinked":[],"slug":"product_tag","name":"Product tags"},"product_shipping_class":{"linked":[],"unlinked":[],"slug":"product_shipping_class","name":"Product shipping classes"},"pos_product_visibility":{"linked":[],"unlinked":[],"slug":"pos_product_visibility","name":"POS Product visibility"},"translation_priority":{"linked":["<a href=\"https:\/\/aquagarden-europe.com\/fr\/?taxonomy=translation_priority&#038;term=facultatif\" class=\"advgb-post-tax-term\">Facultatif<\/a>"],"unlinked":["<span class=\"advgb-post-tax-term\">Facultatif<\/span>"],"slug":"translation_priority","name":"Priorit\u00e9s de traduction"},"inspiration_category":{"linked":[],"unlinked":[],"slug":"inspiration_category","name":"Inspiration Categories"}},"series_order":"","_links":{"self":[{"href":"https:\/\/aquagarden-europe.com\/fr\/wp-json\/wp\/v2\/product\/28053","targetHints":{"allow":["GET"]}}],"collection":[{"href":"https:\/\/aquagarden-europe.com\/fr\/wp-json\/wp\/v2\/product"}],"about":[{"href":"https:\/\/aquagarden-europe.com\/fr\/wp-json\/wp\/v2\/types\/product"}],"wp:featuredmedia":[{"embeddable":true,"href":"https:\/\/aquagarden-europe.com\/fr\/wp-json\/wp\/v2\/media\/27563"}],"wp:attachment":[{"href":"https:\/\/aquagarden-europe.com\/fr\/wp-json\/wp\/v2\/media?parent=28053"}],"wp:term":[{"taxonomy":"product_brand","embeddable":true,"href":"https:\/\/aquagarden-europe.com\/fr\/wp-json\/wp\/v2\/product_brand?post=28053"},{"taxonomy":"product_cat","embeddable":true,"href":"https:\/\/aquagarden-europe.com\/fr\/wp-json\/wp\/v2\/product_cat?post=28053"},{"taxonomy":"product_tag","embeddable":true,"href":"https:\/\/aquagarden-europe.com\/fr\/wp-json\/wp\/v2\/product_tag?post=28053"},{"taxonomy":"inspiration_category","embeddable":true,"href":"https:\/\/aquagarden-europe.com\/fr\/wp-json\/wp\/v2\/inspiration_category?post=28053"}],"curies":[{"name":"wp","href":"https:\/\/api.w.org\/{rel}","templated":true}]}}