{"id":28050,"date":"2024-01-26T15:51:46","date_gmt":"2024-01-26T15:51:46","guid":{"rendered":"https:\/\/aquagarden-europe.com\/uncategorized\/clean-pond-pods-6-packs\/"},"modified":"2024-01-26T15:51:46","modified_gmt":"2024-01-26T15:51:46","slug":"clean-pond-pods-6-pack","status":"publish","type":"product","link":"https:\/\/aquagarden-europe.com\/fr\/traitements\/nettoyage-de-letang\/clean-pond-pods-6-pack\/","title":{"rendered":"Clean Pond Pods 6 packs"},"content":{"rendered":"<p>Les dosettes Clean Pond sont un traitement de l&#8217;eau 5 en 1, rapide et facile, qui s&#8217;attaque aux probl\u00e8mes les plus courants des bassins. Ils consomment les boues des bassins, rendent l&#8217;eau du robinet s\u00fbre, favorisent une croissance saine des plantes, r\u00e9duisent le nettoyage des filtres et stabilisent le pH pour des poissons plus sains. Le film soluble se dissout rapidement, lib\u00e9rant les ingr\u00e9dients actifs sans danger pour les animaux domestiques et la faune sauvage, qui se mettent directement au travail pour nettoyer et purifier votre bassin. Utilisez les Clean Pond Pods en conjonction avec votre filtre Inpond 5 in 1\/6 in 1 ou votre filtre UV Clean Pond pour obtenir des r\u00e9sultats exceptionnels. Les Clean Pond Pods peuvent \u00eatre ajout\u00e9s directement dans les bassins non filtr\u00e9s ou avec tout autre syst\u00e8me de filtration. En raison de la fa\u00e7on dont les Clean Pond Pods fonctionnent dans l&#8217;\u00e9cosyst\u00e8me du bassin, les r\u00e9sultats seront plus efficaces s&#8217;ils sont utilis\u00e9s sur une p\u00e9riode de temps constante et ne sont pas une solution du jour au lendemain. Pour une efficacit\u00e9 \u00e0 long terme, la premi\u00e8re dose doit \u00eatre ajout\u00e9e lorsque la temp\u00e9rature de l&#8217;eau atteint 10\u00b0C, puis \u00e0 nouveau deux semaines plus tard. Par la suite, dosez tous les mois jusqu&#8217;\u00e0 ce que la temp\u00e9rature quotidienne de l&#8217;eau descende en dessous de 10\u00b0C. Ce programme de dosage aidera \u00e0 maintenir un bassin propre et sain et \u00e0 r\u00e9duire l&#8217;entretien du filtre. Elles consomment les boues de l&#8217;\u00e9tang rendent l&#8217;eau du robinet salubre r\u00e9duisent le nettoyage du filtre stabilisent le pH pour des poissons plus sains favorisent la croissance de plantes saines sont sans danger pour les animaux domestiques et sauvages Les Clean Pond Pods peuvent \u00eatre utilis\u00e9s dans votre filtre ou directement dans l&#8217;\u00e9tang. Les Clean Pond Pods sont disponibles en paquets de 6, 12 et 24.<\/p>\n","protected":false},"excerpt":{"rendered":"<p>Les dosettes Clean Pond sont un traitement de l&#8217;eau 5 en 1, rapide et facile, qui s&#8217;attaque aux probl\u00e8mes les plus courants des bassins. Ils consomment les boues des bassins, rendent l&#8217;eau du robinet s\u00fbre, favorisent une croissance saine des plantes, r\u00e9duisent le nettoyage des filtres et stabilisent le pH pour des poissons plus sains. [&hellip;]<\/p>\n","protected":false},"author":6,"featured_media":27766,"template":"","meta":{"_acf_changed":false,"_relevanssi_hide_post":"","_relevanssi_hide_content":"","_relevanssi_pin_for_all":"","_relevanssi_pin_keywords":"","_relevanssi_unpin_keywords":"","_relevanssi_related_keywords":"","_relevanssi_related_include_ids":"","_relevanssi_related_exclude_ids":"","_relevanssi_related_no_append":"","_relevanssi_related_not_related":"","_relevanssi_related_posts":"","_relevanssi_noindex_reason":"","_uag_custom_page_level_css":"","advgb_blocks_editor_width":"","advgb_blocks_columns_visual_guide":"","site-sidebar-layout":"default","site-content-layout":"","ast-site-content-layout":"default","site-content-style":"default","site-sidebar-style":"default","ast-global-header-display":"","ast-banner-title-visibility":"","ast-main-header-display":"","ast-hfb-above-header-display":"","ast-hfb-below-header-display":"","ast-hfb-mobile-header-display":"","site-post-title":"","ast-breadcrumbs-content":"","ast-featured-img":"","footer-sml-layout":"","ast-disable-related-posts":"","theme-transparent-header-meta":"","adv-header-id-meta":"","stick-header-meta":"","header-above-stick-meta":"","header-main-stick-meta":"","header-below-stick-meta":"","astra-migrate-meta-layouts":"default","ast-page-background-enabled":"default","ast-page-background-meta":{"desktop":{"background-color":"","background-image":"","background-repeat":"repeat","background-position":"center center","background-size":"auto","background-attachment":"scroll","background-type":"","background-media":"","overlay-type":"","overlay-color":"","overlay-opacity":"","overlay-gradient":""},"tablet":{"background-color":"","background-image":"","background-repeat":"repeat","background-position":"center center","background-size":"auto","background-attachment":"scroll","background-type":"","background-media":"","overlay-type":"","overlay-color":"","overlay-opacity":"","overlay-gradient":""},"mobile":{"background-color":"","background-image":"","background-repeat":"repeat","background-position":"center center","background-size":"auto","background-attachment":"scroll","background-type":"","background-media":"","overlay-type":"","overlay-color":"","overlay-opacity":"","overlay-gradient":""}},"ast-content-background-meta":{"desktop":{"background-color":"var(--ast-global-color-5)","background-image":"","background-repeat":"repeat","background-position":"center center","background-size":"auto","background-attachment":"scroll","background-type":"","background-media":"","overlay-type":"","overlay-color":"","overlay-opacity":"","overlay-gradient":""},"tablet":{"background-color":"var(--ast-global-color-5)","background-image":"","background-repeat":"repeat","background-position":"center center","background-size":"auto","background-attachment":"scroll","background-type":"","background-media":"","overlay-type":"","overlay-color":"","overlay-opacity":"","overlay-gradient":""},"mobile":{"background-color":"var(--ast-global-color-5)","background-image":"","background-repeat":"repeat","background-position":"center center","background-size":"auto","background-attachment":"scroll","background-type":"","background-media":"","overlay-type":"","overlay-color":"","overlay-opacity":"","overlay-gradient":""}}},"product_brand":[],"product_cat":[367,368],"product_tag":[],"inspiration_category":[],"class_list":{"0":"ranking_100","1":"post-28050","2":"product","3":"type-product","4":"status-publish","5":"has-post-thumbnail","7":"product_cat-nettoyage-de-letang","8":"product_cat-traitements","9":"desktop-align-left","10":"tablet-align-left","11":"mobile-align-left","12":"ast-product-gallery-layout-horizontal","13":"ast-product-gallery-with-no-image","14":"ast-product-tabs-layout-horizontal","16":"first","17":"instock","18":"shipping-taxable","19":"purchasable","20":"product-type-simple"},"acf":[],"yoast_head":"<!-- This site is optimized with the Yoast SEO plugin v27.2 - https:\/\/yoast.com\/product\/yoast-seo-wordpress\/ -->\n<title>Clean Pond Pods 6 packs - Aquagarden Europe<\/title>\n<meta name=\"robots\" content=\"index, follow, max-snippet:-1, max-image-preview:large, max-video-preview:-1\" \/>\n<link rel=\"canonical\" href=\"https:\/\/aquagarden-europe.com\/fr\/traitements\/clean-pond-pods-6-pack\/\" \/>\n<meta property=\"og:locale\" content=\"fr_FR\" \/>\n<meta property=\"og:type\" content=\"article\" \/>\n<meta property=\"og:title\" content=\"Clean Pond Pods 6 packs - Aquagarden Europe\" \/>\n<meta property=\"og:description\" content=\"Les dosettes Clean Pond sont un traitement de l&#8217;eau 5 en 1, rapide et facile, qui s&#8217;attaque aux probl\u00e8mes les plus courants des bassins. Ils consomment les boues des bassins, rendent l&#8217;eau du robinet s\u00fbre, favorisent une croissance saine des plantes, r\u00e9duisent le nettoyage des filtres et stabilisent le pH pour des poissons plus sains. [&hellip;]\" \/>\n<meta property=\"og:url\" content=\"https:\/\/aquagarden-europe.com\/fr\/traitements\/clean-pond-pods-6-pack\/\" \/>\n<meta property=\"og:site_name\" content=\"Aquagarden Europe\" \/>\n<meta name=\"twitter:card\" content=\"summary_large_image\" \/>\n<meta name=\"twitter:label1\" content=\"Est. reading time\" \/>\n\t<meta name=\"twitter:data1\" content=\"2 minutes\" \/>\n<script type=\"application\/ld+json\" class=\"yoast-schema-graph\">{\"@context\":\"https:\/\/schema.org\",\"@graph\":[{\"@type\":\"WebPage\",\"@id\":\"https:\/\/aquagarden-europe.com\/fr\/traitements\/clean-pond-pods-6-pack\/\",\"url\":\"https:\/\/aquagarden-europe.com\/fr\/traitements\/clean-pond-pods-6-pack\/\",\"name\":\"Clean Pond Pods 6 packs - Aquagarden Europe\",\"isPartOf\":{\"@id\":\"https:\/\/aquagarden-europe.com\/#website\"},\"primaryImageOfPage\":{\"@id\":\"https:\/\/aquagarden-europe.com\/fr\/traitements\/clean-pond-pods-6-pack\/#primaryimage\"},\"image\":{\"@id\":\"https:\/\/aquagarden-europe.com\/fr\/traitements\/clean-pond-pods-6-pack\/#primaryimage\"},\"thumbnailUrl\":\"https:\/\/aquagarden-europe.com\/wp-content\/uploads\/2024\/02\/65bb623ee468a6.12389301.jpg\",\"datePublished\":\"2024-01-26T15:51:46+00:00\",\"breadcrumb\":{\"@id\":\"https:\/\/aquagarden-europe.com\/fr\/traitements\/clean-pond-pods-6-pack\/#breadcrumb\"},\"inLanguage\":\"fr-FR\",\"potentialAction\":[{\"@type\":\"ReadAction\",\"target\":[\"https:\/\/aquagarden-europe.com\/fr\/traitements\/clean-pond-pods-6-pack\/\"]}]},{\"@type\":\"ImageObject\",\"inLanguage\":\"fr-FR\",\"@id\":\"https:\/\/aquagarden-europe.com\/fr\/traitements\/clean-pond-pods-6-pack\/#primaryimage\",\"url\":\"https:\/\/aquagarden-europe.com\/wp-content\/uploads\/2024\/02\/65bb623ee468a6.12389301.jpg\",\"contentUrl\":\"https:\/\/aquagarden-europe.com\/wp-content\/uploads\/2024\/02\/65bb623ee468a6.12389301.jpg\",\"width\":1500,\"height\":1500},{\"@type\":\"BreadcrumbList\",\"@id\":\"https:\/\/aquagarden-europe.com\/fr\/traitements\/clean-pond-pods-6-pack\/#breadcrumb\",\"itemListElement\":[{\"@type\":\"ListItem\",\"position\":1,\"name\":\"Home\",\"item\":\"https:\/\/aquagarden-europe.com\/fr\/\"},{\"@type\":\"ListItem\",\"position\":2,\"name\":\"Nos produits\",\"item\":\"https:\/\/aquagarden-europe.com\/fr\/\"},{\"@type\":\"ListItem\",\"position\":3,\"name\":\"Clean Pond Pods 6 packs\"}]},{\"@type\":\"WebSite\",\"@id\":\"https:\/\/aquagarden-europe.com\/#website\",\"url\":\"https:\/\/aquagarden-europe.com\/\",\"name\":\"Aquagarden Europe\",\"description\":\"\",\"publisher\":{\"@id\":\"https:\/\/aquagarden-europe.com\/#organization\"},\"potentialAction\":[{\"@type\":\"SearchAction\",\"target\":{\"@type\":\"EntryPoint\",\"urlTemplate\":\"https:\/\/aquagarden-europe.com\/?s={search_term_string}\"},\"query-input\":{\"@type\":\"PropertyValueSpecification\",\"valueRequired\":true,\"valueName\":\"search_term_string\"}}],\"inLanguage\":\"fr-FR\"},{\"@type\":\"Organization\",\"@id\":\"https:\/\/aquagarden-europe.com\/#organization\",\"name\":\"Aquagarden Europe\",\"url\":\"https:\/\/aquagarden-europe.com\/\",\"logo\":{\"@type\":\"ImageObject\",\"inLanguage\":\"fr-FR\",\"@id\":\"https:\/\/aquagarden-europe.com\/#\/schema\/logo\/image\/\",\"url\":\"https:\/\/aquagarden-europe.com\/wp-content\/uploads\/2024\/01\/AquaGarden_Logo-1.svg\",\"contentUrl\":\"https:\/\/aquagarden-europe.com\/wp-content\/uploads\/2024\/01\/AquaGarden_Logo-1.svg\",\"caption\":\"Aquagarden Europe\"},\"image\":{\"@id\":\"https:\/\/aquagarden-europe.com\/#\/schema\/logo\/image\/\"}}]}<\/script>\n<!-- \/ Yoast SEO plugin. -->","yoast_head_json":{"title":"Clean Pond Pods 6 packs - Aquagarden Europe","robots":{"index":"index","follow":"follow","max-snippet":"max-snippet:-1","max-image-preview":"max-image-preview:large","max-video-preview":"max-video-preview:-1"},"canonical":"https:\/\/aquagarden-europe.com\/fr\/traitements\/clean-pond-pods-6-pack\/","og_locale":"fr_FR","og_type":"article","og_title":"Clean Pond Pods 6 packs - Aquagarden Europe","og_description":"Les dosettes Clean Pond sont un traitement de l&#8217;eau 5 en 1, rapide et facile, qui s&#8217;attaque aux probl\u00e8mes les plus courants des bassins. Ils consomment les boues des bassins, rendent l&#8217;eau du robinet s\u00fbre, favorisent une croissance saine des plantes, r\u00e9duisent le nettoyage des filtres et stabilisent le pH pour des poissons plus sains. [&hellip;]","og_url":"https:\/\/aquagarden-europe.com\/fr\/traitements\/clean-pond-pods-6-pack\/","og_site_name":"Aquagarden Europe","twitter_card":"summary_large_image","twitter_misc":{"Est. reading time":"2 minutes"},"schema":{"@context":"https:\/\/schema.org","@graph":[{"@type":"WebPage","@id":"https:\/\/aquagarden-europe.com\/fr\/traitements\/clean-pond-pods-6-pack\/","url":"https:\/\/aquagarden-europe.com\/fr\/traitements\/clean-pond-pods-6-pack\/","name":"Clean Pond Pods 6 packs - Aquagarden Europe","isPartOf":{"@id":"https:\/\/aquagarden-europe.com\/#website"},"primaryImageOfPage":{"@id":"https:\/\/aquagarden-europe.com\/fr\/traitements\/clean-pond-pods-6-pack\/#primaryimage"},"image":{"@id":"https:\/\/aquagarden-europe.com\/fr\/traitements\/clean-pond-pods-6-pack\/#primaryimage"},"thumbnailUrl":"https:\/\/aquagarden-europe.com\/wp-content\/uploads\/2024\/02\/65bb623ee468a6.12389301.jpg","datePublished":"2024-01-26T15:51:46+00:00","breadcrumb":{"@id":"https:\/\/aquagarden-europe.com\/fr\/traitements\/clean-pond-pods-6-pack\/#breadcrumb"},"inLanguage":"fr-FR","potentialAction":[{"@type":"ReadAction","target":["https:\/\/aquagarden-europe.com\/fr\/traitements\/clean-pond-pods-6-pack\/"]}]},{"@type":"ImageObject","inLanguage":"fr-FR","@id":"https:\/\/aquagarden-europe.com\/fr\/traitements\/clean-pond-pods-6-pack\/#primaryimage","url":"https:\/\/aquagarden-europe.com\/wp-content\/uploads\/2024\/02\/65bb623ee468a6.12389301.jpg","contentUrl":"https:\/\/aquagarden-europe.com\/wp-content\/uploads\/2024\/02\/65bb623ee468a6.12389301.jpg","width":1500,"height":1500},{"@type":"BreadcrumbList","@id":"https:\/\/aquagarden-europe.com\/fr\/traitements\/clean-pond-pods-6-pack\/#breadcrumb","itemListElement":[{"@type":"ListItem","position":1,"name":"Home","item":"https:\/\/aquagarden-europe.com\/fr\/"},{"@type":"ListItem","position":2,"name":"Nos produits","item":"https:\/\/aquagarden-europe.com\/fr\/"},{"@type":"ListItem","position":3,"name":"Clean Pond Pods 6 packs"}]},{"@type":"WebSite","@id":"https:\/\/aquagarden-europe.com\/#website","url":"https:\/\/aquagarden-europe.com\/","name":"Aquagarden Europe","description":"","publisher":{"@id":"https:\/\/aquagarden-europe.com\/#organization"},"potentialAction":[{"@type":"SearchAction","target":{"@type":"EntryPoint","urlTemplate":"https:\/\/aquagarden-europe.com\/?s={search_term_string}"},"query-input":{"@type":"PropertyValueSpecification","valueRequired":true,"valueName":"search_term_string"}}],"inLanguage":"fr-FR"},{"@type":"Organization","@id":"https:\/\/aquagarden-europe.com\/#organization","name":"Aquagarden Europe","url":"https:\/\/aquagarden-europe.com\/","logo":{"@type":"ImageObject","inLanguage":"fr-FR","@id":"https:\/\/aquagarden-europe.com\/#\/schema\/logo\/image\/","url":"https:\/\/aquagarden-europe.com\/wp-content\/uploads\/2024\/01\/AquaGarden_Logo-1.svg","contentUrl":"https:\/\/aquagarden-europe.com\/wp-content\/uploads\/2024\/01\/AquaGarden_Logo-1.svg","caption":"Aquagarden Europe"},"image":{"@id":"https:\/\/aquagarden-europe.com\/#\/schema\/logo\/image\/"}}]}},"uagb_featured_image_src":{"full":["https:\/\/aquagarden-europe.com\/wp-content\/uploads\/2024\/02\/65bb623ee468a6.12389301.jpg",1500,1500,false],"thumbnail":["https:\/\/aquagarden-europe.com\/wp-content\/uploads\/2024\/02\/65bb623ee468a6.12389301-150x150.jpg",150,150,true],"medium":["https:\/\/aquagarden-europe.com\/wp-content\/uploads\/2024\/02\/65bb623ee468a6.12389301-300x300.jpg",300,300,true],"medium_large":["https:\/\/aquagarden-europe.com\/wp-content\/uploads\/2024\/02\/65bb623ee468a6.12389301-768x768.jpg",768,768,true],"large":["https:\/\/aquagarden-europe.com\/wp-content\/uploads\/2024\/02\/65bb623ee468a6.12389301-1024x1024.jpg",1024,1024,true],"blz_expanded_feature":["https:\/\/aquagarden-europe.com\/wp-content\/uploads\/2024\/02\/65bb623ee468a6.12389301-275x220.jpg",275,220,true],"gs-tiny":["https:\/\/aquagarden-europe.com\/wp-content\/uploads\/2024\/02\/65bb623ee468a6.12389301.jpg",50,50,false],"xl":["https:\/\/aquagarden-europe.com\/wp-content\/uploads\/2024\/02\/65bb623ee468a6.12389301.jpg",1500,1500,false],"xxl":["https:\/\/aquagarden-europe.com\/wp-content\/uploads\/2024\/02\/65bb623ee468a6.12389301.jpg",1500,1500,false],"xxxl":["https:\/\/aquagarden-europe.com\/wp-content\/uploads\/2024\/02\/65bb623ee468a6.12389301.jpg",1500,1500,false],"xxxxl":["https:\/\/aquagarden-europe.com\/wp-content\/uploads\/2024\/02\/65bb623ee468a6.12389301.jpg",1500,1500,false],"xxxxxl":["https:\/\/aquagarden-europe.com\/wp-content\/uploads\/2024\/02\/65bb623ee468a6.12389301.jpg",1500,1500,false],"1536x1536":["https:\/\/aquagarden-europe.com\/wp-content\/uploads\/2024\/02\/65bb623ee468a6.12389301.jpg",1500,1500,false],"2048x2048":["https:\/\/aquagarden-europe.com\/wp-content\/uploads\/2024\/02\/65bb623ee468a6.12389301.jpg",1500,1500,false],"background_image":["https:\/\/aquagarden-europe.com\/wp-content\/uploads\/2024\/02\/65bb623ee468a6.12389301-800x800.jpg",800,800,true],"woocommerce_thumbnail":["https:\/\/aquagarden-europe.com\/wp-content\/uploads\/2024\/02\/65bb623ee468a6.12389301-358x358.jpg",358,358,true],"woocommerce_single":["https:\/\/aquagarden-europe.com\/wp-content\/uploads\/2024\/02\/65bb623ee468a6.12389301-600x600.jpg",600,600,true],"woocommerce_gallery_thumbnail":["https:\/\/aquagarden-europe.com\/wp-content\/uploads\/2024\/02\/65bb623ee468a6.12389301-100x100.jpg",100,100,true],"shop_catalog":["https:\/\/aquagarden-europe.com\/wp-content\/uploads\/2024\/02\/65bb623ee468a6.12389301-300x300.jpg",300,300,true],"shop_single":["https:\/\/aquagarden-europe.com\/wp-content\/uploads\/2024\/02\/65bb623ee468a6.12389301-600x600.jpg",600,600,true],"shop_thumbnail":["https:\/\/aquagarden-europe.com\/wp-content\/uploads\/2024\/02\/65bb623ee468a6.12389301-100x100.jpg",100,100,true],"page-header":["https:\/\/aquagarden-europe.com\/wp-content\/uploads\/2024\/02\/65bb623ee468a6.12389301-1500x400.jpg",1500,400,true],"page-two-to-one":["https:\/\/aquagarden-europe.com\/wp-content\/uploads\/2024\/02\/65bb623ee468a6.12389301-1500x1024.jpg",1500,1024,true]},"uagb_author_info":{"display_name":"Phil Durston","author_link":"https:\/\/aquagarden-europe.com\/fr\/author\/phil-sera\/"},"uagb_comment_info":0,"uagb_excerpt":"Les dosettes Clean Pond sont un traitement de l&#8217;eau 5 en 1, rapide et facile, qui s&#8217;attaque aux probl\u00e8mes les plus courants des bassins. Ils consomment les boues des bassins, rendent l&#8217;eau du robinet s\u00fbre, favorisent une croissance saine des plantes, r\u00e9duisent le nettoyage des filtres et stabilisent le pH pour des poissons plus sains.&hellip;","featured_img":"https:\/\/aquagarden-europe.com\/wp-content\/uploads\/2024\/02\/65bb623ee468a6.12389301.jpg","coauthors":[],"author_meta":{"author_link":"https:\/\/aquagarden-europe.com\/fr\/author\/phil-sera\/","display_name":"Phil Durston"},"relative_dates":{"created":"Publi\u00e9 2 years il y a","modified":"Mis \u00e0 jour 2 years il y a"},"absolute_dates":{"created":"Publi\u00e9 le 26 January 2024","modified":"Mise \u00e0 jour le 26 January 2024"},"absolute_dates_time":{"created":"Publi\u00e9 le 26 January 2024 3:51 pm","modified":"Mise \u00e0 jour le 26 January 2024 3:51 pm"},"featured_img_caption":"","tax_additional":{"product_brand":{"linked":[],"unlinked":[],"slug":"product_brand","name":"Brands"},"product_type":{"linked":["<a href=\"https:\/\/aquagarden-europe.com\/fr\/?taxonomy=product_type&#038;term=simple\" class=\"advgb-post-tax-term\">simple<\/a>"],"unlinked":["<span class=\"advgb-post-tax-term\">simple<\/span>"],"slug":"product_type","name":"Product type"},"product_visibility":{"linked":[],"unlinked":[],"slug":"product_visibility","name":"Product visibility"},"product_cat":{"linked":["<a href=\"https:\/\/aquagarden-europe.com\/fr\/traitements\/nettoyage-de-letang\/\" class=\"advgb-post-tax-term\">Nettoyage de l&#039;\u00e9tang<\/a>","<a href=\"https:\/\/aquagarden-europe.com\/fr\/traitements\/\" class=\"advgb-post-tax-term\">Traitements<\/a>"],"unlinked":["<span class=\"advgb-post-tax-term\">Nettoyage de l&#039;\u00e9tang<\/span>","<span class=\"advgb-post-tax-term\">Traitements<\/span>"],"slug":"product_cat","name":"Product categories"},"product_tag":{"linked":[],"unlinked":[],"slug":"product_tag","name":"Product tags"},"product_shipping_class":{"linked":[],"unlinked":[],"slug":"product_shipping_class","name":"Product shipping classes"},"pos_product_visibility":{"linked":[],"unlinked":[],"slug":"pos_product_visibility","name":"POS Product visibility"},"translation_priority":{"linked":["<a href=\"https:\/\/aquagarden-europe.com\/fr\/?taxonomy=translation_priority&#038;term=facultatif\" class=\"advgb-post-tax-term\">Facultatif<\/a>"],"unlinked":["<span class=\"advgb-post-tax-term\">Facultatif<\/span>"],"slug":"translation_priority","name":"Priorit\u00e9s de traduction"},"inspiration_category":{"linked":[],"unlinked":[],"slug":"inspiration_category","name":"Inspiration Categories"}},"series_order":"","_links":{"self":[{"href":"https:\/\/aquagarden-europe.com\/fr\/wp-json\/wp\/v2\/product\/28050","targetHints":{"allow":["GET"]}}],"collection":[{"href":"https:\/\/aquagarden-europe.com\/fr\/wp-json\/wp\/v2\/product"}],"about":[{"href":"https:\/\/aquagarden-europe.com\/fr\/wp-json\/wp\/v2\/types\/product"}],"wp:featuredmedia":[{"embeddable":true,"href":"https:\/\/aquagarden-europe.com\/fr\/wp-json\/wp\/v2\/media\/27766"}],"wp:attachment":[{"href":"https:\/\/aquagarden-europe.com\/fr\/wp-json\/wp\/v2\/media?parent=28050"}],"wp:term":[{"taxonomy":"product_brand","embeddable":true,"href":"https:\/\/aquagarden-europe.com\/fr\/wp-json\/wp\/v2\/product_brand?post=28050"},{"taxonomy":"product_cat","embeddable":true,"href":"https:\/\/aquagarden-europe.com\/fr\/wp-json\/wp\/v2\/product_cat?post=28050"},{"taxonomy":"product_tag","embeddable":true,"href":"https:\/\/aquagarden-europe.com\/fr\/wp-json\/wp\/v2\/product_tag?post=28050"},{"taxonomy":"inspiration_category","embeddable":true,"href":"https:\/\/aquagarden-europe.com\/fr\/wp-json\/wp\/v2\/inspiration_category?post=28050"}],"curies":[{"name":"wp","href":"https:\/\/api.w.org\/{rel}","templated":true}]}}