{"id":28001,"date":"2024-01-23T16:27:54","date_gmt":"2024-01-23T16:27:54","guid":{"rendered":"https:\/\/aquagarden-europe.com\/manuels-dinstruction\/"},"modified":"2024-08-16T09:27:00","modified_gmt":"2024-08-16T08:27:00","slug":"manuels-dinstruction","status":"publish","type":"page","link":"https:\/\/aquagarden-europe.com\/fr\/manuels-dinstruction\/","title":{"rendered":"Manuels d&#8217;instruction"},"content":{"rendered":"\n<h2 class=\"wp-block-heading\">Piscine naturelle sans creusage<\/h2>\n\n<div class=\"wp-block-columns is-layout-flex wp-container-core-columns-is-layout-28f84493 wp-block-columns-is-layout-flex\">\n<div class=\"wp-block-column is-layout-flow wp-block-column-is-layout-flow\">\n<section class=\"wp-block-uagb-columns uagb-columns__wrap uagb-columns__background-none uagb-columns__stack-mobile uagb-columns__valign- uagb-columns__gap-10 align uagb-block-89e1cbe0 uagb-columns__columns-4 uagb-columns__max_width-theme\"><div class=\"uagb-columns__overlay\"><\/div><div class=\"uagb-columns__inner-wrap uagb-columns__columns-4\">\n<div class=\"wp-block-uagb-column uagb-column__wrap uagb-column__background-undefined uagb-block-7e75dca8\"><div class=\"uagb-column__overlay\"><\/div>\n<figure class=\"wp-block-image size-medium\"><a href=\"https:\/\/aquagarden-europe.com\/wp-content\/uploads\/2024\/02\/NoDigNaturePoolInastructions.pdf\"><img loading=\"lazy\" decoding=\"async\" width=\"220\" height=\"300\" src=\"https:\/\/aquagarden-europe.com\/wp-content\/uploads\/2024\/02\/NoDigNaturePoolCover-220x300.jpg\" alt=\"\" class=\"wp-image-27971\" srcset=\"https:\/\/aquagarden-europe.com\/wp-content\/uploads\/2024\/02\/NoDigNaturePoolCover-220x300.jpg 220w, https:\/\/aquagarden-europe.com\/wp-content\/uploads\/2024\/02\/NoDigNaturePoolCover.jpg 300w\" sizes=\"auto, (max-width: 220px) 100vw, 220px\" \/><\/a><\/figure>\n\n\n\n<p class=\"has-text-align-left\">No Dig Nature Pool &#8211; Manuel d&#8217;instructions<\/p>\n<\/div>\n\n\n\n<div class=\"wp-block-uagb-column uagb-column__wrap uagb-column__background-undefined uagb-block-5d239452\"><div class=\"uagb-column__overlay\"><\/div><\/div>\n\n\n\n<div class=\"wp-block-uagb-column uagb-column__wrap uagb-column__background-undefined uagb-block-284915b6\"><div class=\"uagb-column__overlay\"><\/div><\/div>\n\n\n\n<div class=\"wp-block-uagb-column uagb-column__wrap uagb-column__background-undefined uagb-block-380c8951\"><div class=\"uagb-column__overlay\"><\/div><\/div>\n<\/div><\/section>\n\n\n\n<h2 class=\"wp-block-heading\">Fen\u00eatre sur\u00e9lev\u00e9e Pond<\/h2>\n\n\n\n<section class=\"wp-block-uagb-columns uagb-columns__wrap uagb-columns__background-none uagb-columns__stack-mobile uagb-columns__valign- uagb-columns__gap-10 align uagb-block-f62b1bf6 uagb-columns__columns-4 uagb-columns__max_width-theme\"><div class=\"uagb-columns__overlay\"><\/div><div class=\"uagb-columns__inner-wrap uagb-columns__columns-4\">\n<div class=\"wp-block-uagb-column uagb-column__wrap uagb-column__background-undefined uagb-block-1b896729\"><div class=\"uagb-column__overlay\"><\/div>\n<figure class=\"wp-block-image size-full\"><a href=\"https:\/\/aquagarden-europe.com\/wp-content\/uploads\/2024\/02\/Aquagarden-HALF-MOON-Window-Pond-Instructions_EN_DE_FR_JAN22_UPDATE_PATHS-cropped.pdf\"><img loading=\"lazy\" decoding=\"async\" width=\"220\" height=\"300\" src=\"https:\/\/aquagarden-europe.com\/wp-content\/uploads\/2024\/01\/MochaHalfMoonInstructionsCover-220x300-1.jpg\" alt=\"\" class=\"wp-image-27030\"\/><\/a><\/figure>\n\n\n\n<p>\u00c9tang \u00e0 fen\u00eatre sur\u00e9lev\u00e9e Half Moon Mocha &#8211; Mode d&#8217;emploi<\/p>\n<\/div>\n\n\n\n<div class=\"wp-block-uagb-column uagb-column__wrap uagb-column__background-undefined uagb-block-8a001697\"><div class=\"uagb-column__overlay\"><\/div>\n<figure class=\"wp-block-image size-full\"><a href=\"https:\/\/aquagarden-europe.com\/wp-content\/uploads\/2024\/02\/Aquagarden-OCTAGON-Window-Pond-Instructions_EN_DE_FR_JAN22_UPDATE_PATHS-cropped.pdf\"><img loading=\"lazy\" decoding=\"async\" width=\"220\" height=\"300\" src=\"https:\/\/aquagarden-europe.com\/wp-content\/uploads\/2024\/01\/MochaOctagonInstructionsCover-220x300-1.jpg\" alt=\"\" class=\"wp-image-27033\"\/><\/a><\/figure>\n\n\n\n<p>\u00c9tang \u00e0 fen\u00eatre sur\u00e9lev\u00e9e Octagon Moka &#8211; Mode d&#8217;emploi<\/p>\n<\/div>\n\n\n\n<div class=\"wp-block-uagb-column uagb-column__wrap uagb-column__background-undefined uagb-block-93969a66\"><div class=\"uagb-column__overlay\"><\/div>\n<figure class=\"wp-block-image size-full\"><a href=\"https:\/\/aquagarden-europe.com\/wp-content\/uploads\/2024\/02\/Aquagarden-CORNER-Window-Pond-Instructions_EN_DE_FR_JAN22_PATHS-cropped.pdf\"><img loading=\"lazy\" decoding=\"async\" width=\"220\" height=\"300\" src=\"https:\/\/aquagarden-europe.com\/wp-content\/uploads\/2024\/01\/MochaCornerInstructionsCover-220x300-1.jpg\" alt=\"\" class=\"wp-image-27036\"\/><\/a><\/figure>\n\n\n\n<p>Fen\u00eatre sur\u00e9lev\u00e9e Pool Corner Moka &#8211; Mode d&#8217;emploi<\/p>\n<\/div>\n\n\n\n<div class=\"wp-block-uagb-column uagb-column__wrap uagb-column__background-undefined uagb-block-cfae3937\"><div class=\"uagb-column__overlay\"><\/div><\/div>\n<\/div><\/section>\n\n\n\n<h2 class=\"wp-block-heading\">Inpond 5in1\/6in1<\/h2>\n\n\n\n<section class=\"wp-block-uagb-columns uagb-columns__wrap uagb-columns__background-none uagb-columns__stack-mobile uagb-columns__valign- uagb-columns__gap-10 align uagb-block-52ef2691 uagb-columns__columns-4 uagb-columns__max_width-theme\"><div class=\"uagb-columns__overlay\"><\/div><div class=\"uagb-columns__inner-wrap uagb-columns__columns-4\">\n<div class=\"wp-block-uagb-column uagb-column__wrap uagb-column__background-undefined uagb-block-a72e8e53\"><div class=\"uagb-column__overlay\"><\/div>\n<figure class=\"wp-block-image size-full\"><a href=\"https:\/\/aquagarden-europe.com\/wp-content\/uploads\/2024\/02\/AquaGarden-Inpond-Instructions-AW-cropped.pdf\"><img loading=\"lazy\" decoding=\"async\" width=\"300\" height=\"400\" src=\"https:\/\/aquagarden-europe.com\/wp-content\/uploads\/2024\/01\/InpondInstructions3-300x400-1.png\" alt=\"\" class=\"wp-image-27043\" srcset=\"https:\/\/aquagarden-europe.com\/wp-content\/uploads\/2024\/01\/InpondInstructions3-300x400-1.png 300w, https:\/\/aquagarden-europe.com\/wp-content\/uploads\/2024\/01\/InpondInstructions3-300x400-1-225x300.png 225w\" sizes=\"auto, (max-width: 300px) 100vw, 300px\" \/><\/a><\/figure>\n\n\n\n<p>Inpond 5in1\/6in1 &#8211; Manuel d&#8217;utilisation<\/p>\n<\/div>\n\n\n\n<div class=\"wp-block-uagb-column uagb-column__wrap uagb-column__background-undefined uagb-block-42dc0d69\"><div class=\"uagb-column__overlay\"><\/div><\/div>\n\n\n\n<div class=\"wp-block-uagb-column uagb-column__wrap uagb-column__background-undefined uagb-block-fbccc0be\"><div class=\"uagb-column__overlay\"><\/div><\/div>\n\n\n\n<div class=\"wp-block-uagb-column uagb-column__wrap uagb-column__background-undefined uagb-block-5ee2e52a\"><div class=\"uagb-column__overlay\"><\/div><\/div>\n<\/div><\/section>\n\n\n\n<h2 class=\"wp-block-heading\">Machine \u00e0 nettoyer les \u00e9tangs<\/h2>\n\n\n\n<section class=\"wp-block-uagb-columns uagb-columns__wrap uagb-columns__background-none uagb-columns__stack-mobile uagb-columns__valign- uagb-columns__gap-10 align uagb-block-133998d4 uagb-columns__columns-4 uagb-columns__max_width-theme\"><div class=\"uagb-columns__overlay\"><\/div><div class=\"uagb-columns__inner-wrap uagb-columns__columns-4\">\n<div class=\"wp-block-uagb-column uagb-column__wrap uagb-column__background-undefined uagb-block-6ab34b04\"><div class=\"uagb-column__overlay\"><\/div>\n<figure class=\"wp-block-image size-full\"><a href=\"https:\/\/aquagarden-europe.com\/wp-content\/uploads\/2024\/02\/Aquagarden-Energy-Saver-Pond-Pump-Instructions_EN_DE_FR-TRANSLATED-hi-res-FINAL-ap-20.12.2021-1.pdf\"><img loading=\"lazy\" decoding=\"async\" width=\"220\" height=\"300\" src=\"https:\/\/aquagarden-europe.com\/wp-content\/uploads\/2024\/01\/CleanPondMachineInstructionsCover-220x300-1.jpg\" alt=\"\" class=\"wp-image-27049\"\/><\/a><\/figure>\n\n\n\n<p>Clean Pond Machine &#8211; Manuel d&#8217;instruction<\/p>\n<\/div>\n\n\n\n<div class=\"wp-block-uagb-column uagb-column__wrap uagb-column__background-undefined uagb-block-1cbba11c\"><div class=\"uagb-column__overlay\"><\/div><\/div>\n\n\n\n<div class=\"wp-block-uagb-column uagb-column__wrap uagb-column__background-undefined uagb-block-3833e46e\"><div class=\"uagb-column__overlay\"><\/div><\/div>\n\n\n\n<div class=\"wp-block-uagb-column uagb-column__wrap uagb-column__background-undefined uagb-block-50c072cb\"><div class=\"uagb-column__overlay\"><\/div><\/div>\n<\/div><\/section>\n\n\n\n<h2 class=\"wp-block-heading\">Pompes de bassin \u00e9conomes en \u00e9nergie<\/h2>\n\n\n\n<section class=\"wp-block-uagb-columns uagb-columns__wrap uagb-columns__background-none uagb-columns__stack-mobile uagb-columns__valign- uagb-columns__gap-10 align uagb-block-398b1947 uagb-columns__columns-4 uagb-columns__max_width-theme\"><div class=\"uagb-columns__overlay\"><\/div><div class=\"uagb-columns__inner-wrap uagb-columns__columns-4\">\n<div class=\"wp-block-uagb-column uagb-column__wrap uagb-column__background-undefined uagb-block-3f3270d9\"><div class=\"uagb-column__overlay\"><\/div>\n<figure class=\"wp-block-image size-full\"><a href=\"https:\/\/aquagarden-europe.com\/wp-content\/uploads\/2024\/02\/Aquagarden-Energy-Saver-Pond-Pump-Instructions_EN_DE_FR-TRANSLATED-hi-res-FINAL-ap-20.12.2021.pdf\"><img loading=\"lazy\" decoding=\"async\" width=\"300\" height=\"409\" src=\"https:\/\/aquagarden-europe.com\/wp-content\/uploads\/2024\/02\/EnerySaverPumpInstructionsCover.jpg\" alt=\"\" class=\"wp-image-27880\" srcset=\"https:\/\/aquagarden-europe.com\/wp-content\/uploads\/2024\/02\/EnerySaverPumpInstructionsCover.jpg 300w, https:\/\/aquagarden-europe.com\/wp-content\/uploads\/2024\/02\/EnerySaverPumpInstructionsCover-220x300.jpg 220w\" sizes=\"auto, (max-width: 300px) 100vw, 300px\" \/><\/a><\/figure>\n\n\n\n<p>Pompes d&#8217;\u00e9tang \u00e0 \u00e9conomie d&#8217;\u00e9nergie &#8211; Manuel d&#8217;instructions<\/p>\n<\/div>\n\n\n\n<div class=\"wp-block-uagb-column uagb-column__wrap uagb-column__background-undefined uagb-block-04b1024b\"><div class=\"uagb-column__overlay\"><\/div><\/div>\n\n\n\n<div class=\"wp-block-uagb-column uagb-column__wrap uagb-column__background-undefined uagb-block-4acd718f\"><div class=\"uagb-column__overlay\"><\/div><\/div>\n\n\n\n<div class=\"wp-block-uagb-column uagb-column__wrap uagb-column__background-undefined uagb-block-601240a3\"><div class=\"uagb-column__overlay\"><\/div><\/div>\n<\/div><\/section>\n<\/div>\n<\/div>\n","protected":false},"excerpt":{"rendered":"<p>Piscine naturelle sans creusage No Dig Nature Pool &#8211; Manuel d&#8217;instructions Fen\u00eatre sur\u00e9lev\u00e9e Pond \u00c9tang \u00e0 fen\u00eatre sur\u00e9lev\u00e9e Half Moon Mocha &#8211; Mode d&#8217;emploi \u00c9tang \u00e0 fen\u00eatre sur\u00e9lev\u00e9e Octagon Moka &#8211; Mode d&#8217;emploi Fen\u00eatre sur\u00e9lev\u00e9e Pool Corner Moka &#8211; Mode d&#8217;emploi Inpond 5in1\/6in1 Inpond 5in1\/6in1 &#8211; Manuel d&#8217;utilisation Machine \u00e0 nettoyer les \u00e9tangs Clean Pond [&hellip;]<\/p>\n","protected":false},"author":6,"featured_media":0,"parent":0,"menu_order":0,"comment_status":"closed","ping_status":"closed","template":"","meta":{"_acf_changed":false,"_relevanssi_hide_post":"","_relevanssi_hide_content":"","_relevanssi_pin_for_all":"","_relevanssi_pin_keywords":"","_relevanssi_unpin_keywords":"","_relevanssi_related_keywords":"","_relevanssi_related_include_ids":"","_relevanssi_related_exclude_ids":"","_relevanssi_related_no_append":"","_relevanssi_related_not_related":"","_relevanssi_related_posts":"","_relevanssi_noindex_reason":"","_uag_custom_page_level_css":"","advgb_blocks_editor_width":"","advgb_blocks_columns_visual_guide":"","site-sidebar-layout":"default","site-content-layout":"","ast-site-content-layout":"default","site-content-style":"default","site-sidebar-style":"default","ast-global-header-display":"","ast-banner-title-visibility":"","ast-main-header-display":"","ast-hfb-above-header-display":"","ast-hfb-below-header-display":"","ast-hfb-mobile-header-display":"","site-post-title":"disabled","ast-breadcrumbs-content":"","ast-featured-img":"","footer-sml-layout":"","ast-disable-related-posts":"","theme-transparent-header-meta":"","adv-header-id-meta":"","stick-header-meta":"","header-above-stick-meta":"","header-main-stick-meta":"","header-below-stick-meta":"","astra-migrate-meta-layouts":"default","ast-page-background-enabled":"default","ast-page-background-meta":{"desktop":{"background-color":"","background-image":"","background-repeat":"repeat","background-position":"center center","background-size":"auto","background-attachment":"scroll","background-type":"","background-media":"","overlay-type":"","overlay-color":"","overlay-opacity":"","overlay-gradient":""},"tablet":{"background-color":"","background-image":"","background-repeat":"repeat","background-position":"center center","background-size":"auto","background-attachment":"scroll","background-type":"","background-media":"","overlay-type":"","overlay-color":"","overlay-opacity":"","overlay-gradient":""},"mobile":{"background-color":"","background-image":"","background-repeat":"repeat","background-position":"center center","background-size":"auto","background-attachment":"scroll","background-type":"","background-media":"","overlay-type":"","overlay-color":"","overlay-opacity":"","overlay-gradient":""}},"ast-content-background-meta":{"desktop":{"background-color":"var(--ast-global-color-5)","background-image":"","background-repeat":"repeat","background-position":"center center","background-size":"auto","background-attachment":"scroll","background-type":"","background-media":"","overlay-type":"","overlay-color":"","overlay-opacity":"","overlay-gradient":""},"tablet":{"background-color":"var(--ast-global-color-5)","background-image":"","background-repeat":"repeat","background-position":"center center","background-size":"auto","background-attachment":"scroll","background-type":"","background-media":"","overlay-type":"","overlay-color":"","overlay-opacity":"","overlay-gradient":""},"mobile":{"background-color":"var(--ast-global-color-5)","background-image":"","background-repeat":"repeat","background-position":"center center","background-size":"auto","background-attachment":"scroll","background-type":"","background-media":"","overlay-type":"","overlay-color":"","overlay-opacity":"","overlay-gradient":""}},"footnotes":""},"class_list":["ranking_","post-28001","page","type-page","status-publish","hentry"],"acf":[],"yoast_head":"<!-- This site is optimized with the Yoast SEO plugin v27.2 - https:\/\/yoast.com\/product\/yoast-seo-wordpress\/ -->\n<title>Manuels d&#039;instruction - Aquagarden Europe<\/title>\n<meta name=\"robots\" content=\"index, follow, max-snippet:-1, max-image-preview:large, max-video-preview:-1\" \/>\n<link rel=\"canonical\" href=\"https:\/\/aquagarden-europe.com\/fr\/manuels-dinstruction\/\" \/>\n<meta property=\"og:locale\" content=\"fr_FR\" \/>\n<meta property=\"og:type\" content=\"article\" \/>\n<meta property=\"og:title\" content=\"Manuels d&#039;instruction - Aquagarden Europe\" \/>\n<meta property=\"og:description\" content=\"Piscine naturelle sans creusage No Dig Nature Pool &#8211; Manuel d&#8217;instructions Fen\u00eatre sur\u00e9lev\u00e9e Pond \u00c9tang \u00e0 fen\u00eatre sur\u00e9lev\u00e9e Half Moon Mocha &#8211; Mode d&#8217;emploi \u00c9tang \u00e0 fen\u00eatre sur\u00e9lev\u00e9e Octagon Moka &#8211; Mode d&#8217;emploi Fen\u00eatre sur\u00e9lev\u00e9e Pool Corner Moka &#8211; Mode d&#8217;emploi Inpond 5in1\/6in1 Inpond 5in1\/6in1 &#8211; Manuel d&#8217;utilisation Machine \u00e0 nettoyer les \u00e9tangs Clean Pond [&hellip;]\" \/>\n<meta property=\"og:url\" content=\"https:\/\/aquagarden-europe.com\/fr\/manuels-dinstruction\/\" \/>\n<meta property=\"og:site_name\" content=\"Aquagarden Europe\" \/>\n<meta property=\"article:modified_time\" content=\"2024-08-16T08:27:00+00:00\" \/>\n<meta property=\"og:image\" content=\"https:\/\/aquagarden-europe.com\/wp-content\/uploads\/2024\/02\/NoDigNaturePoolCover-220x300.jpg\" \/>\n<meta name=\"twitter:card\" content=\"summary_large_image\" \/>\n<script type=\"application\/ld+json\" class=\"yoast-schema-graph\">{\"@context\":\"https:\/\/schema.org\",\"@graph\":[{\"@type\":\"WebPage\",\"@id\":\"https:\/\/aquagarden-europe.com\/fr\/manuels-dinstruction\/\",\"url\":\"https:\/\/aquagarden-europe.com\/fr\/manuels-dinstruction\/\",\"name\":\"Manuels d'instruction - Aquagarden Europe\",\"isPartOf\":{\"@id\":\"https:\/\/aquagarden-europe.com\/#website\"},\"primaryImageOfPage\":{\"@id\":\"https:\/\/aquagarden-europe.com\/fr\/manuels-dinstruction\/#primaryimage\"},\"image\":{\"@id\":\"https:\/\/aquagarden-europe.com\/fr\/manuels-dinstruction\/#primaryimage\"},\"thumbnailUrl\":\"https:\/\/aquagarden-europe.com\/wp-content\/uploads\/2024\/02\/NoDigNaturePoolCover-220x300.jpg\",\"datePublished\":\"2024-01-23T16:27:54+00:00\",\"dateModified\":\"2024-08-16T08:27:00+00:00\",\"breadcrumb\":{\"@id\":\"https:\/\/aquagarden-europe.com\/fr\/manuels-dinstruction\/#breadcrumb\"},\"inLanguage\":\"fr-FR\",\"potentialAction\":[{\"@type\":\"ReadAction\",\"target\":[\"https:\/\/aquagarden-europe.com\/fr\/manuels-dinstruction\/\"]}]},{\"@type\":\"ImageObject\",\"inLanguage\":\"fr-FR\",\"@id\":\"https:\/\/aquagarden-europe.com\/fr\/manuels-dinstruction\/#primaryimage\",\"url\":\"https:\/\/aquagarden-europe.com\/wp-content\/uploads\/2024\/02\/NoDigNaturePoolCover-220x300.jpg\",\"contentUrl\":\"https:\/\/aquagarden-europe.com\/wp-content\/uploads\/2024\/02\/NoDigNaturePoolCover-220x300.jpg\"},{\"@type\":\"BreadcrumbList\",\"@id\":\"https:\/\/aquagarden-europe.com\/fr\/manuels-dinstruction\/#breadcrumb\",\"itemListElement\":[{\"@type\":\"ListItem\",\"position\":1,\"name\":\"Home\",\"item\":\"https:\/\/aquagarden-europe.com\/fr\/\"},{\"@type\":\"ListItem\",\"position\":2,\"name\":\"Manuels d&#8217;instruction\"}]},{\"@type\":\"WebSite\",\"@id\":\"https:\/\/aquagarden-europe.com\/#website\",\"url\":\"https:\/\/aquagarden-europe.com\/\",\"name\":\"Aquagarden Europe\",\"description\":\"\",\"publisher\":{\"@id\":\"https:\/\/aquagarden-europe.com\/#organization\"},\"potentialAction\":[{\"@type\":\"SearchAction\",\"target\":{\"@type\":\"EntryPoint\",\"urlTemplate\":\"https:\/\/aquagarden-europe.com\/?s={search_term_string}\"},\"query-input\":{\"@type\":\"PropertyValueSpecification\",\"valueRequired\":true,\"valueName\":\"search_term_string\"}}],\"inLanguage\":\"fr-FR\"},{\"@type\":\"Organization\",\"@id\":\"https:\/\/aquagarden-europe.com\/#organization\",\"name\":\"Aquagarden Europe\",\"url\":\"https:\/\/aquagarden-europe.com\/\",\"logo\":{\"@type\":\"ImageObject\",\"inLanguage\":\"fr-FR\",\"@id\":\"https:\/\/aquagarden-europe.com\/#\/schema\/logo\/image\/\",\"url\":\"https:\/\/aquagarden-europe.com\/wp-content\/uploads\/2024\/01\/AquaGarden_Logo-1.svg\",\"contentUrl\":\"https:\/\/aquagarden-europe.com\/wp-content\/uploads\/2024\/01\/AquaGarden_Logo-1.svg\",\"caption\":\"Aquagarden Europe\"},\"image\":{\"@id\":\"https:\/\/aquagarden-europe.com\/#\/schema\/logo\/image\/\"}}]}<\/script>\n<!-- \/ Yoast SEO plugin. -->","yoast_head_json":{"title":"Manuels d'instruction - Aquagarden Europe","robots":{"index":"index","follow":"follow","max-snippet":"max-snippet:-1","max-image-preview":"max-image-preview:large","max-video-preview":"max-video-preview:-1"},"canonical":"https:\/\/aquagarden-europe.com\/fr\/manuels-dinstruction\/","og_locale":"fr_FR","og_type":"article","og_title":"Manuels d'instruction - Aquagarden Europe","og_description":"Piscine naturelle sans creusage No Dig Nature Pool &#8211; Manuel d&#8217;instructions Fen\u00eatre sur\u00e9lev\u00e9e Pond \u00c9tang \u00e0 fen\u00eatre sur\u00e9lev\u00e9e Half Moon Mocha &#8211; Mode d&#8217;emploi \u00c9tang \u00e0 fen\u00eatre sur\u00e9lev\u00e9e Octagon Moka &#8211; Mode d&#8217;emploi Fen\u00eatre sur\u00e9lev\u00e9e Pool Corner Moka &#8211; Mode d&#8217;emploi Inpond 5in1\/6in1 Inpond 5in1\/6in1 &#8211; Manuel d&#8217;utilisation Machine \u00e0 nettoyer les \u00e9tangs Clean Pond [&hellip;]","og_url":"https:\/\/aquagarden-europe.com\/fr\/manuels-dinstruction\/","og_site_name":"Aquagarden Europe","article_modified_time":"2024-08-16T08:27:00+00:00","og_image":[{"url":"https:\/\/aquagarden-europe.com\/wp-content\/uploads\/2024\/02\/NoDigNaturePoolCover-220x300.jpg","type":"","width":"","height":""}],"twitter_card":"summary_large_image","schema":{"@context":"https:\/\/schema.org","@graph":[{"@type":"WebPage","@id":"https:\/\/aquagarden-europe.com\/fr\/manuels-dinstruction\/","url":"https:\/\/aquagarden-europe.com\/fr\/manuels-dinstruction\/","name":"Manuels d'instruction - Aquagarden Europe","isPartOf":{"@id":"https:\/\/aquagarden-europe.com\/#website"},"primaryImageOfPage":{"@id":"https:\/\/aquagarden-europe.com\/fr\/manuels-dinstruction\/#primaryimage"},"image":{"@id":"https:\/\/aquagarden-europe.com\/fr\/manuels-dinstruction\/#primaryimage"},"thumbnailUrl":"https:\/\/aquagarden-europe.com\/wp-content\/uploads\/2024\/02\/NoDigNaturePoolCover-220x300.jpg","datePublished":"2024-01-23T16:27:54+00:00","dateModified":"2024-08-16T08:27:00+00:00","breadcrumb":{"@id":"https:\/\/aquagarden-europe.com\/fr\/manuels-dinstruction\/#breadcrumb"},"inLanguage":"fr-FR","potentialAction":[{"@type":"ReadAction","target":["https:\/\/aquagarden-europe.com\/fr\/manuels-dinstruction\/"]}]},{"@type":"ImageObject","inLanguage":"fr-FR","@id":"https:\/\/aquagarden-europe.com\/fr\/manuels-dinstruction\/#primaryimage","url":"https:\/\/aquagarden-europe.com\/wp-content\/uploads\/2024\/02\/NoDigNaturePoolCover-220x300.jpg","contentUrl":"https:\/\/aquagarden-europe.com\/wp-content\/uploads\/2024\/02\/NoDigNaturePoolCover-220x300.jpg"},{"@type":"BreadcrumbList","@id":"https:\/\/aquagarden-europe.com\/fr\/manuels-dinstruction\/#breadcrumb","itemListElement":[{"@type":"ListItem","position":1,"name":"Home","item":"https:\/\/aquagarden-europe.com\/fr\/"},{"@type":"ListItem","position":2,"name":"Manuels d&#8217;instruction"}]},{"@type":"WebSite","@id":"https:\/\/aquagarden-europe.com\/#website","url":"https:\/\/aquagarden-europe.com\/","name":"Aquagarden Europe","description":"","publisher":{"@id":"https:\/\/aquagarden-europe.com\/#organization"},"potentialAction":[{"@type":"SearchAction","target":{"@type":"EntryPoint","urlTemplate":"https:\/\/aquagarden-europe.com\/?s={search_term_string}"},"query-input":{"@type":"PropertyValueSpecification","valueRequired":true,"valueName":"search_term_string"}}],"inLanguage":"fr-FR"},{"@type":"Organization","@id":"https:\/\/aquagarden-europe.com\/#organization","name":"Aquagarden Europe","url":"https:\/\/aquagarden-europe.com\/","logo":{"@type":"ImageObject","inLanguage":"fr-FR","@id":"https:\/\/aquagarden-europe.com\/#\/schema\/logo\/image\/","url":"https:\/\/aquagarden-europe.com\/wp-content\/uploads\/2024\/01\/AquaGarden_Logo-1.svg","contentUrl":"https:\/\/aquagarden-europe.com\/wp-content\/uploads\/2024\/01\/AquaGarden_Logo-1.svg","caption":"Aquagarden Europe"},"image":{"@id":"https:\/\/aquagarden-europe.com\/#\/schema\/logo\/image\/"}}]}},"uagb_featured_image_src":{"full":false,"thumbnail":false,"medium":false,"medium_large":false,"large":false,"blz_expanded_feature":false,"gs-tiny":false,"xl":false,"xxl":false,"xxxl":false,"xxxxl":false,"xxxxxl":false,"1536x1536":false,"2048x2048":false,"background_image":false,"woocommerce_thumbnail":false,"woocommerce_single":false,"woocommerce_gallery_thumbnail":false,"shop_catalog":false,"shop_single":false,"shop_thumbnail":false,"page-header":false,"page-two-to-one":false},"uagb_author_info":{"display_name":"Phil Durston","author_link":"https:\/\/aquagarden-europe.com\/fr\/author\/phil-sera\/"},"uagb_comment_info":0,"uagb_excerpt":"Piscine naturelle sans creusage No Dig Nature Pool &#8211; Manuel d&#8217;instructions Fen\u00eatre sur\u00e9lev\u00e9e Pond \u00c9tang \u00e0 fen\u00eatre sur\u00e9lev\u00e9e Half Moon Mocha &#8211; Mode d&#8217;emploi \u00c9tang \u00e0 fen\u00eatre sur\u00e9lev\u00e9e Octagon Moka &#8211; Mode d&#8217;emploi Fen\u00eatre sur\u00e9lev\u00e9e Pool Corner Moka &#8211; Mode d&#8217;emploi Inpond 5in1\/6in1 Inpond 5in1\/6in1 &#8211; Manuel d&#8217;utilisation Machine \u00e0 nettoyer les \u00e9tangs Clean Pond&hellip;","coauthors":[],"author_meta":{"author_link":"https:\/\/aquagarden-europe.com\/fr\/author\/phil-sera\/","display_name":"Phil Durston"},"relative_dates":{"created":"Publi\u00e9 2 years il y a","modified":"Mis \u00e0 jour 2 years il y a"},"absolute_dates":{"created":"Publi\u00e9 le 23 January 2024","modified":"Mise \u00e0 jour le 16 August 2024"},"absolute_dates_time":{"created":"Publi\u00e9 le 23 January 2024 4:27 pm","modified":"Mise \u00e0 jour le 16 August 2024 9:27 am"},"featured_img_caption":"","featured_img":false,"series_order":"","_links":{"self":[{"href":"https:\/\/aquagarden-europe.com\/fr\/wp-json\/wp\/v2\/pages\/28001","targetHints":{"allow":["GET"]}}],"collection":[{"href":"https:\/\/aquagarden-europe.com\/fr\/wp-json\/wp\/v2\/pages"}],"about":[{"href":"https:\/\/aquagarden-europe.com\/fr\/wp-json\/wp\/v2\/types\/page"}],"author":[{"embeddable":true,"href":"https:\/\/aquagarden-europe.com\/fr\/wp-json\/wp\/v2\/users\/6"}],"replies":[{"embeddable":true,"href":"https:\/\/aquagarden-europe.com\/fr\/wp-json\/wp\/v2\/comments?post=28001"}],"version-history":[{"count":3,"href":"https:\/\/aquagarden-europe.com\/fr\/wp-json\/wp\/v2\/pages\/28001\/revisions"}],"predecessor-version":[{"id":28018,"href":"https:\/\/aquagarden-europe.com\/fr\/wp-json\/wp\/v2\/pages\/28001\/revisions\/28018"}],"wp:attachment":[{"href":"https:\/\/aquagarden-europe.com\/fr\/wp-json\/wp\/v2\/media?parent=28001"}],"curies":[{"name":"wp","href":"https:\/\/api.w.org\/{rel}","templated":true}]}}