{"id":21046,"date":"2022-01-25T16:02:41","date_gmt":"2022-01-25T16:02:41","guid":{"rendered":"https:\/\/petlove-europe.com\/ou-acheter\/en-ligne\/"},"modified":"2023-07-27T09:30:49","modified_gmt":"2023-07-27T08:30:49","slug":"en-ligne","status":"publish","type":"page","link":"https:\/\/aquagarden-europe.com\/fr\/ou-acheter\/en-ligne\/","title":{"rendered":"En ligne"},"content":{"rendered":"\n<figure class=\"wp-block-image size-full\"><img loading=\"lazy\" decoding=\"async\" width=\"1280\" height=\"346\" src=\"https:\/\/aquagarden-europe.com\/wp-content\/uploads\/2023\/05\/9.png\" alt=\"D&#xE9;taillants en ligne\" class=\"wp-image-19766\" srcset=\"https:\/\/aquagarden-europe.com\/wp-content\/uploads\/2023\/05\/9.png 1280w, https:\/\/aquagarden-europe.com\/wp-content\/uploads\/2023\/05\/9-300x81.png 300w, https:\/\/aquagarden-europe.com\/wp-content\/uploads\/2023\/05\/9-1024x277.png 1024w, https:\/\/aquagarden-europe.com\/wp-content\/uploads\/2023\/05\/9-768x208.png 768w, https:\/\/aquagarden-europe.com\/wp-content\/uploads\/2023\/05\/9-358x97.png 358w, https:\/\/aquagarden-europe.com\/wp-content\/uploads\/2023\/05\/9-600x162.png 600w\" sizes=\"auto, (max-width: 1280px) 100vw, 1280px\" \/><\/figure>\n\n<section class=\"wp-block-uagb-columns uagb-columns__wrap uagb-columns__background-color uagb-columns__stack-mobile uagb-columns__valign- uagb-columns__gap-10 align uagb-block-ecde73b9 uagb-columns__columns-1 uagb-columns__max_width-theme uag-hide-desktop uag-hide-tab uag-hide-mob advgb-block-ecde73b9\"><div class=\"uagb-columns__overlay\"><\/div><div class=\"uagb-columns__inner-wrap uagb-columns__columns-1\">\n<div class=\"wp-block-uagb-column uagb-column__wrap uagb-column__background-undefined uagb-block-819eee13 advgb-block-819eee13\"><div class=\"uagb-column__overlay\"><\/div>\n<h1 class=\"has-text-align-center has-ast-global-color-5-color has-text-color wp-block-heading\" style=\"font-size:60px\">D\u00e9taillants en ligne<\/h1>\n<\/div>\n<\/div><\/section>\n\n<div class=\"wp-block-columns is-layout-flex wp-container-core-columns-is-layout-28f84493 wp-block-columns-is-layout-flex\">\n<div class=\"wp-block-column is-layout-flow wp-block-column-is-layout-flow\"><\/div>\n\n\n\n<div class=\"wp-block-column is-layout-flow wp-block-column-is-layout-flow\">\n<figure class=\"wp-block-image aligncenter size-large is-resized\"><a href=\"https:\/\/www.amazon.co.uk\/stores\/PetLove\/page\/EBBB9B4E-90A3-4031-9383-914AD940CB4F?ref_=ast_bln\" target=\"_blank\" rel=\"noreferrer noopener\"><img loading=\"lazy\" decoding=\"async\" src=\"https:\/\/aquagarden-europe.com\/wp-content\/uploads\/2023\/03\/available_at_amazon_US_EN_logo_stacked_RGB_SQUID-1024x494.png\" alt=\"\" class=\"wp-image-18339\" width=\"165\" height=\"80\" srcset=\"https:\/\/aquagarden-europe.com\/wp-content\/uploads\/2023\/03\/available_at_amazon_US_EN_logo_stacked_RGB_SQUID-1024x494.png 1024w, https:\/\/aquagarden-europe.com\/wp-content\/uploads\/2023\/03\/available_at_amazon_US_EN_logo_stacked_RGB_SQUID-300x145.png 300w, https:\/\/aquagarden-europe.com\/wp-content\/uploads\/2023\/03\/available_at_amazon_US_EN_logo_stacked_RGB_SQUID-768x370.png 768w, https:\/\/aquagarden-europe.com\/wp-content\/uploads\/2023\/03\/available_at_amazon_US_EN_logo_stacked_RGB_SQUID-358x173.png 358w, https:\/\/aquagarden-europe.com\/wp-content\/uploads\/2023\/03\/available_at_amazon_US_EN_logo_stacked_RGB_SQUID-600x289.png 600w, https:\/\/aquagarden-europe.com\/wp-content\/uploads\/2023\/03\/available_at_amazon_US_EN_logo_stacked_RGB_SQUID.png 1500w\" sizes=\"auto, (max-width: 165px) 100vw, 165px\" \/><\/a><figcaption class=\"wp-element-caption\"><a href=\"https:\/\/www.amazon.co.uk\/stores\/PetLove\/page\/EBBB9B4E-90A3-4031-9383-914AD940CB4F?ref_=ast_bln\" target=\"_blank\" rel=\"noreferrer noopener\">Amazon.co.uk<\/a><\/figcaption><\/figure>\n<\/div>\n\n\n\n<div class=\"wp-block-column is-vertically-aligned-center is-layout-flow wp-block-column-is-layout-flow\">\n<figure class=\"wp-block-image aligncenter size-full is-resized\"><a href=\"https:\/\/www.therange.co.uk\/search?qb=Pet%20Love#sort=relevance&amp;page=1&amp;lpp=24\" target=\"_blank\" rel=\"noreferrer noopener\"><img loading=\"lazy\" decoding=\"async\" src=\"https:\/\/aquagarden-europe.com\/wp-content\/uploads\/2023\/05\/THERANGE.png\" alt=\"\" class=\"wp-image-19658\" width=\"213\" height=\"56\"\/><\/a><figcaption class=\"wp-element-caption\"><a href=\"https:\/\/www.therange.co.uk\/search?qb=Pet%20Love#sort=relevance&amp;page=1&amp;lpp=24\" target=\"_blank\" rel=\"noreferrer noopener\">therange.co.uk<\/a><\/figcaption><\/figure>\n<\/div>\n\n\n\n<div class=\"wp-block-column is-layout-flow wp-block-column-is-layout-flow\"><\/div>\n<\/div>\n\n<div class=\"wp-block-columns is-layout-flex wp-container-core-columns-is-layout-28f84493 wp-block-columns-is-layout-flex\">\n<div class=\"wp-block-column is-layout-flow wp-block-column-is-layout-flow\"><\/div>\n<\/div>\n","protected":false},"excerpt":{"rendered":"<p>D\u00e9taillants en ligne<\/p>\n","protected":false},"author":6,"featured_media":0,"parent":21005,"menu_order":0,"comment_status":"closed","ping_status":"closed","template":"","meta":{"_acf_changed":false,"_relevanssi_hide_post":"","_relevanssi_hide_content":"","_relevanssi_pin_for_all":"","_relevanssi_pin_keywords":"","_relevanssi_unpin_keywords":"","_relevanssi_related_keywords":"","_relevanssi_related_include_ids":"","_relevanssi_related_exclude_ids":"","_relevanssi_related_no_append":"","_relevanssi_related_not_related":"","_relevanssi_related_posts":"","_relevanssi_noindex_reason":"","_uag_custom_page_level_css":"","advgb_blocks_editor_width":"","advgb_blocks_columns_visual_guide":"","site-sidebar-layout":"default","site-content-layout":"default","ast-site-content-layout":"default","site-content-style":"default","site-sidebar-style":"default","ast-global-header-display":"","ast-banner-title-visibility":"","ast-main-header-display":"","ast-hfb-above-header-display":"","ast-hfb-below-header-display":"","ast-hfb-mobile-header-display":"","site-post-title":"disabled","ast-breadcrumbs-content":"","ast-featured-img":"","footer-sml-layout":"","ast-disable-related-posts":"","theme-transparent-header-meta":"default","adv-header-id-meta":"","stick-header-meta":"default","header-above-stick-meta":"","header-main-stick-meta":"","header-below-stick-meta":"","astra-migrate-meta-layouts":"default","ast-page-background-enabled":"default","ast-page-background-meta":{"desktop":{"background-color":"","background-image":"","background-repeat":"repeat","background-position":"center center","background-size":"auto","background-attachment":"scroll","background-type":"","background-media":"","overlay-type":"","overlay-color":"","overlay-opacity":"","overlay-gradient":""},"tablet":{"background-color":"","background-image":"","background-repeat":"repeat","background-position":"center center","background-size":"auto","background-attachment":"scroll","background-type":"","background-media":"","overlay-type":"","overlay-color":"","overlay-opacity":"","overlay-gradient":""},"mobile":{"background-color":"","background-image":"","background-repeat":"repeat","background-position":"center center","background-size":"auto","background-attachment":"scroll","background-type":"","background-media":"","overlay-type":"","overlay-color":"","overlay-opacity":"","overlay-gradient":""}},"ast-content-background-meta":{"desktop":{"background-color":"var(--ast-global-color-5)","background-image":"","background-repeat":"repeat","background-position":"center center","background-size":"auto","background-attachment":"scroll","background-type":"","background-media":"","overlay-type":"","overlay-color":"","overlay-opacity":"","overlay-gradient":""},"tablet":{"background-color":"var(--ast-global-color-5)","background-image":"","background-repeat":"repeat","background-position":"center center","background-size":"auto","background-attachment":"scroll","background-type":"","background-media":"","overlay-type":"","overlay-color":"","overlay-opacity":"","overlay-gradient":""},"mobile":{"background-color":"var(--ast-global-color-5)","background-image":"","background-repeat":"repeat","background-position":"center center","background-size":"auto","background-attachment":"scroll","background-type":"","background-media":"","overlay-type":"","overlay-color":"","overlay-opacity":"","overlay-gradient":""}},"footnotes":""},"class_list":["ranking_","post-21046","page","type-page","status-publish","hentry"],"acf":[],"yoast_head":"<!-- This site is optimized with the Yoast SEO plugin v27.2 - https:\/\/yoast.com\/product\/yoast-seo-wordpress\/ -->\n<title>En ligne - Aquagarden Europe<\/title>\n<meta name=\"robots\" content=\"index, follow, max-snippet:-1, max-image-preview:large, max-video-preview:-1\" \/>\n<link rel=\"canonical\" href=\"https:\/\/aquagarden-europe.com\/fr\/ou-acheter\/en-ligne\/\" \/>\n<meta property=\"og:locale\" content=\"fr_FR\" \/>\n<meta property=\"og:type\" content=\"article\" \/>\n<meta property=\"og:title\" content=\"En ligne - Aquagarden Europe\" \/>\n<meta property=\"og:description\" content=\"D\u00e9taillants en ligne\" \/>\n<meta property=\"og:url\" content=\"https:\/\/aquagarden-europe.com\/fr\/ou-acheter\/en-ligne\/\" \/>\n<meta property=\"og:site_name\" content=\"Aquagarden Europe\" \/>\n<meta property=\"article:modified_time\" content=\"2023-07-27T08:30:49+00:00\" \/>\n<meta property=\"og:image\" content=\"https:\/\/aquagarden-europe.com\/wp-content\/uploads\/2023\/05\/9.png\" \/>\n<meta name=\"twitter:card\" content=\"summary_large_image\" \/>\n<script type=\"application\/ld+json\" class=\"yoast-schema-graph\">{\"@context\":\"https:\/\/schema.org\",\"@graph\":[{\"@type\":\"WebPage\",\"@id\":\"https:\/\/aquagarden-europe.com\/fr\/ou-acheter\/en-ligne\/\",\"url\":\"https:\/\/aquagarden-europe.com\/fr\/ou-acheter\/en-ligne\/\",\"name\":\"En ligne - Aquagarden Europe\",\"isPartOf\":{\"@id\":\"https:\/\/aquagarden-europe.com\/#website\"},\"primaryImageOfPage\":{\"@id\":\"https:\/\/aquagarden-europe.com\/fr\/ou-acheter\/en-ligne\/#primaryimage\"},\"image\":{\"@id\":\"https:\/\/aquagarden-europe.com\/fr\/ou-acheter\/en-ligne\/#primaryimage\"},\"thumbnailUrl\":\"https:\/\/aquagarden-europe.com\/wp-content\/uploads\/2023\/05\/9.png\",\"datePublished\":\"2022-01-25T16:02:41+00:00\",\"dateModified\":\"2023-07-27T08:30:49+00:00\",\"breadcrumb\":{\"@id\":\"https:\/\/aquagarden-europe.com\/fr\/ou-acheter\/en-ligne\/#breadcrumb\"},\"inLanguage\":\"fr-FR\",\"potentialAction\":[{\"@type\":\"ReadAction\",\"target\":[\"https:\/\/aquagarden-europe.com\/fr\/ou-acheter\/en-ligne\/\"]}]},{\"@type\":\"ImageObject\",\"inLanguage\":\"fr-FR\",\"@id\":\"https:\/\/aquagarden-europe.com\/fr\/ou-acheter\/en-ligne\/#primaryimage\",\"url\":\"https:\/\/aquagarden-europe.com\/wp-content\/uploads\/2023\/05\/9.png\",\"contentUrl\":\"https:\/\/aquagarden-europe.com\/wp-content\/uploads\/2023\/05\/9.png\"},{\"@type\":\"BreadcrumbList\",\"@id\":\"https:\/\/aquagarden-europe.com\/fr\/ou-acheter\/en-ligne\/#breadcrumb\",\"itemListElement\":[{\"@type\":\"ListItem\",\"position\":1,\"name\":\"Home\",\"item\":\"https:\/\/aquagarden-europe.com\/fr\/\"},{\"@type\":\"ListItem\",\"position\":2,\"name\":\"O\u00f9 acheter\",\"item\":\"https:\/\/aquagarden-europe.com\/fr\/ou-acheter\/\"},{\"@type\":\"ListItem\",\"position\":3,\"name\":\"En ligne\"}]},{\"@type\":\"WebSite\",\"@id\":\"https:\/\/aquagarden-europe.com\/#website\",\"url\":\"https:\/\/aquagarden-europe.com\/\",\"name\":\"Aquagarden Europe\",\"description\":\"\",\"publisher\":{\"@id\":\"https:\/\/aquagarden-europe.com\/#organization\"},\"potentialAction\":[{\"@type\":\"SearchAction\",\"target\":{\"@type\":\"EntryPoint\",\"urlTemplate\":\"https:\/\/aquagarden-europe.com\/?s={search_term_string}\"},\"query-input\":{\"@type\":\"PropertyValueSpecification\",\"valueRequired\":true,\"valueName\":\"search_term_string\"}}],\"inLanguage\":\"fr-FR\"},{\"@type\":\"Organization\",\"@id\":\"https:\/\/aquagarden-europe.com\/#organization\",\"name\":\"Aquagarden Europe\",\"url\":\"https:\/\/aquagarden-europe.com\/\",\"logo\":{\"@type\":\"ImageObject\",\"inLanguage\":\"fr-FR\",\"@id\":\"https:\/\/aquagarden-europe.com\/#\/schema\/logo\/image\/\",\"url\":\"https:\/\/aquagarden-europe.com\/wp-content\/uploads\/2024\/01\/AquaGarden_Logo-1.svg\",\"contentUrl\":\"https:\/\/aquagarden-europe.com\/wp-content\/uploads\/2024\/01\/AquaGarden_Logo-1.svg\",\"caption\":\"Aquagarden Europe\"},\"image\":{\"@id\":\"https:\/\/aquagarden-europe.com\/#\/schema\/logo\/image\/\"}}]}<\/script>\n<!-- \/ Yoast SEO plugin. -->","yoast_head_json":{"title":"En ligne - Aquagarden Europe","robots":{"index":"index","follow":"follow","max-snippet":"max-snippet:-1","max-image-preview":"max-image-preview:large","max-video-preview":"max-video-preview:-1"},"canonical":"https:\/\/aquagarden-europe.com\/fr\/ou-acheter\/en-ligne\/","og_locale":"fr_FR","og_type":"article","og_title":"En ligne - Aquagarden Europe","og_description":"D\u00e9taillants en ligne","og_url":"https:\/\/aquagarden-europe.com\/fr\/ou-acheter\/en-ligne\/","og_site_name":"Aquagarden Europe","article_modified_time":"2023-07-27T08:30:49+00:00","og_image":[{"url":"https:\/\/aquagarden-europe.com\/wp-content\/uploads\/2023\/05\/9.png","type":"","width":"","height":""}],"twitter_card":"summary_large_image","schema":{"@context":"https:\/\/schema.org","@graph":[{"@type":"WebPage","@id":"https:\/\/aquagarden-europe.com\/fr\/ou-acheter\/en-ligne\/","url":"https:\/\/aquagarden-europe.com\/fr\/ou-acheter\/en-ligne\/","name":"En ligne - Aquagarden Europe","isPartOf":{"@id":"https:\/\/aquagarden-europe.com\/#website"},"primaryImageOfPage":{"@id":"https:\/\/aquagarden-europe.com\/fr\/ou-acheter\/en-ligne\/#primaryimage"},"image":{"@id":"https:\/\/aquagarden-europe.com\/fr\/ou-acheter\/en-ligne\/#primaryimage"},"thumbnailUrl":"https:\/\/aquagarden-europe.com\/wp-content\/uploads\/2023\/05\/9.png","datePublished":"2022-01-25T16:02:41+00:00","dateModified":"2023-07-27T08:30:49+00:00","breadcrumb":{"@id":"https:\/\/aquagarden-europe.com\/fr\/ou-acheter\/en-ligne\/#breadcrumb"},"inLanguage":"fr-FR","potentialAction":[{"@type":"ReadAction","target":["https:\/\/aquagarden-europe.com\/fr\/ou-acheter\/en-ligne\/"]}]},{"@type":"ImageObject","inLanguage":"fr-FR","@id":"https:\/\/aquagarden-europe.com\/fr\/ou-acheter\/en-ligne\/#primaryimage","url":"https:\/\/aquagarden-europe.com\/wp-content\/uploads\/2023\/05\/9.png","contentUrl":"https:\/\/aquagarden-europe.com\/wp-content\/uploads\/2023\/05\/9.png"},{"@type":"BreadcrumbList","@id":"https:\/\/aquagarden-europe.com\/fr\/ou-acheter\/en-ligne\/#breadcrumb","itemListElement":[{"@type":"ListItem","position":1,"name":"Home","item":"https:\/\/aquagarden-europe.com\/fr\/"},{"@type":"ListItem","position":2,"name":"O\u00f9 acheter","item":"https:\/\/aquagarden-europe.com\/fr\/ou-acheter\/"},{"@type":"ListItem","position":3,"name":"En ligne"}]},{"@type":"WebSite","@id":"https:\/\/aquagarden-europe.com\/#website","url":"https:\/\/aquagarden-europe.com\/","name":"Aquagarden Europe","description":"","publisher":{"@id":"https:\/\/aquagarden-europe.com\/#organization"},"potentialAction":[{"@type":"SearchAction","target":{"@type":"EntryPoint","urlTemplate":"https:\/\/aquagarden-europe.com\/?s={search_term_string}"},"query-input":{"@type":"PropertyValueSpecification","valueRequired":true,"valueName":"search_term_string"}}],"inLanguage":"fr-FR"},{"@type":"Organization","@id":"https:\/\/aquagarden-europe.com\/#organization","name":"Aquagarden Europe","url":"https:\/\/aquagarden-europe.com\/","logo":{"@type":"ImageObject","inLanguage":"fr-FR","@id":"https:\/\/aquagarden-europe.com\/#\/schema\/logo\/image\/","url":"https:\/\/aquagarden-europe.com\/wp-content\/uploads\/2024\/01\/AquaGarden_Logo-1.svg","contentUrl":"https:\/\/aquagarden-europe.com\/wp-content\/uploads\/2024\/01\/AquaGarden_Logo-1.svg","caption":"Aquagarden Europe"},"image":{"@id":"https:\/\/aquagarden-europe.com\/#\/schema\/logo\/image\/"}}]}},"uagb_featured_image_src":{"full":false,"thumbnail":false,"medium":false,"medium_large":false,"large":false,"blz_expanded_feature":false,"gs-tiny":false,"xl":false,"xxl":false,"xxxl":false,"xxxxl":false,"xxxxxl":false,"1536x1536":false,"2048x2048":false,"background_image":false,"woocommerce_thumbnail":false,"woocommerce_single":false,"woocommerce_gallery_thumbnail":false,"shop_catalog":false,"shop_single":false,"shop_thumbnail":false,"page-header":false,"page-two-to-one":false},"uagb_author_info":{"display_name":"Phil Durston","author_link":"https:\/\/aquagarden-europe.com\/fr\/author\/phil-sera\/"},"uagb_comment_info":0,"uagb_excerpt":"D\u00e9taillants en ligne","coauthors":[],"author_meta":{"author_link":"https:\/\/aquagarden-europe.com\/fr\/author\/phil-sera\/","display_name":"Phil Durston"},"relative_dates":{"created":"Publi\u00e9 4 years il y a","modified":"Mis \u00e0 jour 3 years il y a"},"absolute_dates":{"created":"Publi\u00e9 le 25 January 2022","modified":"Mise \u00e0 jour le 27 July 2023"},"absolute_dates_time":{"created":"Publi\u00e9 le 25 January 2022 4:02 pm","modified":"Mise \u00e0 jour le 27 July 2023 9:30 am"},"featured_img_caption":"","featured_img":false,"series_order":"","_links":{"self":[{"href":"https:\/\/aquagarden-europe.com\/fr\/wp-json\/wp\/v2\/pages\/21046","targetHints":{"allow":["GET"]}}],"collection":[{"href":"https:\/\/aquagarden-europe.com\/fr\/wp-json\/wp\/v2\/pages"}],"about":[{"href":"https:\/\/aquagarden-europe.com\/fr\/wp-json\/wp\/v2\/types\/page"}],"author":[{"embeddable":true,"href":"https:\/\/aquagarden-europe.com\/fr\/wp-json\/wp\/v2\/users\/6"}],"replies":[{"embeddable":true,"href":"https:\/\/aquagarden-europe.com\/fr\/wp-json\/wp\/v2\/comments?post=21046"}],"version-history":[{"count":1,"href":"https:\/\/aquagarden-europe.com\/fr\/wp-json\/wp\/v2\/pages\/21046\/revisions"}],"predecessor-version":[{"id":21047,"href":"https:\/\/aquagarden-europe.com\/fr\/wp-json\/wp\/v2\/pages\/21046\/revisions\/21047"}],"up":[{"embeddable":true,"href":"https:\/\/aquagarden-europe.com\/fr\/wp-json\/wp\/v2\/pages\/21005"}],"wp:attachment":[{"href":"https:\/\/aquagarden-europe.com\/fr\/wp-json\/wp\/v2\/media?parent=21046"}],"curies":[{"name":"wp","href":"https:\/\/api.w.org\/{rel}","templated":true}]}}