{"id":21043,"date":"2022-02-01T14:33:25","date_gmt":"2022-02-01T14:33:25","guid":{"rendered":"https:\/\/petlove-europe.com\/conditions-dutilisation\/"},"modified":"2025-07-10T15:18:52","modified_gmt":"2025-07-10T14:18:52","slug":"conditions-dutilisation","status":"publish","type":"page","link":"https:\/\/aquagarden-europe.com\/fr\/conditions-dutilisation\/","title":{"rendered":"Conditions d&#8217;utilisation"},"content":{"rendered":"\n<section class=\"wp-block-uagb-columns uagb-columns__wrap uagb-columns__background-none uagb-columns__stack-mobile uagb-columns__valign- uagb-columns__gap-10 align uagb-block-a843866a uagb-columns__columns-1 uagb-columns__max_width-theme\"><div class=\"uagb-columns__overlay\"><\/div><div class=\"uagb-columns__inner-wrap uagb-columns__columns-1\">\n<div class=\"wp-block-uagb-column uagb-column__wrap uagb-column__background-undefined uagb-block-19c3d990\"><div class=\"uagb-column__overlay\"><\/div>\n<h1 class=\"wp-block-heading has-text-align-center\" style=\"font-size:38px\">Conditions d&#8217;utilisation<\/h1>\n\n\n\n<p class=\"has-text-align-center has-medium-font-size\">Formulaire de notification \/ conditions d&#8217;utilisation du site Internet<\/p>\n<\/div>\n<\/div><\/section>\n\n<section class=\"wp-block-uagb-columns uagb-columns__wrap uagb-columns__background-color uagb-columns__stack-mobile uagb-columns__valign- uagb-columns__gap-10 align uagb-block-066c088a uagb-columns__columns-1 uagb-columns__max_width-custom privacy-policy-container\"><div class=\"uagb-columns__overlay\"><\/div><div class=\"uagb-columns__inner-wrap uagb-columns__columns-1\">\n<div class=\"wp-block-uagb-column uagb-column__wrap uagb-column__background-undefined uagb-block-8a989d34\"><div class=\"uagb-column__overlay\"><\/div>\n<p>Aquagarden Interpet Ltd. ainsi que ses filiales, divisions, soci\u00e9t\u00e9s affili\u00e9es et\/ou apparent\u00e9es (&#8220;AI&#8221;) g\u00e8rent ce site (le &#8220;Site&#8221;) pour votre divertissement personnel, votre information, votre \u00e9ducation et votre communication. N&#8217;h\u00e9sitez pas \u00e0 parcourir le site.<\/p>\n\n\n\n<p>Le site et son contenu sont con\u00e7us pour \u00eatre conformes aux lois et r\u00e8glements du Royaume-Uni. Bien qu&#8217;ils soient accessibles \u00e0 d&#8217;autres personnes, ce site et son contenu sont destin\u00e9s \u00e0 \u00eatre consult\u00e9s et utilis\u00e9s par les r\u00e9sidents du Royaume-Uni uniquement.<\/p>\n\n\n\n<p>Ce site contient des informations concernant AI et les produits d&#8217;AI qui peuvent \u00eatre utiles aux clients et aux employ\u00e9s d&#8217;AI ainsi qu&#8217;au grand public. En particulier, AI ne fait aucune d\u00e9claration et ne donne aucune garantie quant \u00e0 l&#8217;exactitude des informations contenues dans le pr\u00e9sent site et d\u00e9cline express\u00e9ment toute obligation de mise \u00e0 jour desdites informations. En outre, AI n&#8217;assume aucune responsabilit\u00e9 en cas d&#8217;erreur ou d&#8217;omission dans le contenu de ce site.  <\/p>\n\n\n\n<p>En acc\u00e9dant au site et en l&#8217;utilisant, vous acceptez, sans limitation ni r\u00e9serve, les conditions g\u00e9n\u00e9rales (les &#8220;conditions g\u00e9n\u00e9rales&#8221;) \u00e9nonc\u00e9es ci-dessous.<\/p>\n\n\n\n<div style=\"height:40px\" aria-hidden=\"true\" class=\"wp-block-spacer\"><\/div>\n\n\n\n<h3 class=\"wp-block-heading has-text-align-center\" style=\"font-size:30px\">Modalit\u00e9s et conditions<\/h3>\n\n\n\n<ol class=\"wp-block-list\">\n<li>Vous pouvez naviguer librement sur le site. Vous pouvez t\u00e9l\u00e9charger librement les documents qui s&#8217;y trouvent. Tout le mat\u00e9riel t\u00e9l\u00e9charg\u00e9 peut \u00eatre utilis\u00e9 par vous \u00e0 des fins personnelles et non commerciales. Vous ne pouvez toutefois pas distribuer, modifier, transmettre, r\u00e9utiliser, r\u00e9afficher ou utiliser ces \u00e9l\u00e9ments \u00e0 des fins publiques ou commerciales sans l&#8217;autorisation \u00e9crite expresse d&#8217;AI. Tous les droits d&#8217;auteur et autres avis de propri\u00e9t\u00e9 contenus dans le mat\u00e9riel t\u00e9l\u00e9charg\u00e9 doivent \u00eatre conserv\u00e9s.<\/li>\n\n\n\n<li>Vous devez partir du principe que tout le contenu du site est prot\u00e9g\u00e9 par des droits d&#8217;auteur, sauf indication contraire, et qu&#8217;il ne peut \u00eatre utilis\u00e9 que conform\u00e9ment aux dispositions du pr\u00e9sent document et sans l&#8217;autorisation \u00e9crite expresse d&#8217;AI.  <\/li>\n\n\n\n<li>Les images de personnes ou de lieux affich\u00e9es sur le site sont la propri\u00e9t\u00e9 d&#8217;AI. L&#8217;utilisation de ces images par vous est interdite, sauf si elle est sp\u00e9cifiquement autoris\u00e9e par les pr\u00e9sentes conditions g\u00e9n\u00e9rales ou par une autorisation sp\u00e9cifique fournie ailleurs sur le site. L&#8217;utilisation non autoris\u00e9e des images peut constituer une violation des lois sur les droits d&#8217;auteur, les marques commerciales, la vie priv\u00e9e et\/ou la publicit\u00e9, ainsi que des r\u00e9glementations et statuts relatifs aux communications.  <\/li>\n\n\n\n<li>Vous utilisez le site \u00e0 vos propres risques. Ni AI ni aucune autre partie impliqu\u00e9e dans la cr\u00e9ation, la production ou la fourniture du site n&#8217;est responsable des dommages directs, accessoires, cons\u00e9cutifs, indirects ou punitifs r\u00e9sultant de votre acc\u00e8s ou de votre utilisation du site ou de l&#8217;un des services qui y sont r\u00e9f\u00e9renc\u00e9s. Cela comprend les dommages caus\u00e9s \u00e0 votre \u00e9quipement informatique, y compris les virus \u00e9ventuels. Sans limiter ce qui pr\u00e9c\u00e8de, tout ce qui se trouve sur le site vous est fourni &#8220;TEL QUEL&#8221;, sans garantie de qualit\u00e9 marchande, d&#8217;ad\u00e9quation \u00e0 un usage particulier ou de non-violation. Veuillez noter que certaines juridictions n&#8217;autorisent pas l&#8217;exclusion des garanties implicites, de sorte que certaines des exclusions ci-dessus peuvent ne pas s&#8217;appliquer \u00e0 vous. V\u00e9rifiez les lois locales pour toute restriction ou limitation concernant l&#8217;exclusion des garanties implicites.  <\/li>\n\n\n\n<li>Toute communication ou tout mat\u00e9riel que vous transmettez ou publiez sur le site par courrier \u00e9lectronique ou autre, y compris les donn\u00e9es, questions, commentaires, suggestions ou autres, est et sera trait\u00e9 comme une information non confidentielle et non exclusive. AI peut utiliser cette communication ou ce mat\u00e9riel \u00e0 quelque fin que ce soit, y compris, mais sans s&#8217;y limiter, la reproduction, la divulgation, la transmission, la publication, la diffusion et l&#8217;affichage ult\u00e9rieur. En outre, AI est libre d&#8217;utiliser les id\u00e9es, concepts, savoir-faire ou techniques contenus dans toute communication ou tout mat\u00e9riel que vous envoyez au Site \u00e0 quelque fin que ce soit, y compris, mais sans s&#8217;y limiter, le d\u00e9veloppement, la fabrication et la commercialisation de produits. <\/li>\n\n\n\n<li>Tout le contenu de ce site est : \u00a9 Copyright AI. Tous droits r\u00e9serv\u00e9s. Ce site est destin\u00e9 \u00e0 l&#8217;usage personnel et non commercial de l&#8217;utilisateur. L&#8217;utilisateur ne peut pas modifier, copier, distribuer, transmettre, afficher, ex\u00e9cuter, reproduire, publier, conc\u00e9der une licence, cr\u00e9er des \u0153uvres d\u00e9riv\u00e9es, transf\u00e9rer ou vendre les informations, logiciels, produits ou services obtenus sur ce site. Rien dans le pr\u00e9sent document ne doit \u00eatre consid\u00e9r\u00e9 comme une autorisation, une incitation ou une recommandation \u00e0 pratiquer une invention brevet\u00e9e sans licence. Sauf indication contraire, tous les \u00e9l\u00e9ments figurant sur ce site, y compris le texte, la conception du site, les logos, les marques commerciales, la pr\u00e9sentation, les graphiques, les ic\u00f4nes et les images, ainsi que la s\u00e9lection, l&#8217;assemblage et l&#8217;agencement de ces \u00e9l\u00e9ments, sont la propri\u00e9t\u00e9 exclusive d&#8217;AI. Tous les clips audio et vid\u00e9o sont la propri\u00e9t\u00e9 exclusive d&#8217;AI ou de ses fournisseurs de contenu respectifs. Tous les logiciels utilis\u00e9s sur le site sont la propri\u00e9t\u00e9 exclusive d&#8217;AI ou des fournisseurs de ces logiciels.   Tous les droits non express\u00e9ment accord\u00e9s dans le pr\u00e9sent document sont r\u00e9serv\u00e9s. Toute utilisation non autoris\u00e9e des \u00e9l\u00e9ments figurant sur ce site peut constituer une violation des droits d&#8217;auteur, des marques commerciales et d&#8217;autres lois applicables et pourrait entra\u00eener des sanctions p\u00e9nales ou civiles. Les informations, logiciels, produits et services publi\u00e9s sur ce site peuvent comporter des inexactitudes ou des erreurs typographiques. Des modifications sont apport\u00e9es p\u00e9riodiquement aux informations contenues dans le pr\u00e9sent document. AI peut \u00e0 tout moment apporter des am\u00e9liorations et\/ou des modifications \u00e0 ce site.<\/li>\n\n\n\n<li>AI n&#8217;a pas examin\u00e9 tous les sites qui peuvent \u00eatre li\u00e9s au site et n&#8217;est pas responsable du contenu des pages hors site ou de tout autre site li\u00e9 au site. Votre connexion \u00e0 d&#8217;autres pages hors site ou \u00e0 d&#8217;autres sites se fait \u00e0 vos propres risques.<\/li>\n\n\n\n<li>Bien que l&#8217;IA puisse, de temps \u00e0 autre, surveiller ou examiner les discussions, les chats, les affichages, les transmissions, les tableaux d&#8217;affichage et autres sur le site, l&#8217;IA n&#8217;a aucune obligation de le faire et l&#8217;IA n&#8217;assume aucune responsabilit\u00e9 quant au contenu du site ni pour toute erreur, diffamation, calomnie, omission, mensonge, obsc\u00e9nit\u00e9, pornographie, blasph\u00e8me, danger ou inexactitude contenue dans toute information sur le site.<\/li>\n\n\n\n<li>Il vous est interdit de publier ou de transmettre tout mat\u00e9riel ill\u00e9gal, mena\u00e7ant, diffamatoire, obsc\u00e8ne, incendiaire, pornographique ou blasph\u00e9matoire ou tout mat\u00e9riel qui pourrait constituer ou encourager une conduite qui serait consid\u00e9r\u00e9e comme une infraction p\u00e9nale, donnerait lieu \u00e0 une responsabilit\u00e9 civile ou violerait autrement la loi. AI coop\u00e9rera pleinement avec les autorit\u00e9s charg\u00e9es de l&#8217;application de la loi ou les tribunaux qui lui demandent ou lui ordonnent de divulguer l&#8217;identit\u00e9 de toute personne publiant de telles informations ou de tels documents.<\/li>\n\n\n\n<li>AI se r\u00e9serve le droit de modifier ou de supprimer des \u00e9l\u00e9ments du site \u00e0 tout moment.<\/li>\n\n\n\n<li>AI peut, \u00e0 tout moment, r\u00e9viser les pr\u00e9sentes conditions g\u00e9n\u00e9rales en mettant \u00e0 jour le pr\u00e9sent document. Vous \u00eates li\u00e9 par ces r\u00e9visions et devez donc consulter r\u00e9guli\u00e8rement cette page pour prendre connaissance des conditions g\u00e9n\u00e9rales en vigueur.<\/li>\n<\/ol>\n<\/div>\n<\/div><\/section>\n\n<p class=\"has-text-align-center\">Num\u00e9ro EPR France &#8211; FR303029_01IADP<\/p>\n","protected":false},"excerpt":{"rendered":"<p>Conditions d&#8217;utilisation Formulaire de notification \/ conditions d&#8217;utilisation du site Internet Aquagarden Interpet Ltd. ainsi que ses filiales, divisions, soci\u00e9t\u00e9s affili\u00e9es et\/ou apparent\u00e9es (&#8220;AI&#8221;) g\u00e8rent ce site (le &#8220;Site&#8221;) pour votre divertissement personnel, votre information, votre \u00e9ducation et votre communication. N&#8217;h\u00e9sitez pas \u00e0 parcourir le site. Le site et son contenu sont con\u00e7us pour \u00eatre [&hellip;]<\/p>\n","protected":false},"author":6,"featured_media":0,"parent":0,"menu_order":0,"comment_status":"closed","ping_status":"closed","template":"","meta":{"_acf_changed":false,"_relevanssi_hide_post":"","_relevanssi_hide_content":"","_relevanssi_pin_for_all":"","_relevanssi_pin_keywords":"","_relevanssi_unpin_keywords":"","_relevanssi_related_keywords":"","_relevanssi_related_include_ids":"","_relevanssi_related_exclude_ids":"","_relevanssi_related_no_append":"","_relevanssi_related_not_related":"","_relevanssi_related_posts":"","_relevanssi_noindex_reason":"","_uag_custom_page_level_css":"","advgb_blocks_editor_width":"","advgb_blocks_columns_visual_guide":"","site-sidebar-layout":"default","site-content-layout":"default","ast-site-content-layout":"default","site-content-style":"default","site-sidebar-style":"default","ast-global-header-display":"","ast-banner-title-visibility":"","ast-main-header-display":"","ast-hfb-above-header-display":"","ast-hfb-below-header-display":"","ast-hfb-mobile-header-display":"","site-post-title":"disabled","ast-breadcrumbs-content":"","ast-featured-img":"","footer-sml-layout":"","ast-disable-related-posts":"","theme-transparent-header-meta":"default","adv-header-id-meta":"","stick-header-meta":"default","header-above-stick-meta":"","header-main-stick-meta":"","header-below-stick-meta":"","astra-migrate-meta-layouts":"default","ast-page-background-enabled":"default","ast-page-background-meta":{"desktop":{"background-color":"","background-image":"","background-repeat":"repeat","background-position":"center center","background-size":"auto","background-attachment":"scroll","background-type":"","background-media":"","overlay-type":"","overlay-color":"","overlay-opacity":"","overlay-gradient":""},"tablet":{"background-color":"","background-image":"","background-repeat":"repeat","background-position":"center center","background-size":"auto","background-attachment":"scroll","background-type":"","background-media":"","overlay-type":"","overlay-color":"","overlay-opacity":"","overlay-gradient":""},"mobile":{"background-color":"","background-image":"","background-repeat":"repeat","background-position":"center center","background-size":"auto","background-attachment":"scroll","background-type":"","background-media":"","overlay-type":"","overlay-color":"","overlay-opacity":"","overlay-gradient":""}},"ast-content-background-meta":{"desktop":{"background-color":"var(--ast-global-color-5)","background-image":"","background-repeat":"repeat","background-position":"center center","background-size":"auto","background-attachment":"scroll","background-type":"","background-media":"","overlay-type":"","overlay-color":"","overlay-opacity":"","overlay-gradient":""},"tablet":{"background-color":"var(--ast-global-color-5)","background-image":"","background-repeat":"repeat","background-position":"center center","background-size":"auto","background-attachment":"scroll","background-type":"","background-media":"","overlay-type":"","overlay-color":"","overlay-opacity":"","overlay-gradient":""},"mobile":{"background-color":"var(--ast-global-color-5)","background-image":"","background-repeat":"repeat","background-position":"center center","background-size":"auto","background-attachment":"scroll","background-type":"","background-media":"","overlay-type":"","overlay-color":"","overlay-opacity":"","overlay-gradient":""}},"footnotes":""},"class_list":["ranking_","post-21043","page","type-page","status-publish","hentry"],"acf":[],"yoast_head":"<!-- This site is optimized with the Yoast SEO plugin v27.2 - https:\/\/yoast.com\/product\/yoast-seo-wordpress\/ -->\n<title>Conditions d&#039;utilisation - Aquagarden Europe<\/title>\n<meta name=\"description\" content=\"Nylabone, chien, chiot, canin, mastication destructrice, pouss\u00e9e dentaire du chiot, ennui du chien, maladie p\u00e9ridontale canine, M\u00e2ches dentaires, recettes, friandises pour chiens,\" \/>\n<meta name=\"robots\" content=\"index, follow, max-snippet:-1, max-image-preview:large, max-video-preview:-1\" \/>\n<link rel=\"canonical\" href=\"https:\/\/aquagarden-europe.com\/fr\/conditions-dutilisation\/\" \/>\n<meta property=\"og:locale\" content=\"fr_FR\" \/>\n<meta property=\"og:type\" content=\"article\" \/>\n<meta property=\"og:title\" content=\"Conditions d&#039;utilisation - Aquagarden Europe\" \/>\n<meta property=\"og:description\" content=\"Nylabone, chien, chiot, canin, mastication destructrice, pouss\u00e9e dentaire du chiot, ennui du chien, maladie p\u00e9ridontale canine, M\u00e2ches dentaires, recettes, friandises pour chiens,\" \/>\n<meta property=\"og:url\" content=\"https:\/\/aquagarden-europe.com\/fr\/conditions-dutilisation\/\" \/>\n<meta property=\"og:site_name\" content=\"Aquagarden Europe\" \/>\n<meta property=\"article:modified_time\" content=\"2025-07-10T14:18:52+00:00\" \/>\n<meta name=\"twitter:card\" content=\"summary_large_image\" \/>\n<meta name=\"twitter:label1\" content=\"Est. reading time\" \/>\n\t<meta name=\"twitter:data1\" content=\"6 minutes\" \/>\n<script type=\"application\/ld+json\" class=\"yoast-schema-graph\">{\"@context\":\"https:\/\/schema.org\",\"@graph\":[{\"@type\":\"WebPage\",\"@id\":\"https:\/\/aquagarden-europe.com\/fr\/conditions-dutilisation\/\",\"url\":\"https:\/\/aquagarden-europe.com\/fr\/conditions-dutilisation\/\",\"name\":\"Conditions d'utilisation - Aquagarden Europe\",\"isPartOf\":{\"@id\":\"https:\/\/aquagarden-europe.com\/#website\"},\"datePublished\":\"2022-02-01T14:33:25+00:00\",\"dateModified\":\"2025-07-10T14:18:52+00:00\",\"description\":\"Nylabone, chien, chiot, canin, mastication destructrice, pouss\u00e9e dentaire du chiot, ennui du chien, maladie p\u00e9ridontale canine, M\u00e2ches dentaires, recettes, friandises pour chiens,\",\"breadcrumb\":{\"@id\":\"https:\/\/aquagarden-europe.com\/fr\/conditions-dutilisation\/#breadcrumb\"},\"inLanguage\":\"fr-FR\",\"potentialAction\":[{\"@type\":\"ReadAction\",\"target\":[\"https:\/\/aquagarden-europe.com\/fr\/conditions-dutilisation\/\"]}]},{\"@type\":\"BreadcrumbList\",\"@id\":\"https:\/\/aquagarden-europe.com\/fr\/conditions-dutilisation\/#breadcrumb\",\"itemListElement\":[{\"@type\":\"ListItem\",\"position\":1,\"name\":\"Home\",\"item\":\"https:\/\/aquagarden-europe.com\/fr\/\"},{\"@type\":\"ListItem\",\"position\":2,\"name\":\"Conditions d&#8217;utilisation\"}]},{\"@type\":\"WebSite\",\"@id\":\"https:\/\/aquagarden-europe.com\/#website\",\"url\":\"https:\/\/aquagarden-europe.com\/\",\"name\":\"Aquagarden Europe\",\"description\":\"\",\"publisher\":{\"@id\":\"https:\/\/aquagarden-europe.com\/#organization\"},\"potentialAction\":[{\"@type\":\"SearchAction\",\"target\":{\"@type\":\"EntryPoint\",\"urlTemplate\":\"https:\/\/aquagarden-europe.com\/?s={search_term_string}\"},\"query-input\":{\"@type\":\"PropertyValueSpecification\",\"valueRequired\":true,\"valueName\":\"search_term_string\"}}],\"inLanguage\":\"fr-FR\"},{\"@type\":\"Organization\",\"@id\":\"https:\/\/aquagarden-europe.com\/#organization\",\"name\":\"Aquagarden Europe\",\"url\":\"https:\/\/aquagarden-europe.com\/\",\"logo\":{\"@type\":\"ImageObject\",\"inLanguage\":\"fr-FR\",\"@id\":\"https:\/\/aquagarden-europe.com\/#\/schema\/logo\/image\/\",\"url\":\"https:\/\/aquagarden-europe.com\/wp-content\/uploads\/2024\/01\/AquaGarden_Logo-1.svg\",\"contentUrl\":\"https:\/\/aquagarden-europe.com\/wp-content\/uploads\/2024\/01\/AquaGarden_Logo-1.svg\",\"caption\":\"Aquagarden Europe\"},\"image\":{\"@id\":\"https:\/\/aquagarden-europe.com\/#\/schema\/logo\/image\/\"}}]}<\/script>\n<!-- \/ Yoast SEO plugin. -->","yoast_head_json":{"title":"Conditions d'utilisation - Aquagarden Europe","description":"Nylabone, chien, chiot, canin, mastication destructrice, pouss\u00e9e dentaire du chiot, ennui du chien, maladie p\u00e9ridontale canine, M\u00e2ches dentaires, recettes, friandises pour chiens,","robots":{"index":"index","follow":"follow","max-snippet":"max-snippet:-1","max-image-preview":"max-image-preview:large","max-video-preview":"max-video-preview:-1"},"canonical":"https:\/\/aquagarden-europe.com\/fr\/conditions-dutilisation\/","og_locale":"fr_FR","og_type":"article","og_title":"Conditions d'utilisation - Aquagarden Europe","og_description":"Nylabone, chien, chiot, canin, mastication destructrice, pouss\u00e9e dentaire du chiot, ennui du chien, maladie p\u00e9ridontale canine, M\u00e2ches dentaires, recettes, friandises pour chiens,","og_url":"https:\/\/aquagarden-europe.com\/fr\/conditions-dutilisation\/","og_site_name":"Aquagarden Europe","article_modified_time":"2025-07-10T14:18:52+00:00","twitter_card":"summary_large_image","twitter_misc":{"Est. reading time":"6 minutes"},"schema":{"@context":"https:\/\/schema.org","@graph":[{"@type":"WebPage","@id":"https:\/\/aquagarden-europe.com\/fr\/conditions-dutilisation\/","url":"https:\/\/aquagarden-europe.com\/fr\/conditions-dutilisation\/","name":"Conditions d'utilisation - Aquagarden Europe","isPartOf":{"@id":"https:\/\/aquagarden-europe.com\/#website"},"datePublished":"2022-02-01T14:33:25+00:00","dateModified":"2025-07-10T14:18:52+00:00","description":"Nylabone, chien, chiot, canin, mastication destructrice, pouss\u00e9e dentaire du chiot, ennui du chien, maladie p\u00e9ridontale canine, M\u00e2ches dentaires, recettes, friandises pour chiens,","breadcrumb":{"@id":"https:\/\/aquagarden-europe.com\/fr\/conditions-dutilisation\/#breadcrumb"},"inLanguage":"fr-FR","potentialAction":[{"@type":"ReadAction","target":["https:\/\/aquagarden-europe.com\/fr\/conditions-dutilisation\/"]}]},{"@type":"BreadcrumbList","@id":"https:\/\/aquagarden-europe.com\/fr\/conditions-dutilisation\/#breadcrumb","itemListElement":[{"@type":"ListItem","position":1,"name":"Home","item":"https:\/\/aquagarden-europe.com\/fr\/"},{"@type":"ListItem","position":2,"name":"Conditions d&#8217;utilisation"}]},{"@type":"WebSite","@id":"https:\/\/aquagarden-europe.com\/#website","url":"https:\/\/aquagarden-europe.com\/","name":"Aquagarden Europe","description":"","publisher":{"@id":"https:\/\/aquagarden-europe.com\/#organization"},"potentialAction":[{"@type":"SearchAction","target":{"@type":"EntryPoint","urlTemplate":"https:\/\/aquagarden-europe.com\/?s={search_term_string}"},"query-input":{"@type":"PropertyValueSpecification","valueRequired":true,"valueName":"search_term_string"}}],"inLanguage":"fr-FR"},{"@type":"Organization","@id":"https:\/\/aquagarden-europe.com\/#organization","name":"Aquagarden Europe","url":"https:\/\/aquagarden-europe.com\/","logo":{"@type":"ImageObject","inLanguage":"fr-FR","@id":"https:\/\/aquagarden-europe.com\/#\/schema\/logo\/image\/","url":"https:\/\/aquagarden-europe.com\/wp-content\/uploads\/2024\/01\/AquaGarden_Logo-1.svg","contentUrl":"https:\/\/aquagarden-europe.com\/wp-content\/uploads\/2024\/01\/AquaGarden_Logo-1.svg","caption":"Aquagarden Europe"},"image":{"@id":"https:\/\/aquagarden-europe.com\/#\/schema\/logo\/image\/"}}]}},"uagb_featured_image_src":{"full":false,"thumbnail":false,"medium":false,"medium_large":false,"large":false,"blz_expanded_feature":false,"gs-tiny":false,"xl":false,"xxl":false,"xxxl":false,"xxxxl":false,"xxxxxl":false,"1536x1536":false,"2048x2048":false,"background_image":false,"woocommerce_thumbnail":false,"woocommerce_single":false,"woocommerce_gallery_thumbnail":false,"shop_catalog":false,"shop_single":false,"shop_thumbnail":false,"page-header":false,"page-two-to-one":false},"uagb_author_info":{"display_name":"Phil Durston","author_link":"https:\/\/aquagarden-europe.com\/fr\/author\/phil-sera\/"},"uagb_comment_info":0,"uagb_excerpt":"Conditions d&#8217;utilisation Formulaire de notification \/ conditions d&#8217;utilisation du site Internet Aquagarden Interpet Ltd. ainsi que ses filiales, divisions, soci\u00e9t\u00e9s affili\u00e9es et\/ou apparent\u00e9es (&#8220;AI&#8221;) g\u00e8rent ce site (le &#8220;Site&#8221;) pour votre divertissement personnel, votre information, votre \u00e9ducation et votre communication. N&#8217;h\u00e9sitez pas \u00e0 parcourir le site. Le site et son contenu sont con\u00e7us pour \u00eatre&hellip;","coauthors":[],"author_meta":{"author_link":"https:\/\/aquagarden-europe.com\/fr\/author\/phil-sera\/","display_name":"Phil Durston"},"relative_dates":{"created":"Publi\u00e9 4 years il y a","modified":"Mis \u00e0 jour 9 months il y a"},"absolute_dates":{"created":"Publi\u00e9 le 1 February 2022","modified":"Mise \u00e0 jour le 10 July 2025"},"absolute_dates_time":{"created":"Publi\u00e9 le 1 February 2022 2:33 pm","modified":"Mise \u00e0 jour le 10 July 2025 3:18 pm"},"featured_img_caption":"","featured_img":false,"series_order":"","_links":{"self":[{"href":"https:\/\/aquagarden-europe.com\/fr\/wp-json\/wp\/v2\/pages\/21043","targetHints":{"allow":["GET"]}}],"collection":[{"href":"https:\/\/aquagarden-europe.com\/fr\/wp-json\/wp\/v2\/pages"}],"about":[{"href":"https:\/\/aquagarden-europe.com\/fr\/wp-json\/wp\/v2\/types\/page"}],"author":[{"embeddable":true,"href":"https:\/\/aquagarden-europe.com\/fr\/wp-json\/wp\/v2\/users\/6"}],"replies":[{"embeddable":true,"href":"https:\/\/aquagarden-europe.com\/fr\/wp-json\/wp\/v2\/comments?post=21043"}],"version-history":[{"count":2,"href":"https:\/\/aquagarden-europe.com\/fr\/wp-json\/wp\/v2\/pages\/21043\/revisions"}],"predecessor-version":[{"id":28579,"href":"https:\/\/aquagarden-europe.com\/fr\/wp-json\/wp\/v2\/pages\/21043\/revisions\/28579"}],"wp:attachment":[{"href":"https:\/\/aquagarden-europe.com\/fr\/wp-json\/wp\/v2\/media?parent=21043"}],"curies":[{"name":"wp","href":"https:\/\/api.w.org\/{rel}","templated":true}]}}