{"id":21035,"date":"2022-02-01T13:37:26","date_gmt":"2022-02-01T13:37:26","guid":{"rendered":"https:\/\/petlove-europe.com\/politique-de-confidentialite\/"},"modified":"2025-07-10T15:18:09","modified_gmt":"2025-07-10T14:18:09","slug":"politique-de-confidentialite","status":"publish","type":"page","link":"https:\/\/aquagarden-europe.com\/fr\/politique-de-confidentialite\/","title":{"rendered":"Politique de confidentialit\u00e9"},"content":{"rendered":"\n<section class=\"wp-block-uagb-columns uagb-columns__wrap uagb-columns__background-none uagb-columns__stack-mobile uagb-columns__valign- uagb-columns__gap-10 align uagb-block-a1a5f5ac uagb-columns__columns-1 uagb-columns__max_width-theme\"><div class=\"uagb-columns__overlay\"><\/div><div class=\"uagb-columns__inner-wrap uagb-columns__columns-1\">\n<div class=\"wp-block-uagb-column uagb-column__wrap uagb-column__background-undefined uagb-block-50f616ca\"><div class=\"uagb-column__overlay\"><\/div>\n<h1 class=\"wp-block-heading has-text-align-center\" style=\"font-size:38px\">Politique de confidentialit\u00e9<\/h1>\n<\/div>\n<\/div><\/section>\n\n<section class=\"wp-block-uagb-columns uagb-columns__wrap uagb-columns__background-color uagb-columns__stack-mobile uagb-columns__valign- uagb-columns__gap-10 align uagb-block-523df77c uagb-columns__columns-1 uagb-columns__max_width-theme\"><div class=\"uagb-columns__overlay\"><\/div><div class=\"uagb-columns__inner-wrap uagb-columns__columns-1\">\n<div class=\"wp-block-uagb-column uagb-column__wrap uagb-column__background-color uagb-block-e4d7f6b8 max-width-block\"><div class=\"uagb-column__overlay\"><\/div>\n<p><strong>Date d&#8217;entr\u00e9e en vigueur 10\/04\/2025<\/strong><\/p>\n\n\n\n<p>La pr\u00e9sente politique de confidentialit\u00e9 d\u00e9crit la politique d&#8217;Aquagarden Interpet Ltd, Hamwood, Bishop&#8217;s Hull Hill, Bishop&#8217;s Hull, Taunton TA1 5EA, Grande-Bretagne, Royaume-Uni de Grande-Bretagne et d&#8217;Irlande du Nord (la), email : orders@sera.de phone : +49 2452 \/ 91 26 60 sur la collecte, l&#8217;utilisation et la divulgation des informations que nous recueillons lorsque vous utilisez notre site web ( https:\/\/aquagarden-europe.com\/ ). (le &#8220;Service&#8221;).<\/p>\n\n\n\n<p>En acc\u00e9dant au service ou en l&#8217;utilisant, vous consentez \u00e0 la collecte, \u00e0 l&#8217;utilisation et \u00e0 la divulgation de vos informations conform\u00e9ment \u00e0 la pr\u00e9sente politique de confidentialit\u00e9. Si vous n&#8217;y consentez pas, n&#8217;acc\u00e9dez pas au service et ne l&#8217;utilisez pas.<\/p>\n\n\n\n<p>Nous pouvons modifier la pr\u00e9sente politique de confidentialit\u00e9 \u00e0 tout moment sans vous en informer au pr\u00e9alable et nous publierons la politique de confidentialit\u00e9 r\u00e9vis\u00e9e sur le service. La politique r\u00e9vis\u00e9e entrera en vigueur 180 jours apr\u00e8s la publication de la politique r\u00e9vis\u00e9e dans le service et la poursuite de l&#8217;acc\u00e8s ou de l&#8217;utilisation du service apr\u00e8s cette date constituera votre acceptation de la politique r\u00e9vis\u00e9e de protection de la vie priv\u00e9e. Nous vous recommandons donc de consulter r\u00e9guli\u00e8rement cette page.<\/p>\n\n\n\n<h3 class=\"wp-block-heading\">Comment nous utilisons vos informations :<\/h3>\n\n\n\n<p>Nous utiliserons les informations que nous recueillons \u00e0 votre sujet aux fins suivantes :<\/p>\n\n\n\n<h3 class=\"wp-block-heading\">Marketing\/ Promotion<\/h3>\n\n\n\n<p>Si nous voulons utiliser vos informations \u00e0 d&#8217;autres fins, nous vous demanderons votre consentement et nous n&#8217;utiliserons vos informations qu&#8217;apr\u00e8s avoir re\u00e7u votre consentement et, dans ce cas, uniquement aux fins pour lesquelles vous avez donn\u00e9 votre consentement, sauf si la loi nous oblige \u00e0 faire autrement.<\/p>\n\n\n\n<h3 class=\"wp-block-heading\">Vos droits :<\/h3>\n\n\n\n<p>En fonction de la l\u00e9gislation applicable, vous pouvez avoir un droit d&#8217;acc\u00e8s et de rectification ou d&#8217;effacement de vos donn\u00e9es \u00e0 caract\u00e8re personnel ou recevoir une copie de vos donn\u00e9es \u00e0 caract\u00e8re personnel, restreindre le traitement actif de vos donn\u00e9es ou vous y opposer, nous demander de partager (portage) vos donn\u00e9es \u00e0 caract\u00e8re personnel avec une autre entit\u00e9, retirer tout consentement que vous nous avez donn\u00e9 pour traiter vos donn\u00e9es, un droit de d\u00e9poser une plainte aupr\u00e8s d&#8217;une autorit\u00e9 statutaire et tout autre droit pertinent en vertu de la l\u00e9gislation applicable. Pour exercer ces droits, vous pouvez nous \u00e9crire \u00e0 orders@sera.de. Nous r\u00e9pondrons \u00e0 votre demande conform\u00e9ment \u00e0 la l\u00e9gislation applicable.<\/p>\n\n\n\n<p>Porter Vous pouvez refuser les communications de marketing direct ou le profilage que nous effectuons \u00e0 des fins de marketing en nous \u00e9crivant \u00e0 l&#8217;adresse suivante : orders@sera.de.<br\/>Veuillez noter que si vous ne nous autorisez pas \u00e0 collecter ou \u00e0 traiter les informations personnelles requises ou si vous retirez votre consentement au traitement de ces informations aux fins requises, il se peut que vous ne puissiez pas acc\u00e9der aux services pour lesquels vos informations ont \u00e9t\u00e9 demand\u00e9es ou que vous ne puissiez pas les utiliser.<\/p>\n\n\n\n<h3 class=\"wp-block-heading\">Cookies Etc.<\/h3>\n\n\n\n<p>Pour en savoir plus sur la mani\u00e8re dont nous utilisons ces technologies et sur les choix qui s&#8217;offrent \u00e0 vous en ce qui concerne ces technologies de suivi, veuillez consulter notre <a href=\"https:\/\/aquagarden-europe.com\/fr\/politique-en-matiere-de-cookies\/\">politique en mati\u00e8re de cookies<\/a>.<\/p>\n\n\n\n<h3 class=\"wp-block-heading\">La s\u00e9curit\u00e9 :<\/h3>\n\n\n\n<p>La s\u00e9curit\u00e9 de vos informations est importante pour nous et nous utiliserons des mesures de s\u00e9curit\u00e9 raisonnables pour emp\u00eacher la perte, l&#8217;utilisation abusive ou la modification non autoris\u00e9e de vos informations sous notre contr\u00f4le. Toutefois, compte tenu des risques inh\u00e9rents, nous ne pouvons pas garantir une s\u00e9curit\u00e9 absolue et, par cons\u00e9quent, nous ne pouvons pas assurer ou garantir la s\u00e9curit\u00e9 des informations que vous nous transmettez et vous le faites \u00e0 vos propres risques.<\/p>\n\n\n\n<h3 class=\"wp-block-heading\">D\u00e9l\u00e9gu\u00e9 aux plaintes et \u00e0 la protection des donn\u00e9es :<\/h3>\n\n\n\n<p>Si vous avez des questions ou des pr\u00e9occupations concernant le traitement de vos informations disponibles chez nous, vous pouvez contacter notre Grievance Officer \u00e0 l&#8217;adresse suivante : Customer Care, Aquagarden Interpet Ltd, Hamwood, Bishop&#8217;s Hull Hill, Bishop&#8217;s Hull, Taunton TA1 5EA, Great Britain, e-mail : orders@sera.de. Nous r\u00e9pondrons \u00e0 vos pr\u00e9occupations conform\u00e9ment \u00e0 la loi applicable.<\/p>\n<\/div>\n<\/div><\/section>\n","protected":false},"excerpt":{"rendered":"<p>Politique de confidentialit\u00e9 Date d&#8217;entr\u00e9e en vigueur 10\/04\/2025 La pr\u00e9sente politique de confidentialit\u00e9 d\u00e9crit la politique d&#8217;Aquagarden Interpet Ltd, Hamwood, Bishop&#8217;s Hull Hill, Bishop&#8217;s Hull, Taunton TA1 5EA, Grande-Bretagne, Royaume-Uni de Grande-Bretagne et d&#8217;Irlande du Nord (la), email : orders@sera.de phone : +49 2452 \/ 91 26 60 sur la collecte, l&#8217;utilisation et la divulgation [&hellip;]<\/p>\n","protected":false},"author":6,"featured_media":0,"parent":0,"menu_order":0,"comment_status":"closed","ping_status":"closed","template":"","meta":{"_acf_changed":false,"_relevanssi_hide_post":"","_relevanssi_hide_content":"","_relevanssi_pin_for_all":"","_relevanssi_pin_keywords":"","_relevanssi_unpin_keywords":"","_relevanssi_related_keywords":"","_relevanssi_related_include_ids":"","_relevanssi_related_exclude_ids":"","_relevanssi_related_no_append":"","_relevanssi_related_not_related":"","_relevanssi_related_posts":"","_relevanssi_noindex_reason":"","_uag_custom_page_level_css":"","advgb_blocks_editor_width":"","advgb_blocks_columns_visual_guide":"","site-sidebar-layout":"default","site-content-layout":"default","ast-site-content-layout":"default","site-content-style":"default","site-sidebar-style":"default","ast-global-header-display":"","ast-banner-title-visibility":"","ast-main-header-display":"","ast-hfb-above-header-display":"","ast-hfb-below-header-display":"","ast-hfb-mobile-header-display":"","site-post-title":"disabled","ast-breadcrumbs-content":"","ast-featured-img":"","footer-sml-layout":"","ast-disable-related-posts":"","theme-transparent-header-meta":"default","adv-header-id-meta":"","stick-header-meta":"default","header-above-stick-meta":"","header-main-stick-meta":"","header-below-stick-meta":"","astra-migrate-meta-layouts":"default","ast-page-background-enabled":"default","ast-page-background-meta":{"desktop":{"background-color":"","background-image":"","background-repeat":"repeat","background-position":"center center","background-size":"auto","background-attachment":"scroll","background-type":"","background-media":"","overlay-type":"","overlay-color":"","overlay-opacity":"","overlay-gradient":""},"tablet":{"background-color":"","background-image":"","background-repeat":"repeat","background-position":"center center","background-size":"auto","background-attachment":"scroll","background-type":"","background-media":"","overlay-type":"","overlay-color":"","overlay-opacity":"","overlay-gradient":""},"mobile":{"background-color":"","background-image":"","background-repeat":"repeat","background-position":"center center","background-size":"auto","background-attachment":"scroll","background-type":"","background-media":"","overlay-type":"","overlay-color":"","overlay-opacity":"","overlay-gradient":""}},"ast-content-background-meta":{"desktop":{"background-color":"var(--ast-global-color-5)","background-image":"","background-repeat":"repeat","background-position":"center center","background-size":"auto","background-attachment":"scroll","background-type":"","background-media":"","overlay-type":"","overlay-color":"","overlay-opacity":"","overlay-gradient":""},"tablet":{"background-color":"var(--ast-global-color-5)","background-image":"","background-repeat":"repeat","background-position":"center center","background-size":"auto","background-attachment":"scroll","background-type":"","background-media":"","overlay-type":"","overlay-color":"","overlay-opacity":"","overlay-gradient":""},"mobile":{"background-color":"var(--ast-global-color-5)","background-image":"","background-repeat":"repeat","background-position":"center center","background-size":"auto","background-attachment":"scroll","background-type":"","background-media":"","overlay-type":"","overlay-color":"","overlay-opacity":"","overlay-gradient":""}},"footnotes":""},"class_list":["ranking_","post-21035","page","type-page","status-publish","hentry"],"acf":[],"yoast_head":"<!-- This site is optimized with the Yoast SEO plugin v27.2 - https:\/\/yoast.com\/product\/yoast-seo-wordpress\/ -->\n<title>Politique de confidentialit\u00e9 - Aquagarden Europe<\/title>\n<meta name=\"description\" content=\"Politique de confidentialit\u00e9 pour Nylabone\" \/>\n<meta name=\"robots\" content=\"index, follow, max-snippet:-1, max-image-preview:large, max-video-preview:-1\" \/>\n<link rel=\"canonical\" href=\"https:\/\/aquagarden-europe.com\/fr\/politique-de-confidentialite\/\" \/>\n<meta property=\"og:locale\" content=\"fr_FR\" \/>\n<meta property=\"og:type\" content=\"article\" \/>\n<meta property=\"og:title\" content=\"Politique de confidentialit\u00e9 - Aquagarden Europe\" \/>\n<meta property=\"og:description\" content=\"Politique de confidentialit\u00e9 pour Nylabone\" \/>\n<meta property=\"og:url\" content=\"https:\/\/aquagarden-europe.com\/fr\/politique-de-confidentialite\/\" \/>\n<meta property=\"og:site_name\" content=\"Aquagarden Europe\" \/>\n<meta property=\"article:modified_time\" content=\"2025-07-10T14:18:09+00:00\" \/>\n<meta name=\"twitter:card\" content=\"summary_large_image\" \/>\n<meta name=\"twitter:label1\" content=\"Est. reading time\" \/>\n\t<meta name=\"twitter:data1\" content=\"3 minutes\" \/>\n<script type=\"application\/ld+json\" class=\"yoast-schema-graph\">{\"@context\":\"https:\/\/schema.org\",\"@graph\":[{\"@type\":\"WebPage\",\"@id\":\"https:\/\/aquagarden-europe.com\/fr\/politique-de-confidentialite\/\",\"url\":\"https:\/\/aquagarden-europe.com\/fr\/politique-de-confidentialite\/\",\"name\":\"Politique de confidentialit\u00e9 - Aquagarden Europe\",\"isPartOf\":{\"@id\":\"https:\/\/aquagarden-europe.com\/#website\"},\"datePublished\":\"2022-02-01T13:37:26+00:00\",\"dateModified\":\"2025-07-10T14:18:09+00:00\",\"description\":\"Politique de confidentialit\u00e9 pour Nylabone\",\"breadcrumb\":{\"@id\":\"https:\/\/aquagarden-europe.com\/fr\/politique-de-confidentialite\/#breadcrumb\"},\"inLanguage\":\"fr-FR\",\"potentialAction\":[{\"@type\":\"ReadAction\",\"target\":[\"https:\/\/aquagarden-europe.com\/fr\/politique-de-confidentialite\/\"]}]},{\"@type\":\"BreadcrumbList\",\"@id\":\"https:\/\/aquagarden-europe.com\/fr\/politique-de-confidentialite\/#breadcrumb\",\"itemListElement\":[{\"@type\":\"ListItem\",\"position\":1,\"name\":\"Home\",\"item\":\"https:\/\/aquagarden-europe.com\/fr\/\"},{\"@type\":\"ListItem\",\"position\":2,\"name\":\"Politique de confidentialit\u00e9\"}]},{\"@type\":\"WebSite\",\"@id\":\"https:\/\/aquagarden-europe.com\/#website\",\"url\":\"https:\/\/aquagarden-europe.com\/\",\"name\":\"Aquagarden Europe\",\"description\":\"\",\"publisher\":{\"@id\":\"https:\/\/aquagarden-europe.com\/#organization\"},\"potentialAction\":[{\"@type\":\"SearchAction\",\"target\":{\"@type\":\"EntryPoint\",\"urlTemplate\":\"https:\/\/aquagarden-europe.com\/?s={search_term_string}\"},\"query-input\":{\"@type\":\"PropertyValueSpecification\",\"valueRequired\":true,\"valueName\":\"search_term_string\"}}],\"inLanguage\":\"fr-FR\"},{\"@type\":\"Organization\",\"@id\":\"https:\/\/aquagarden-europe.com\/#organization\",\"name\":\"Aquagarden Europe\",\"url\":\"https:\/\/aquagarden-europe.com\/\",\"logo\":{\"@type\":\"ImageObject\",\"inLanguage\":\"fr-FR\",\"@id\":\"https:\/\/aquagarden-europe.com\/#\/schema\/logo\/image\/\",\"url\":\"https:\/\/aquagarden-europe.com\/wp-content\/uploads\/2024\/01\/AquaGarden_Logo-1.svg\",\"contentUrl\":\"https:\/\/aquagarden-europe.com\/wp-content\/uploads\/2024\/01\/AquaGarden_Logo-1.svg\",\"caption\":\"Aquagarden Europe\"},\"image\":{\"@id\":\"https:\/\/aquagarden-europe.com\/#\/schema\/logo\/image\/\"}}]}<\/script>\n<!-- \/ Yoast SEO plugin. -->","yoast_head_json":{"title":"Politique de confidentialit\u00e9 - Aquagarden Europe","description":"Politique de confidentialit\u00e9 pour Nylabone","robots":{"index":"index","follow":"follow","max-snippet":"max-snippet:-1","max-image-preview":"max-image-preview:large","max-video-preview":"max-video-preview:-1"},"canonical":"https:\/\/aquagarden-europe.com\/fr\/politique-de-confidentialite\/","og_locale":"fr_FR","og_type":"article","og_title":"Politique de confidentialit\u00e9 - Aquagarden Europe","og_description":"Politique de confidentialit\u00e9 pour Nylabone","og_url":"https:\/\/aquagarden-europe.com\/fr\/politique-de-confidentialite\/","og_site_name":"Aquagarden Europe","article_modified_time":"2025-07-10T14:18:09+00:00","twitter_card":"summary_large_image","twitter_misc":{"Est. reading time":"3 minutes"},"schema":{"@context":"https:\/\/schema.org","@graph":[{"@type":"WebPage","@id":"https:\/\/aquagarden-europe.com\/fr\/politique-de-confidentialite\/","url":"https:\/\/aquagarden-europe.com\/fr\/politique-de-confidentialite\/","name":"Politique de confidentialit\u00e9 - Aquagarden Europe","isPartOf":{"@id":"https:\/\/aquagarden-europe.com\/#website"},"datePublished":"2022-02-01T13:37:26+00:00","dateModified":"2025-07-10T14:18:09+00:00","description":"Politique de confidentialit\u00e9 pour Nylabone","breadcrumb":{"@id":"https:\/\/aquagarden-europe.com\/fr\/politique-de-confidentialite\/#breadcrumb"},"inLanguage":"fr-FR","potentialAction":[{"@type":"ReadAction","target":["https:\/\/aquagarden-europe.com\/fr\/politique-de-confidentialite\/"]}]},{"@type":"BreadcrumbList","@id":"https:\/\/aquagarden-europe.com\/fr\/politique-de-confidentialite\/#breadcrumb","itemListElement":[{"@type":"ListItem","position":1,"name":"Home","item":"https:\/\/aquagarden-europe.com\/fr\/"},{"@type":"ListItem","position":2,"name":"Politique de confidentialit\u00e9"}]},{"@type":"WebSite","@id":"https:\/\/aquagarden-europe.com\/#website","url":"https:\/\/aquagarden-europe.com\/","name":"Aquagarden Europe","description":"","publisher":{"@id":"https:\/\/aquagarden-europe.com\/#organization"},"potentialAction":[{"@type":"SearchAction","target":{"@type":"EntryPoint","urlTemplate":"https:\/\/aquagarden-europe.com\/?s={search_term_string}"},"query-input":{"@type":"PropertyValueSpecification","valueRequired":true,"valueName":"search_term_string"}}],"inLanguage":"fr-FR"},{"@type":"Organization","@id":"https:\/\/aquagarden-europe.com\/#organization","name":"Aquagarden Europe","url":"https:\/\/aquagarden-europe.com\/","logo":{"@type":"ImageObject","inLanguage":"fr-FR","@id":"https:\/\/aquagarden-europe.com\/#\/schema\/logo\/image\/","url":"https:\/\/aquagarden-europe.com\/wp-content\/uploads\/2024\/01\/AquaGarden_Logo-1.svg","contentUrl":"https:\/\/aquagarden-europe.com\/wp-content\/uploads\/2024\/01\/AquaGarden_Logo-1.svg","caption":"Aquagarden Europe"},"image":{"@id":"https:\/\/aquagarden-europe.com\/#\/schema\/logo\/image\/"}}]}},"uagb_featured_image_src":{"full":false,"thumbnail":false,"medium":false,"medium_large":false,"large":false,"blz_expanded_feature":false,"gs-tiny":false,"xl":false,"xxl":false,"xxxl":false,"xxxxl":false,"xxxxxl":false,"1536x1536":false,"2048x2048":false,"background_image":false,"woocommerce_thumbnail":false,"woocommerce_single":false,"woocommerce_gallery_thumbnail":false,"shop_catalog":false,"shop_single":false,"shop_thumbnail":false,"page-header":false,"page-two-to-one":false},"uagb_author_info":{"display_name":"Phil Durston","author_link":"https:\/\/aquagarden-europe.com\/fr\/author\/phil-sera\/"},"uagb_comment_info":0,"uagb_excerpt":"Politique de confidentialit\u00e9 Date d&#8217;entr\u00e9e en vigueur 10\/04\/2025 La pr\u00e9sente politique de confidentialit\u00e9 d\u00e9crit la politique d&#8217;Aquagarden Interpet Ltd, Hamwood, Bishop&#8217;s Hull Hill, Bishop&#8217;s Hull, Taunton TA1 5EA, Grande-Bretagne, Royaume-Uni de Grande-Bretagne et d&#8217;Irlande du Nord (la), email : orders@sera.de phone : +49 2452 \/ 91 26 60 sur la collecte, l&#8217;utilisation et la divulgation&hellip;","coauthors":[],"author_meta":{"author_link":"https:\/\/aquagarden-europe.com\/fr\/author\/phil-sera\/","display_name":"Phil Durston"},"relative_dates":{"created":"Publi\u00e9 4 years il y a","modified":"Mis \u00e0 jour 9 months il y a"},"absolute_dates":{"created":"Publi\u00e9 le 1 February 2022","modified":"Mise \u00e0 jour le 10 July 2025"},"absolute_dates_time":{"created":"Publi\u00e9 le 1 February 2022 1:37 pm","modified":"Mise \u00e0 jour le 10 July 2025 3:18 pm"},"featured_img_caption":"","featured_img":false,"series_order":"","_links":{"self":[{"href":"https:\/\/aquagarden-europe.com\/fr\/wp-json\/wp\/v2\/pages\/21035","targetHints":{"allow":["GET"]}}],"collection":[{"href":"https:\/\/aquagarden-europe.com\/fr\/wp-json\/wp\/v2\/pages"}],"about":[{"href":"https:\/\/aquagarden-europe.com\/fr\/wp-json\/wp\/v2\/types\/page"}],"author":[{"embeddable":true,"href":"https:\/\/aquagarden-europe.com\/fr\/wp-json\/wp\/v2\/users\/6"}],"replies":[{"embeddable":true,"href":"https:\/\/aquagarden-europe.com\/fr\/wp-json\/wp\/v2\/comments?post=21035"}],"version-history":[{"count":5,"href":"https:\/\/aquagarden-europe.com\/fr\/wp-json\/wp\/v2\/pages\/21035\/revisions"}],"predecessor-version":[{"id":28578,"href":"https:\/\/aquagarden-europe.com\/fr\/wp-json\/wp\/v2\/pages\/21035\/revisions\/28578"}],"wp:attachment":[{"href":"https:\/\/aquagarden-europe.com\/fr\/wp-json\/wp\/v2\/media?parent=21035"}],"curies":[{"name":"wp","href":"https:\/\/api.w.org\/{rel}","templated":true}]}}