{"id":28064,"date":"2024-01-26T15:49:40","date_gmt":"2024-01-26T15:49:40","guid":{"rendered":"https:\/\/aquagarden-europe.com\/uncategorized\/teichreinigungsmaschine-7000-fuer-standardteiche\/"},"modified":"2024-01-26T15:49:40","modified_gmt":"2024-01-26T15:49:40","slug":"teichreinigungsmaschine-7000-fur-standard-teiche","status":"publish","type":"product","link":"https:\/\/aquagarden-europe.com\/de\/reinigen-sie-teich-maschine-uv-filter\/teichreinigungsmaschine-7000-fur-standard-teiche\/","title":{"rendered":"Teichreinigungsmaschine 7000 f\u00fcr Standardteiche"},"content":{"rendered":"<p>Garantiert kristallklares Wasser mit der Clean Pond Machine 7000 Haben Sie einen kleinen oder mittelgro\u00dfen Teich und m\u00f6chten Sie ihn klar, sauber, attraktiv und gesund halten, ohne sich die H\u00e4nde schmutzig zu machen? Die Clean Pond Machine 7000 ist ein effektives, einfach zu bedienendes Filtersystem, das Ihren Teich sauber und gesund h\u00e4lt, w\u00e4hrend Ihre H\u00e4nde sauber und trocken bleiben. Er beinhaltet: Turn to wash Clean hands Reinigungssystem Integrierter Green Water UV-Kl\u00e4rer Revolution\u00e4re schaumfreie 2-in-1 CHI-Medien mit lebenslanger Garantie Gepaart mit Clean Pond Pods f\u00fcr eine 5-in-1-Reinigungsl\u00f6sung (KOSTENLOSE Pods in der Packung enthalten) Direkt zum Filter Pod-Dosierkammer Sparsam im Betrieb &#8211; niedrige Wattzahl Bequeme Installation &#8211; \u00fcber oder unter der Erde Clearwater Garantie 3 Jahre Garantie<\/p>\n","protected":false},"excerpt":{"rendered":"<p>Garantiert kristallklares Wasser mit der Clean Pond Machine 7000 Haben Sie einen kleinen oder mittelgro\u00dfen Teich und m\u00f6chten Sie ihn klar, sauber, attraktiv und gesund halten, ohne sich die H\u00e4nde schmutzig zu machen? Die Clean Pond Machine 7000 ist ein effektives, einfach zu bedienendes Filtersystem, das Ihren Teich sauber und gesund h\u00e4lt, w\u00e4hrend Ihre H\u00e4nde [&hellip;]<\/p>\n","protected":false},"author":6,"featured_media":27369,"template":"","meta":{"_acf_changed":false,"_relevanssi_hide_post":"","_relevanssi_hide_content":"","_relevanssi_pin_for_all":"","_relevanssi_pin_keywords":"","_relevanssi_unpin_keywords":"","_relevanssi_related_keywords":"","_relevanssi_related_include_ids":"","_relevanssi_related_exclude_ids":"","_relevanssi_related_no_append":"","_relevanssi_related_not_related":"","_relevanssi_related_posts":"","_relevanssi_noindex_reason":"","_uag_custom_page_level_css":"","advgb_blocks_editor_width":"","advgb_blocks_columns_visual_guide":"","site-sidebar-layout":"default","site-content-layout":"","ast-site-content-layout":"default","site-content-style":"default","site-sidebar-style":"default","ast-global-header-display":"","ast-banner-title-visibility":"","ast-main-header-display":"","ast-hfb-above-header-display":"","ast-hfb-below-header-display":"","ast-hfb-mobile-header-display":"","site-post-title":"","ast-breadcrumbs-content":"","ast-featured-img":"","footer-sml-layout":"","ast-disable-related-posts":"","theme-transparent-header-meta":"","adv-header-id-meta":"","stick-header-meta":"","header-above-stick-meta":"","header-main-stick-meta":"","header-below-stick-meta":"","astra-migrate-meta-layouts":"default","ast-page-background-enabled":"default","ast-page-background-meta":{"desktop":{"background-color":"","background-image":"","background-repeat":"repeat","background-position":"center center","background-size":"auto","background-attachment":"scroll","background-type":"","background-media":"","overlay-type":"","overlay-color":"","overlay-opacity":"","overlay-gradient":""},"tablet":{"background-color":"","background-image":"","background-repeat":"repeat","background-position":"center center","background-size":"auto","background-attachment":"scroll","background-type":"","background-media":"","overlay-type":"","overlay-color":"","overlay-opacity":"","overlay-gradient":""},"mobile":{"background-color":"","background-image":"","background-repeat":"repeat","background-position":"center center","background-size":"auto","background-attachment":"scroll","background-type":"","background-media":"","overlay-type":"","overlay-color":"","overlay-opacity":"","overlay-gradient":""}},"ast-content-background-meta":{"desktop":{"background-color":"var(--ast-global-color-5)","background-image":"","background-repeat":"repeat","background-position":"center center","background-size":"auto","background-attachment":"scroll","background-type":"","background-media":"","overlay-type":"","overlay-color":"","overlay-opacity":"","overlay-gradient":""},"tablet":{"background-color":"var(--ast-global-color-5)","background-image":"","background-repeat":"repeat","background-position":"center center","background-size":"auto","background-attachment":"scroll","background-type":"","background-media":"","overlay-type":"","overlay-color":"","overlay-opacity":"","overlay-gradient":""},"mobile":{"background-color":"var(--ast-global-color-5)","background-image":"","background-repeat":"repeat","background-position":"center center","background-size":"auto","background-attachment":"scroll","background-type":"","background-media":"","overlay-type":"","overlay-color":"","overlay-opacity":"","overlay-gradient":""}}},"product_brand":[],"product_cat":[370],"product_tag":[],"inspiration_category":[],"class_list":{"0":"ranking_60","1":"post-28064","2":"product","3":"type-product","4":"status-publish","5":"has-post-thumbnail","7":"product_cat-reinigen-sie-teich-maschine-uv-filter","8":"desktop-align-left","9":"tablet-align-left","10":"mobile-align-left","11":"ast-product-gallery-layout-horizontal","12":"ast-product-gallery-with-no-image","13":"ast-product-tabs-layout-horizontal","15":"first","16":"instock","17":"shipping-taxable","18":"purchasable","19":"product-type-simple"},"acf":[],"yoast_head":"<!-- This site is optimized with the Yoast SEO plugin v27.2 - https:\/\/yoast.com\/product\/yoast-seo-wordpress\/ -->\n<title>Teichreinigungsmaschine 7000 f\u00fcr Standardteiche - Aquagarden Europe<\/title>\n<meta name=\"robots\" content=\"index, follow, max-snippet:-1, max-image-preview:large, max-video-preview:-1\" \/>\n<link rel=\"canonical\" href=\"https:\/\/aquagarden-europe.com\/uncategorized\/teichreinigungsmaschine-7000-fuer-standardteiche\/\" \/>\n<meta property=\"og:locale\" content=\"de_DE\" \/>\n<meta property=\"og:type\" content=\"article\" \/>\n<meta property=\"og:title\" content=\"Teichreinigungsmaschine 7000 f\u00fcr Standardteiche - Aquagarden Europe\" \/>\n<meta property=\"og:description\" content=\"Garantiert kristallklares Wasser mit der Clean Pond Machine 7000 Haben Sie einen kleinen oder mittelgro\u00dfen Teich und m\u00f6chten Sie ihn klar, sauber, attraktiv und gesund halten, ohne sich die H\u00e4nde schmutzig zu machen? Die Clean Pond Machine 7000 ist ein effektives, einfach zu bedienendes Filtersystem, das Ihren Teich sauber und gesund h\u00e4lt, w\u00e4hrend Ihre H\u00e4nde [&hellip;]\" \/>\n<meta property=\"og:url\" content=\"https:\/\/aquagarden-europe.com\/uncategorized\/teichreinigungsmaschine-7000-fuer-standardteiche\/\" \/>\n<meta property=\"og:site_name\" content=\"Aquagarden Europe\" \/>\n<meta name=\"twitter:card\" content=\"summary_large_image\" \/>\n<meta name=\"twitter:label1\" content=\"Est. reading time\" \/>\n\t<meta name=\"twitter:data1\" content=\"1 minute\" \/>\n<script type=\"application\/ld+json\" class=\"yoast-schema-graph\">{\"@context\":\"https:\/\/schema.org\",\"@graph\":[{\"@type\":\"WebPage\",\"@id\":\"https:\/\/aquagarden-europe.com\/uncategorized\/teichreinigungsmaschine-7000-fuer-standardteiche\/\",\"url\":\"https:\/\/aquagarden-europe.com\/uncategorized\/teichreinigungsmaschine-7000-fuer-standardteiche\/\",\"name\":\"Teichreinigungsmaschine 7000 f\u00fcr Standardteiche - Aquagarden Europe\",\"isPartOf\":{\"@id\":\"https:\/\/aquagarden-europe.com\/#website\"},\"primaryImageOfPage\":{\"@id\":\"https:\/\/aquagarden-europe.com\/uncategorized\/teichreinigungsmaschine-7000-fuer-standardteiche\/#primaryimage\"},\"image\":{\"@id\":\"https:\/\/aquagarden-europe.com\/uncategorized\/teichreinigungsmaschine-7000-fuer-standardteiche\/#primaryimage\"},\"thumbnailUrl\":\"https:\/\/aquagarden-europe.com\/wp-content\/uploads\/2024\/01\/65b3be14654f10.82093035.jpg\",\"datePublished\":\"2024-01-26T15:49:40+00:00\",\"breadcrumb\":{\"@id\":\"https:\/\/aquagarden-europe.com\/uncategorized\/teichreinigungsmaschine-7000-fuer-standardteiche\/#breadcrumb\"},\"inLanguage\":\"de-DE\",\"potentialAction\":[{\"@type\":\"ReadAction\",\"target\":[\"https:\/\/aquagarden-europe.com\/uncategorized\/teichreinigungsmaschine-7000-fuer-standardteiche\/\"]}]},{\"@type\":\"ImageObject\",\"inLanguage\":\"de-DE\",\"@id\":\"https:\/\/aquagarden-europe.com\/uncategorized\/teichreinigungsmaschine-7000-fuer-standardteiche\/#primaryimage\",\"url\":\"https:\/\/aquagarden-europe.com\/wp-content\/uploads\/2024\/01\/65b3be14654f10.82093035.jpg\",\"contentUrl\":\"https:\/\/aquagarden-europe.com\/wp-content\/uploads\/2024\/01\/65b3be14654f10.82093035.jpg\",\"width\":1500,\"height\":1500},{\"@type\":\"BreadcrumbList\",\"@id\":\"https:\/\/aquagarden-europe.com\/uncategorized\/teichreinigungsmaschine-7000-fuer-standardteiche\/#breadcrumb\",\"itemListElement\":[{\"@type\":\"ListItem\",\"position\":1,\"name\":\"Home\",\"item\":\"https:\/\/aquagarden-europe.com\/de\/\"},{\"@type\":\"ListItem\",\"position\":2,\"name\":\"Unsere Produkte\",\"item\":\"https:\/\/aquagarden-europe.com\/de\/\"},{\"@type\":\"ListItem\",\"position\":3,\"name\":\"Teichreinigungsmaschine 7000 f\u00fcr Standardteiche\"}]},{\"@type\":\"WebSite\",\"@id\":\"https:\/\/aquagarden-europe.com\/#website\",\"url\":\"https:\/\/aquagarden-europe.com\/\",\"name\":\"Aquagarden Europe\",\"description\":\"\",\"publisher\":{\"@id\":\"https:\/\/aquagarden-europe.com\/#organization\"},\"potentialAction\":[{\"@type\":\"SearchAction\",\"target\":{\"@type\":\"EntryPoint\",\"urlTemplate\":\"https:\/\/aquagarden-europe.com\/?s={search_term_string}\"},\"query-input\":{\"@type\":\"PropertyValueSpecification\",\"valueRequired\":true,\"valueName\":\"search_term_string\"}}],\"inLanguage\":\"de-DE\"},{\"@type\":\"Organization\",\"@id\":\"https:\/\/aquagarden-europe.com\/#organization\",\"name\":\"Aquagarden Europe\",\"url\":\"https:\/\/aquagarden-europe.com\/\",\"logo\":{\"@type\":\"ImageObject\",\"inLanguage\":\"de-DE\",\"@id\":\"https:\/\/aquagarden-europe.com\/#\/schema\/logo\/image\/\",\"url\":\"https:\/\/aquagarden-europe.com\/wp-content\/uploads\/2024\/01\/AquaGarden_Logo-1.svg\",\"contentUrl\":\"https:\/\/aquagarden-europe.com\/wp-content\/uploads\/2024\/01\/AquaGarden_Logo-1.svg\",\"caption\":\"Aquagarden Europe\"},\"image\":{\"@id\":\"https:\/\/aquagarden-europe.com\/#\/schema\/logo\/image\/\"}}]}<\/script>\n<!-- \/ Yoast SEO plugin. -->","yoast_head_json":{"title":"Teichreinigungsmaschine 7000 f\u00fcr Standardteiche - Aquagarden Europe","robots":{"index":"index","follow":"follow","max-snippet":"max-snippet:-1","max-image-preview":"max-image-preview:large","max-video-preview":"max-video-preview:-1"},"canonical":"https:\/\/aquagarden-europe.com\/uncategorized\/teichreinigungsmaschine-7000-fuer-standardteiche\/","og_locale":"de_DE","og_type":"article","og_title":"Teichreinigungsmaschine 7000 f\u00fcr Standardteiche - Aquagarden Europe","og_description":"Garantiert kristallklares Wasser mit der Clean Pond Machine 7000 Haben Sie einen kleinen oder mittelgro\u00dfen Teich und m\u00f6chten Sie ihn klar, sauber, attraktiv und gesund halten, ohne sich die H\u00e4nde schmutzig zu machen? Die Clean Pond Machine 7000 ist ein effektives, einfach zu bedienendes Filtersystem, das Ihren Teich sauber und gesund h\u00e4lt, w\u00e4hrend Ihre H\u00e4nde [&hellip;]","og_url":"https:\/\/aquagarden-europe.com\/uncategorized\/teichreinigungsmaschine-7000-fuer-standardteiche\/","og_site_name":"Aquagarden Europe","twitter_card":"summary_large_image","twitter_misc":{"Est. reading time":"1 minute"},"schema":{"@context":"https:\/\/schema.org","@graph":[{"@type":"WebPage","@id":"https:\/\/aquagarden-europe.com\/uncategorized\/teichreinigungsmaschine-7000-fuer-standardteiche\/","url":"https:\/\/aquagarden-europe.com\/uncategorized\/teichreinigungsmaschine-7000-fuer-standardteiche\/","name":"Teichreinigungsmaschine 7000 f\u00fcr Standardteiche - Aquagarden Europe","isPartOf":{"@id":"https:\/\/aquagarden-europe.com\/#website"},"primaryImageOfPage":{"@id":"https:\/\/aquagarden-europe.com\/uncategorized\/teichreinigungsmaschine-7000-fuer-standardteiche\/#primaryimage"},"image":{"@id":"https:\/\/aquagarden-europe.com\/uncategorized\/teichreinigungsmaschine-7000-fuer-standardteiche\/#primaryimage"},"thumbnailUrl":"https:\/\/aquagarden-europe.com\/wp-content\/uploads\/2024\/01\/65b3be14654f10.82093035.jpg","datePublished":"2024-01-26T15:49:40+00:00","breadcrumb":{"@id":"https:\/\/aquagarden-europe.com\/uncategorized\/teichreinigungsmaschine-7000-fuer-standardteiche\/#breadcrumb"},"inLanguage":"de-DE","potentialAction":[{"@type":"ReadAction","target":["https:\/\/aquagarden-europe.com\/uncategorized\/teichreinigungsmaschine-7000-fuer-standardteiche\/"]}]},{"@type":"ImageObject","inLanguage":"de-DE","@id":"https:\/\/aquagarden-europe.com\/uncategorized\/teichreinigungsmaschine-7000-fuer-standardteiche\/#primaryimage","url":"https:\/\/aquagarden-europe.com\/wp-content\/uploads\/2024\/01\/65b3be14654f10.82093035.jpg","contentUrl":"https:\/\/aquagarden-europe.com\/wp-content\/uploads\/2024\/01\/65b3be14654f10.82093035.jpg","width":1500,"height":1500},{"@type":"BreadcrumbList","@id":"https:\/\/aquagarden-europe.com\/uncategorized\/teichreinigungsmaschine-7000-fuer-standardteiche\/#breadcrumb","itemListElement":[{"@type":"ListItem","position":1,"name":"Home","item":"https:\/\/aquagarden-europe.com\/de\/"},{"@type":"ListItem","position":2,"name":"Unsere Produkte","item":"https:\/\/aquagarden-europe.com\/de\/"},{"@type":"ListItem","position":3,"name":"Teichreinigungsmaschine 7000 f\u00fcr Standardteiche"}]},{"@type":"WebSite","@id":"https:\/\/aquagarden-europe.com\/#website","url":"https:\/\/aquagarden-europe.com\/","name":"Aquagarden Europe","description":"","publisher":{"@id":"https:\/\/aquagarden-europe.com\/#organization"},"potentialAction":[{"@type":"SearchAction","target":{"@type":"EntryPoint","urlTemplate":"https:\/\/aquagarden-europe.com\/?s={search_term_string}"},"query-input":{"@type":"PropertyValueSpecification","valueRequired":true,"valueName":"search_term_string"}}],"inLanguage":"de-DE"},{"@type":"Organization","@id":"https:\/\/aquagarden-europe.com\/#organization","name":"Aquagarden Europe","url":"https:\/\/aquagarden-europe.com\/","logo":{"@type":"ImageObject","inLanguage":"de-DE","@id":"https:\/\/aquagarden-europe.com\/#\/schema\/logo\/image\/","url":"https:\/\/aquagarden-europe.com\/wp-content\/uploads\/2024\/01\/AquaGarden_Logo-1.svg","contentUrl":"https:\/\/aquagarden-europe.com\/wp-content\/uploads\/2024\/01\/AquaGarden_Logo-1.svg","caption":"Aquagarden Europe"},"image":{"@id":"https:\/\/aquagarden-europe.com\/#\/schema\/logo\/image\/"}}]}},"uagb_featured_image_src":{"full":["https:\/\/aquagarden-europe.com\/wp-content\/uploads\/2024\/01\/65b3be14654f10.82093035.jpg",1500,1500,false],"thumbnail":["https:\/\/aquagarden-europe.com\/wp-content\/uploads\/2024\/01\/65b3be14654f10.82093035-150x150.jpg",150,150,true],"medium":["https:\/\/aquagarden-europe.com\/wp-content\/uploads\/2024\/01\/65b3be14654f10.82093035-300x300.jpg",300,300,true],"medium_large":["https:\/\/aquagarden-europe.com\/wp-content\/uploads\/2024\/01\/65b3be14654f10.82093035-768x768.jpg",768,768,true],"large":["https:\/\/aquagarden-europe.com\/wp-content\/uploads\/2024\/01\/65b3be14654f10.82093035-1024x1024.jpg",1024,1024,true],"blz_expanded_feature":["https:\/\/aquagarden-europe.com\/wp-content\/uploads\/2024\/01\/65b3be14654f10.82093035-275x220.jpg",275,220,true],"gs-tiny":["https:\/\/aquagarden-europe.com\/wp-content\/uploads\/2024\/01\/65b3be14654f10.82093035.jpg",50,50,false],"xl":["https:\/\/aquagarden-europe.com\/wp-content\/uploads\/2024\/01\/65b3be14654f10.82093035.jpg",1500,1500,false],"xxl":["https:\/\/aquagarden-europe.com\/wp-content\/uploads\/2024\/01\/65b3be14654f10.82093035.jpg",1500,1500,false],"xxxl":["https:\/\/aquagarden-europe.com\/wp-content\/uploads\/2024\/01\/65b3be14654f10.82093035.jpg",1500,1500,false],"xxxxl":["https:\/\/aquagarden-europe.com\/wp-content\/uploads\/2024\/01\/65b3be14654f10.82093035.jpg",1500,1500,false],"xxxxxl":["https:\/\/aquagarden-europe.com\/wp-content\/uploads\/2024\/01\/65b3be14654f10.82093035.jpg",1500,1500,false],"1536x1536":["https:\/\/aquagarden-europe.com\/wp-content\/uploads\/2024\/01\/65b3be14654f10.82093035.jpg",1500,1500,false],"2048x2048":["https:\/\/aquagarden-europe.com\/wp-content\/uploads\/2024\/01\/65b3be14654f10.82093035.jpg",1500,1500,false],"background_image":["https:\/\/aquagarden-europe.com\/wp-content\/uploads\/2024\/01\/65b3be14654f10.82093035-800x800.jpg",800,800,true],"woocommerce_thumbnail":["https:\/\/aquagarden-europe.com\/wp-content\/uploads\/2024\/01\/65b3be14654f10.82093035-358x358.jpg",358,358,true],"woocommerce_single":["https:\/\/aquagarden-europe.com\/wp-content\/uploads\/2024\/01\/65b3be14654f10.82093035-600x600.jpg",600,600,true],"woocommerce_gallery_thumbnail":["https:\/\/aquagarden-europe.com\/wp-content\/uploads\/2024\/01\/65b3be14654f10.82093035-100x100.jpg",100,100,true],"shop_catalog":["https:\/\/aquagarden-europe.com\/wp-content\/uploads\/2024\/01\/65b3be14654f10.82093035-300x300.jpg",300,300,true],"shop_single":["https:\/\/aquagarden-europe.com\/wp-content\/uploads\/2024\/01\/65b3be14654f10.82093035-600x600.jpg",600,600,true],"shop_thumbnail":["https:\/\/aquagarden-europe.com\/wp-content\/uploads\/2024\/01\/65b3be14654f10.82093035-100x100.jpg",100,100,true],"page-header":["https:\/\/aquagarden-europe.com\/wp-content\/uploads\/2024\/01\/65b3be14654f10.82093035-1500x400.jpg",1500,400,true],"page-two-to-one":["https:\/\/aquagarden-europe.com\/wp-content\/uploads\/2024\/01\/65b3be14654f10.82093035-1500x1024.jpg",1500,1024,true]},"uagb_author_info":{"display_name":"Phil Durston","author_link":"https:\/\/aquagarden-europe.com\/de\/author\/phil-sera\/"},"uagb_comment_info":0,"uagb_excerpt":"Garantiert kristallklares Wasser mit der Clean Pond Machine 7000 Haben Sie einen kleinen oder mittelgro\u00dfen Teich und m\u00f6chten Sie ihn klar, sauber, attraktiv und gesund halten, ohne sich die H\u00e4nde schmutzig zu machen? Die Clean Pond Machine 7000 ist ein effektives, einfach zu bedienendes Filtersystem, das Ihren Teich sauber und gesund h\u00e4lt, w\u00e4hrend Ihre H\u00e4nde&hellip;","featured_img":"https:\/\/aquagarden-europe.com\/wp-content\/uploads\/2024\/01\/65b3be14654f10.82093035.jpg","coauthors":[],"author_meta":{"author_link":"https:\/\/aquagarden-europe.com\/de\/author\/phil-sera\/","display_name":"Phil Durston"},"relative_dates":{"created":"Posted 2 years ago","modified":"Updated 2 years ago"},"absolute_dates":{"created":"Posted on 26 January 2024","modified":"Updated on 26 January 2024"},"absolute_dates_time":{"created":"Posted on 26 January 2024 3:49 pm","modified":"Updated on 26 January 2024 3:49 pm"},"featured_img_caption":"","tax_additional":{"product_brand":{"linked":[],"unlinked":[],"slug":"product_brand","name":"Brands"},"product_type":{"linked":["<a href=\"https:\/\/aquagarden-europe.com\/de\/?taxonomy=product_type&#038;term=simple\" class=\"advgb-post-tax-term\">simple<\/a>"],"unlinked":["<span class=\"advgb-post-tax-term\">simple<\/span>"],"slug":"product_type","name":"Product type"},"product_visibility":{"linked":[],"unlinked":[],"slug":"product_visibility","name":"Product visibility"},"product_cat":{"linked":["<a href=\"https:\/\/aquagarden-europe.com\/de\/reinigen-sie-teich-maschine-uv-filter\/\" class=\"advgb-post-tax-term\">Reinigen Sie Teich Maschine UV-Filter<\/a>"],"unlinked":["<span class=\"advgb-post-tax-term\">Reinigen Sie Teich Maschine UV-Filter<\/span>"],"slug":"product_cat","name":"Product categories"},"product_tag":{"linked":[],"unlinked":[],"slug":"product_tag","name":"Product tags"},"product_shipping_class":{"linked":[],"unlinked":[],"slug":"product_shipping_class","name":"Product shipping classes"},"pos_product_visibility":{"linked":[],"unlinked":[],"slug":"pos_product_visibility","name":"POS Product visibility"},"translation_priority":{"linked":["<a href=\"https:\/\/aquagarden-europe.com\/de\/?taxonomy=translation_priority&#038;term=optional-de\" class=\"advgb-post-tax-term\">Optional<\/a>"],"unlinked":["<span class=\"advgb-post-tax-term\">Optional<\/span>"],"slug":"translation_priority","name":"\u00dcbersetzungspriorit\u00e4ten"},"inspiration_category":{"linked":[],"unlinked":[],"slug":"inspiration_category","name":"Inspiration Categories"}},"series_order":"","_links":{"self":[{"href":"https:\/\/aquagarden-europe.com\/de\/wp-json\/wp\/v2\/product\/28064","targetHints":{"allow":["GET"]}}],"collection":[{"href":"https:\/\/aquagarden-europe.com\/de\/wp-json\/wp\/v2\/product"}],"about":[{"href":"https:\/\/aquagarden-europe.com\/de\/wp-json\/wp\/v2\/types\/product"}],"wp:featuredmedia":[{"embeddable":true,"href":"https:\/\/aquagarden-europe.com\/de\/wp-json\/wp\/v2\/media\/27369"}],"wp:attachment":[{"href":"https:\/\/aquagarden-europe.com\/de\/wp-json\/wp\/v2\/media?parent=28064"}],"wp:term":[{"taxonomy":"product_brand","embeddable":true,"href":"https:\/\/aquagarden-europe.com\/de\/wp-json\/wp\/v2\/product_brand?post=28064"},{"taxonomy":"product_cat","embeddable":true,"href":"https:\/\/aquagarden-europe.com\/de\/wp-json\/wp\/v2\/product_cat?post=28064"},{"taxonomy":"product_tag","embeddable":true,"href":"https:\/\/aquagarden-europe.com\/de\/wp-json\/wp\/v2\/product_tag?post=28064"},{"taxonomy":"inspiration_category","embeddable":true,"href":"https:\/\/aquagarden-europe.com\/de\/wp-json\/wp\/v2\/inspiration_category?post=28064"}],"curies":[{"name":"wp","href":"https:\/\/api.w.org\/{rel}","templated":true}]}}