{"id":28045,"date":"2024-01-26T15:51:46","date_gmt":"2024-01-26T15:51:46","guid":{"rendered":"https:\/\/aquagarden-europe.com\/uncategorized\/saubere-teichkugeln-6er-pack\/"},"modified":"2024-01-26T15:51:46","modified_gmt":"2024-01-26T15:51:46","slug":"teichreiniger-pods-6er-pack","status":"publish","type":"product","link":"https:\/\/aquagarden-europe.com\/de\/behandlungen\/clean-pond-pods\/teichreiniger-pods-6er-pack\/","title":{"rendered":"Saubere Teichkugeln 6er Pack"},"content":{"rendered":"<p>Clean Pond Pods sind eine schnelle und einfache 5-in-1-Wasserbehandlung, um die h\u00e4ufigsten Teichprobleme zu l\u00f6sen. Sie verbrauchen den Teichschlamm, machen das Leitungswasser sicher, f\u00f6rdern ein gesundes Pflanzenwachstum, reduzieren die Filterreinigung und stabilisieren den pH-Wert f\u00fcr ges\u00fcndere Fische. Der l\u00f6sliche Film l\u00f6st sich schnell auf und setzt die f\u00fcr Haustiere und Wildtiere unbedenklichen Wirkstoffe frei, die sich sofort an die Arbeit machen, um Ihren Teich zu reinigen und zu kl\u00e4ren. Verwenden Sie Clean Pond Pods in Verbindung mit Ihrem Inpond 5 in 1\/6 in 1 oder Clean Pond UV-Filter f\u00fcr au\u00dfergew\u00f6hnliche Ergebnisse. Clean Pond Pods k\u00f6nnen direkt in ungefilterte Teiche oder mit anderen Filtersystemen eingesetzt werden. Aufgrund der Art und Weise, wie Clean Pond Pods im \u00d6kosystem des Teiches wirken, sind die Ergebnisse am effektivsten, wenn sie \u00fcber einen konstanten Zeitraum verwendet werden, und sind keine L\u00f6sung \u00fcber Nacht&#8221;. Um eine langfristige Wirkung zu erzielen, sollte die erste Dosis verabreicht werden, wenn die Wassertemperatur 10 \u00b0C erreicht hat, und dann noch einmal zwei Wochen sp\u00e4ter. Danach wird monatlich dosiert, bis die t\u00e4glichen Wassertemperaturen unter 10\u00b0C fallen. Dieser Dosierungsplan tr\u00e4gt dazu bei, den Teich sauber und gesund zu halten und die Wartung des Filters zu reduzieren. Sie verbrauchen Teichschlamm Macht das Leitungswasser sicher Reduziert die Filterreinigung Stabilisiert den pH-Wert f\u00fcr ges\u00fcndere Fische Hilft beim Wachstum gesunder Pflanzen Haustiere und Wildtiere sind sicher Clean Pond Pods k\u00f6nnen in Ihrem Filter oder direkt im Teich verwendet werden. Clean Pond Pods sind in Packungen zu 6, 12 und 24 St\u00fcck erh\u00e4ltlich.<\/p>\n","protected":false},"excerpt":{"rendered":"<p>Clean Pond Pods sind eine schnelle und einfache 5-in-1-Wasserbehandlung, um die h\u00e4ufigsten Teichprobleme zu l\u00f6sen. Sie verbrauchen den Teichschlamm, machen das Leitungswasser sicher, f\u00f6rdern ein gesundes Pflanzenwachstum, reduzieren die Filterreinigung und stabilisieren den pH-Wert f\u00fcr ges\u00fcndere Fische. Der l\u00f6sliche Film l\u00f6st sich schnell auf und setzt die f\u00fcr Haustiere und Wildtiere unbedenklichen Wirkstoffe frei, die [&hellip;]<\/p>\n","protected":false},"author":6,"featured_media":27767,"template":"","meta":{"_acf_changed":false,"_relevanssi_hide_post":"","_relevanssi_hide_content":"","_relevanssi_pin_for_all":"","_relevanssi_pin_keywords":"","_relevanssi_unpin_keywords":"","_relevanssi_related_keywords":"","_relevanssi_related_include_ids":"","_relevanssi_related_exclude_ids":"","_relevanssi_related_no_append":"","_relevanssi_related_not_related":"","_relevanssi_related_posts":"","_relevanssi_noindex_reason":"","_uag_custom_page_level_css":"","advgb_blocks_editor_width":"","advgb_blocks_columns_visual_guide":"","site-sidebar-layout":"default","site-content-layout":"","ast-site-content-layout":"default","site-content-style":"default","site-sidebar-style":"default","ast-global-header-display":"","ast-banner-title-visibility":"","ast-main-header-display":"","ast-hfb-above-header-display":"","ast-hfb-below-header-display":"","ast-hfb-mobile-header-display":"","site-post-title":"","ast-breadcrumbs-content":"","ast-featured-img":"","footer-sml-layout":"","ast-disable-related-posts":"","theme-transparent-header-meta":"","adv-header-id-meta":"","stick-header-meta":"","header-above-stick-meta":"","header-main-stick-meta":"","header-below-stick-meta":"","astra-migrate-meta-layouts":"default","ast-page-background-enabled":"default","ast-page-background-meta":{"desktop":{"background-color":"","background-image":"","background-repeat":"repeat","background-position":"center center","background-size":"auto","background-attachment":"scroll","background-type":"","background-media":"","overlay-type":"","overlay-color":"","overlay-opacity":"","overlay-gradient":""},"tablet":{"background-color":"","background-image":"","background-repeat":"repeat","background-position":"center center","background-size":"auto","background-attachment":"scroll","background-type":"","background-media":"","overlay-type":"","overlay-color":"","overlay-opacity":"","overlay-gradient":""},"mobile":{"background-color":"","background-image":"","background-repeat":"repeat","background-position":"center center","background-size":"auto","background-attachment":"scroll","background-type":"","background-media":"","overlay-type":"","overlay-color":"","overlay-opacity":"","overlay-gradient":""}},"ast-content-background-meta":{"desktop":{"background-color":"var(--ast-global-color-5)","background-image":"","background-repeat":"repeat","background-position":"center center","background-size":"auto","background-attachment":"scroll","background-type":"","background-media":"","overlay-type":"","overlay-color":"","overlay-opacity":"","overlay-gradient":""},"tablet":{"background-color":"var(--ast-global-color-5)","background-image":"","background-repeat":"repeat","background-position":"center center","background-size":"auto","background-attachment":"scroll","background-type":"","background-media":"","overlay-type":"","overlay-color":"","overlay-opacity":"","overlay-gradient":""},"mobile":{"background-color":"var(--ast-global-color-5)","background-image":"","background-repeat":"repeat","background-position":"center center","background-size":"auto","background-attachment":"scroll","background-type":"","background-media":"","overlay-type":"","overlay-color":"","overlay-opacity":"","overlay-gradient":""}}},"product_brand":[],"product_cat":[365,364],"product_tag":[],"inspiration_category":[],"class_list":{"0":"ranking_100","1":"post-28045","2":"product","3":"type-product","4":"status-publish","5":"has-post-thumbnail","7":"product_cat-behandlungen","8":"product_cat-clean-pond-pods","9":"desktop-align-left","10":"tablet-align-left","11":"mobile-align-left","12":"ast-product-gallery-layout-horizontal","13":"ast-product-gallery-with-no-image","14":"ast-product-tabs-layout-horizontal","16":"first","17":"instock","18":"shipping-taxable","19":"purchasable","20":"product-type-simple"},"acf":[],"yoast_head":"<!-- This site is optimized with the Yoast SEO plugin v27.2 - https:\/\/yoast.com\/product\/yoast-seo-wordpress\/ -->\n<title>Saubere Teichkugeln 6er Pack - Aquagarden Europe<\/title>\n<meta name=\"robots\" content=\"index, follow, max-snippet:-1, max-image-preview:large, max-video-preview:-1\" \/>\n<link rel=\"canonical\" href=\"https:\/\/aquagarden-europe.com\/de\/behandlungen\/teichreiniger-pods-6er-pack\/\" \/>\n<meta property=\"og:locale\" content=\"de_DE\" \/>\n<meta property=\"og:type\" content=\"article\" \/>\n<meta property=\"og:title\" content=\"Saubere Teichkugeln 6er Pack - Aquagarden Europe\" \/>\n<meta property=\"og:description\" content=\"Clean Pond Pods sind eine schnelle und einfache 5-in-1-Wasserbehandlung, um die h\u00e4ufigsten Teichprobleme zu l\u00f6sen. Sie verbrauchen den Teichschlamm, machen das Leitungswasser sicher, f\u00f6rdern ein gesundes Pflanzenwachstum, reduzieren die Filterreinigung und stabilisieren den pH-Wert f\u00fcr ges\u00fcndere Fische. Der l\u00f6sliche Film l\u00f6st sich schnell auf und setzt die f\u00fcr Haustiere und Wildtiere unbedenklichen Wirkstoffe frei, die [&hellip;]\" \/>\n<meta property=\"og:url\" content=\"https:\/\/aquagarden-europe.com\/de\/behandlungen\/teichreiniger-pods-6er-pack\/\" \/>\n<meta property=\"og:site_name\" content=\"Aquagarden Europe\" \/>\n<meta name=\"twitter:card\" content=\"summary_large_image\" \/>\n<meta name=\"twitter:label1\" content=\"Est. reading time\" \/>\n\t<meta name=\"twitter:data1\" content=\"1 minute\" \/>\n<script type=\"application\/ld+json\" class=\"yoast-schema-graph\">{\"@context\":\"https:\/\/schema.org\",\"@graph\":[{\"@type\":\"WebPage\",\"@id\":\"https:\/\/aquagarden-europe.com\/de\/behandlungen\/teichreiniger-pods-6er-pack\/\",\"url\":\"https:\/\/aquagarden-europe.com\/de\/behandlungen\/teichreiniger-pods-6er-pack\/\",\"name\":\"Saubere Teichkugeln 6er Pack - Aquagarden Europe\",\"isPartOf\":{\"@id\":\"https:\/\/aquagarden-europe.com\/#website\"},\"primaryImageOfPage\":{\"@id\":\"https:\/\/aquagarden-europe.com\/de\/behandlungen\/teichreiniger-pods-6er-pack\/#primaryimage\"},\"image\":{\"@id\":\"https:\/\/aquagarden-europe.com\/de\/behandlungen\/teichreiniger-pods-6er-pack\/#primaryimage\"},\"thumbnailUrl\":\"https:\/\/aquagarden-europe.com\/wp-content\/uploads\/2024\/02\/65bb623ee468a6.12389301.jpg\",\"datePublished\":\"2024-01-26T15:51:46+00:00\",\"breadcrumb\":{\"@id\":\"https:\/\/aquagarden-europe.com\/de\/behandlungen\/teichreiniger-pods-6er-pack\/#breadcrumb\"},\"inLanguage\":\"de-DE\",\"potentialAction\":[{\"@type\":\"ReadAction\",\"target\":[\"https:\/\/aquagarden-europe.com\/de\/behandlungen\/teichreiniger-pods-6er-pack\/\"]}]},{\"@type\":\"ImageObject\",\"inLanguage\":\"de-DE\",\"@id\":\"https:\/\/aquagarden-europe.com\/de\/behandlungen\/teichreiniger-pods-6er-pack\/#primaryimage\",\"url\":\"https:\/\/aquagarden-europe.com\/wp-content\/uploads\/2024\/02\/65bb623ee468a6.12389301.jpg\",\"contentUrl\":\"https:\/\/aquagarden-europe.com\/wp-content\/uploads\/2024\/02\/65bb623ee468a6.12389301.jpg\",\"width\":1500,\"height\":1500},{\"@type\":\"BreadcrumbList\",\"@id\":\"https:\/\/aquagarden-europe.com\/de\/behandlungen\/teichreiniger-pods-6er-pack\/#breadcrumb\",\"itemListElement\":[{\"@type\":\"ListItem\",\"position\":1,\"name\":\"Home\",\"item\":\"https:\/\/aquagarden-europe.com\/de\/\"},{\"@type\":\"ListItem\",\"position\":2,\"name\":\"Unsere Produkte\",\"item\":\"https:\/\/aquagarden-europe.com\/de\/\"},{\"@type\":\"ListItem\",\"position\":3,\"name\":\"Saubere Teichkugeln 6er Pack\"}]},{\"@type\":\"WebSite\",\"@id\":\"https:\/\/aquagarden-europe.com\/#website\",\"url\":\"https:\/\/aquagarden-europe.com\/\",\"name\":\"Aquagarden Europe\",\"description\":\"\",\"publisher\":{\"@id\":\"https:\/\/aquagarden-europe.com\/#organization\"},\"potentialAction\":[{\"@type\":\"SearchAction\",\"target\":{\"@type\":\"EntryPoint\",\"urlTemplate\":\"https:\/\/aquagarden-europe.com\/?s={search_term_string}\"},\"query-input\":{\"@type\":\"PropertyValueSpecification\",\"valueRequired\":true,\"valueName\":\"search_term_string\"}}],\"inLanguage\":\"de-DE\"},{\"@type\":\"Organization\",\"@id\":\"https:\/\/aquagarden-europe.com\/#organization\",\"name\":\"Aquagarden Europe\",\"url\":\"https:\/\/aquagarden-europe.com\/\",\"logo\":{\"@type\":\"ImageObject\",\"inLanguage\":\"de-DE\",\"@id\":\"https:\/\/aquagarden-europe.com\/#\/schema\/logo\/image\/\",\"url\":\"https:\/\/aquagarden-europe.com\/wp-content\/uploads\/2024\/01\/AquaGarden_Logo-1.svg\",\"contentUrl\":\"https:\/\/aquagarden-europe.com\/wp-content\/uploads\/2024\/01\/AquaGarden_Logo-1.svg\",\"caption\":\"Aquagarden Europe\"},\"image\":{\"@id\":\"https:\/\/aquagarden-europe.com\/#\/schema\/logo\/image\/\"}}]}<\/script>\n<!-- \/ Yoast SEO plugin. -->","yoast_head_json":{"title":"Saubere Teichkugeln 6er Pack - Aquagarden Europe","robots":{"index":"index","follow":"follow","max-snippet":"max-snippet:-1","max-image-preview":"max-image-preview:large","max-video-preview":"max-video-preview:-1"},"canonical":"https:\/\/aquagarden-europe.com\/de\/behandlungen\/teichreiniger-pods-6er-pack\/","og_locale":"de_DE","og_type":"article","og_title":"Saubere Teichkugeln 6er Pack - Aquagarden Europe","og_description":"Clean Pond Pods sind eine schnelle und einfache 5-in-1-Wasserbehandlung, um die h\u00e4ufigsten Teichprobleme zu l\u00f6sen. Sie verbrauchen den Teichschlamm, machen das Leitungswasser sicher, f\u00f6rdern ein gesundes Pflanzenwachstum, reduzieren die Filterreinigung und stabilisieren den pH-Wert f\u00fcr ges\u00fcndere Fische. Der l\u00f6sliche Film l\u00f6st sich schnell auf und setzt die f\u00fcr Haustiere und Wildtiere unbedenklichen Wirkstoffe frei, die [&hellip;]","og_url":"https:\/\/aquagarden-europe.com\/de\/behandlungen\/teichreiniger-pods-6er-pack\/","og_site_name":"Aquagarden Europe","twitter_card":"summary_large_image","twitter_misc":{"Est. reading time":"1 minute"},"schema":{"@context":"https:\/\/schema.org","@graph":[{"@type":"WebPage","@id":"https:\/\/aquagarden-europe.com\/de\/behandlungen\/teichreiniger-pods-6er-pack\/","url":"https:\/\/aquagarden-europe.com\/de\/behandlungen\/teichreiniger-pods-6er-pack\/","name":"Saubere Teichkugeln 6er Pack - Aquagarden Europe","isPartOf":{"@id":"https:\/\/aquagarden-europe.com\/#website"},"primaryImageOfPage":{"@id":"https:\/\/aquagarden-europe.com\/de\/behandlungen\/teichreiniger-pods-6er-pack\/#primaryimage"},"image":{"@id":"https:\/\/aquagarden-europe.com\/de\/behandlungen\/teichreiniger-pods-6er-pack\/#primaryimage"},"thumbnailUrl":"https:\/\/aquagarden-europe.com\/wp-content\/uploads\/2024\/02\/65bb623ee468a6.12389301.jpg","datePublished":"2024-01-26T15:51:46+00:00","breadcrumb":{"@id":"https:\/\/aquagarden-europe.com\/de\/behandlungen\/teichreiniger-pods-6er-pack\/#breadcrumb"},"inLanguage":"de-DE","potentialAction":[{"@type":"ReadAction","target":["https:\/\/aquagarden-europe.com\/de\/behandlungen\/teichreiniger-pods-6er-pack\/"]}]},{"@type":"ImageObject","inLanguage":"de-DE","@id":"https:\/\/aquagarden-europe.com\/de\/behandlungen\/teichreiniger-pods-6er-pack\/#primaryimage","url":"https:\/\/aquagarden-europe.com\/wp-content\/uploads\/2024\/02\/65bb623ee468a6.12389301.jpg","contentUrl":"https:\/\/aquagarden-europe.com\/wp-content\/uploads\/2024\/02\/65bb623ee468a6.12389301.jpg","width":1500,"height":1500},{"@type":"BreadcrumbList","@id":"https:\/\/aquagarden-europe.com\/de\/behandlungen\/teichreiniger-pods-6er-pack\/#breadcrumb","itemListElement":[{"@type":"ListItem","position":1,"name":"Home","item":"https:\/\/aquagarden-europe.com\/de\/"},{"@type":"ListItem","position":2,"name":"Unsere Produkte","item":"https:\/\/aquagarden-europe.com\/de\/"},{"@type":"ListItem","position":3,"name":"Saubere Teichkugeln 6er Pack"}]},{"@type":"WebSite","@id":"https:\/\/aquagarden-europe.com\/#website","url":"https:\/\/aquagarden-europe.com\/","name":"Aquagarden Europe","description":"","publisher":{"@id":"https:\/\/aquagarden-europe.com\/#organization"},"potentialAction":[{"@type":"SearchAction","target":{"@type":"EntryPoint","urlTemplate":"https:\/\/aquagarden-europe.com\/?s={search_term_string}"},"query-input":{"@type":"PropertyValueSpecification","valueRequired":true,"valueName":"search_term_string"}}],"inLanguage":"de-DE"},{"@type":"Organization","@id":"https:\/\/aquagarden-europe.com\/#organization","name":"Aquagarden Europe","url":"https:\/\/aquagarden-europe.com\/","logo":{"@type":"ImageObject","inLanguage":"de-DE","@id":"https:\/\/aquagarden-europe.com\/#\/schema\/logo\/image\/","url":"https:\/\/aquagarden-europe.com\/wp-content\/uploads\/2024\/01\/AquaGarden_Logo-1.svg","contentUrl":"https:\/\/aquagarden-europe.com\/wp-content\/uploads\/2024\/01\/AquaGarden_Logo-1.svg","caption":"Aquagarden Europe"},"image":{"@id":"https:\/\/aquagarden-europe.com\/#\/schema\/logo\/image\/"}}]}},"uagb_featured_image_src":{"full":["https:\/\/aquagarden-europe.com\/wp-content\/uploads\/2024\/02\/65bb623ee468a6.12389301.jpg",1500,1500,false],"thumbnail":["https:\/\/aquagarden-europe.com\/wp-content\/uploads\/2024\/02\/65bb623ee468a6.12389301-150x150.jpg",150,150,true],"medium":["https:\/\/aquagarden-europe.com\/wp-content\/uploads\/2024\/02\/65bb623ee468a6.12389301-300x300.jpg",300,300,true],"medium_large":["https:\/\/aquagarden-europe.com\/wp-content\/uploads\/2024\/02\/65bb623ee468a6.12389301-768x768.jpg",768,768,true],"large":["https:\/\/aquagarden-europe.com\/wp-content\/uploads\/2024\/02\/65bb623ee468a6.12389301-1024x1024.jpg",1024,1024,true],"blz_expanded_feature":["https:\/\/aquagarden-europe.com\/wp-content\/uploads\/2024\/02\/65bb623ee468a6.12389301-275x220.jpg",275,220,true],"gs-tiny":["https:\/\/aquagarden-europe.com\/wp-content\/uploads\/2024\/02\/65bb623ee468a6.12389301.jpg",50,50,false],"xl":["https:\/\/aquagarden-europe.com\/wp-content\/uploads\/2024\/02\/65bb623ee468a6.12389301.jpg",1500,1500,false],"xxl":["https:\/\/aquagarden-europe.com\/wp-content\/uploads\/2024\/02\/65bb623ee468a6.12389301.jpg",1500,1500,false],"xxxl":["https:\/\/aquagarden-europe.com\/wp-content\/uploads\/2024\/02\/65bb623ee468a6.12389301.jpg",1500,1500,false],"xxxxl":["https:\/\/aquagarden-europe.com\/wp-content\/uploads\/2024\/02\/65bb623ee468a6.12389301.jpg",1500,1500,false],"xxxxxl":["https:\/\/aquagarden-europe.com\/wp-content\/uploads\/2024\/02\/65bb623ee468a6.12389301.jpg",1500,1500,false],"1536x1536":["https:\/\/aquagarden-europe.com\/wp-content\/uploads\/2024\/02\/65bb623ee468a6.12389301.jpg",1500,1500,false],"2048x2048":["https:\/\/aquagarden-europe.com\/wp-content\/uploads\/2024\/02\/65bb623ee468a6.12389301.jpg",1500,1500,false],"background_image":["https:\/\/aquagarden-europe.com\/wp-content\/uploads\/2024\/02\/65bb623ee468a6.12389301-800x800.jpg",800,800,true],"woocommerce_thumbnail":["https:\/\/aquagarden-europe.com\/wp-content\/uploads\/2024\/02\/65bb623ee468a6.12389301-358x358.jpg",358,358,true],"woocommerce_single":["https:\/\/aquagarden-europe.com\/wp-content\/uploads\/2024\/02\/65bb623ee468a6.12389301-600x600.jpg",600,600,true],"woocommerce_gallery_thumbnail":["https:\/\/aquagarden-europe.com\/wp-content\/uploads\/2024\/02\/65bb623ee468a6.12389301-100x100.jpg",100,100,true],"shop_catalog":["https:\/\/aquagarden-europe.com\/wp-content\/uploads\/2024\/02\/65bb623ee468a6.12389301-300x300.jpg",300,300,true],"shop_single":["https:\/\/aquagarden-europe.com\/wp-content\/uploads\/2024\/02\/65bb623ee468a6.12389301-600x600.jpg",600,600,true],"shop_thumbnail":["https:\/\/aquagarden-europe.com\/wp-content\/uploads\/2024\/02\/65bb623ee468a6.12389301-100x100.jpg",100,100,true],"page-header":["https:\/\/aquagarden-europe.com\/wp-content\/uploads\/2024\/02\/65bb623ee468a6.12389301-1500x400.jpg",1500,400,true],"page-two-to-one":["https:\/\/aquagarden-europe.com\/wp-content\/uploads\/2024\/02\/65bb623ee468a6.12389301-1500x1024.jpg",1500,1024,true]},"uagb_author_info":{"display_name":"Phil Durston","author_link":"https:\/\/aquagarden-europe.com\/de\/author\/phil-sera\/"},"uagb_comment_info":0,"uagb_excerpt":"Clean Pond Pods sind eine schnelle und einfache 5-in-1-Wasserbehandlung, um die h\u00e4ufigsten Teichprobleme zu l\u00f6sen. Sie verbrauchen den Teichschlamm, machen das Leitungswasser sicher, f\u00f6rdern ein gesundes Pflanzenwachstum, reduzieren die Filterreinigung und stabilisieren den pH-Wert f\u00fcr ges\u00fcndere Fische. Der l\u00f6sliche Film l\u00f6st sich schnell auf und setzt die f\u00fcr Haustiere und Wildtiere unbedenklichen Wirkstoffe frei, die&hellip;","featured_img":"https:\/\/aquagarden-europe.com\/wp-content\/uploads\/2024\/02\/65bb623ee468a6.12389301.jpg","coauthors":[],"author_meta":{"author_link":"https:\/\/aquagarden-europe.com\/de\/author\/phil-sera\/","display_name":"Phil Durston"},"relative_dates":{"created":"Posted 2 years ago","modified":"Updated 2 years ago"},"absolute_dates":{"created":"Posted on 26 January 2024","modified":"Updated on 26 January 2024"},"absolute_dates_time":{"created":"Posted on 26 January 2024 3:51 pm","modified":"Updated on 26 January 2024 3:51 pm"},"featured_img_caption":"","tax_additional":{"product_brand":{"linked":[],"unlinked":[],"slug":"product_brand","name":"Brands"},"product_type":{"linked":["<a href=\"https:\/\/aquagarden-europe.com\/de\/?taxonomy=product_type&#038;term=simple\" class=\"advgb-post-tax-term\">simple<\/a>"],"unlinked":["<span class=\"advgb-post-tax-term\">simple<\/span>"],"slug":"product_type","name":"Product type"},"product_visibility":{"linked":[],"unlinked":[],"slug":"product_visibility","name":"Product visibility"},"product_cat":{"linked":["<a href=\"https:\/\/aquagarden-europe.com\/de\/behandlungen\/\" class=\"advgb-post-tax-term\">Behandlungen<\/a>","<a href=\"https:\/\/aquagarden-europe.com\/de\/behandlungen\/clean-pond-pods\/\" class=\"advgb-post-tax-term\">Clean Pond Pods<\/a>"],"unlinked":["<span class=\"advgb-post-tax-term\">Behandlungen<\/span>","<span class=\"advgb-post-tax-term\">Clean Pond Pods<\/span>"],"slug":"product_cat","name":"Product categories"},"product_tag":{"linked":[],"unlinked":[],"slug":"product_tag","name":"Product tags"},"product_shipping_class":{"linked":[],"unlinked":[],"slug":"product_shipping_class","name":"Product shipping classes"},"pos_product_visibility":{"linked":[],"unlinked":[],"slug":"pos_product_visibility","name":"POS Product visibility"},"translation_priority":{"linked":["<a href=\"https:\/\/aquagarden-europe.com\/de\/?taxonomy=translation_priority&#038;term=optional-de\" class=\"advgb-post-tax-term\">Optional<\/a>"],"unlinked":["<span class=\"advgb-post-tax-term\">Optional<\/span>"],"slug":"translation_priority","name":"\u00dcbersetzungspriorit\u00e4ten"},"inspiration_category":{"linked":[],"unlinked":[],"slug":"inspiration_category","name":"Inspiration Categories"}},"series_order":"","_links":{"self":[{"href":"https:\/\/aquagarden-europe.com\/de\/wp-json\/wp\/v2\/product\/28045","targetHints":{"allow":["GET"]}}],"collection":[{"href":"https:\/\/aquagarden-europe.com\/de\/wp-json\/wp\/v2\/product"}],"about":[{"href":"https:\/\/aquagarden-europe.com\/de\/wp-json\/wp\/v2\/types\/product"}],"wp:featuredmedia":[{"embeddable":true,"href":"https:\/\/aquagarden-europe.com\/de\/wp-json\/wp\/v2\/media\/27767"}],"wp:attachment":[{"href":"https:\/\/aquagarden-europe.com\/de\/wp-json\/wp\/v2\/media?parent=28045"}],"wp:term":[{"taxonomy":"product_brand","embeddable":true,"href":"https:\/\/aquagarden-europe.com\/de\/wp-json\/wp\/v2\/product_brand?post=28045"},{"taxonomy":"product_cat","embeddable":true,"href":"https:\/\/aquagarden-europe.com\/de\/wp-json\/wp\/v2\/product_cat?post=28045"},{"taxonomy":"product_tag","embeddable":true,"href":"https:\/\/aquagarden-europe.com\/de\/wp-json\/wp\/v2\/product_tag?post=28045"},{"taxonomy":"inspiration_category","embeddable":true,"href":"https:\/\/aquagarden-europe.com\/de\/wp-json\/wp\/v2\/inspiration_category?post=28045"}],"curies":[{"name":"wp","href":"https:\/\/api.w.org\/{rel}","templated":true}]}}