{"id":28604,"date":"2025-07-16T10:03:30","date_gmt":"2025-07-16T09:03:30","guid":{"rendered":"https:\/\/aquagarden-europe.com\/kontakt\/"},"modified":"2025-07-17T14:59:46","modified_gmt":"2025-07-17T13:59:46","slug":"kontakt","status":"publish","type":"page","link":"https:\/\/aquagarden-europe.com\/de\/kontakt\/","title":{"rendered":"Kontakt"},"content":{"rendered":"\n<section class=\"wp-block-uagb-columns uagb-columns__wrap uagb-columns__background-none uagb-columns__stack-mobile uagb-columns__valign- uagb-columns__gap-10 align uagb-block-f0f45dee uagb-columns__columns-1 uagb-columns__max_width-theme\"><div class=\"uagb-columns__overlay\"><\/div><div class=\"uagb-columns__inner-wrap uagb-columns__columns-1\">\n<div class=\"wp-block-uagb-column uagb-column__wrap uagb-column__background-undefined uagb-block-a9108d95\"><div class=\"uagb-column__overlay\"><\/div>\n<h1 class=\"wp-block-heading has-text-align-center\" style=\"font-size:38px\">Kontakt<a href=\"https:\/\/www.nylabone.co.uk\/Support\/Got-a-question\/Nylabone-chews\"><\/a><a href=\"https:\/\/www.nylabone.co.uk\/Support\/Chewing\/Why-dogs-chew\"><\/a><a href=\"https:\/\/www.nylabone.co.uk\/Support\/Challenge-Nylabone\"><\/a><\/h1>\n<\/div>\n<\/div><\/section>\n\n<section class=\"wp-block-uagb-columns uagb-columns__wrap uagb-columns__background-color uagb-columns__stack-mobile uagb-columns__valign-top uagb-columns__gap-10 align uagb-block-25bf5982 uagb-columns__columns-1 uagb-columns__max_width-custom\"><div class=\"uagb-columns__overlay\"><\/div><div class=\"uagb-columns__inner-wrap uagb-columns__columns-1\">\n<div class=\"wp-block-uagb-column uagb-column__wrap uagb-column__background-undefined uagb-block-7161d8ef\"><div class=\"uagb-column__overlay\"><\/div>\n<p class=\"has-text-align-left has-medium-font-size\"><strong>F\u00fcr Hilfe bei einem fehlerhaften oder besch\u00e4digten Produkt wenden Sie sich bitte an Ihren H\u00e4ndler.<\/strong><\/p>\n\n\n\n<p class=\"has-text-align-left\">Bitte beachten Sie, dass wir ein Hersteller sind und <strong>nicht an die breite \u00d6ffentlichkeit verkaufen<\/strong>. Wenn Sie unsere Produkte kaufen m\u00f6chten, besuchen Sie bitte Ihr Zoofachgesch\u00e4ft oder Ihren Aquaristikladen vor Ort oder suchen Sie \u00fcber Ihren bevorzugten H\u00e4ndler nach unseren Produkten.  <\/p>\n\n\n\n<p class=\"has-text-align-left has-medium-font-size\"><strong>Wenn Sie immer noch keine Antwort auf Ihre Frage finden, benutzen Sie bitte die Schaltfl\u00e4che unten, um uns zu kontaktieren.<\/strong><\/p>\n\n\n\n<div class=\"wp-block-advgb-button alignnone is-style-squared\"><a class=\"wp-block-advgb-button_link advgbbtn-e36920b3-6adc-49b0-99a7-2891e4dee601\" href=\"https:\/\/www.sera.de\/en\/service\/contact\/\" target=\"_blank\" rel=\"noopener noreferrer\"><span>Kontakt<\/span><\/a><\/div>\n\n\n\n<div class=\"wpcf7 no-js\" id=\"wpcf7-f7246-o1\" lang=\"en-US\" dir=\"ltr\" data-wpcf7-id=\"7246\">\n<div class=\"screen-reader-response\"><p role=\"status\" aria-live=\"polite\" aria-atomic=\"true\"><\/p> <ul><\/ul><\/div>\n<form action=\"\/de\/wp-json\/wp\/v2\/pages\/28604#wpcf7-f7246-o1\" method=\"post\" class=\"wpcf7-form init cf7skins cf7s-caspar\" aria-label=\"Contact form\" enctype=\"multipart\/form-data\" novalidate=\"novalidate\" data-status=\"init\">\n<fieldset class=\"hidden-fields-container\"><input type=\"hidden\" name=\"_wpcf7\" value=\"7246\" \/><input type=\"hidden\" name=\"_wpcf7_version\" value=\"6.1.5\" \/><input type=\"hidden\" name=\"_wpcf7_locale\" value=\"en_US\" \/><input type=\"hidden\" name=\"_wpcf7_unit_tag\" value=\"wpcf7-f7246-o1\" \/><input type=\"hidden\" name=\"_wpcf7_container_post\" value=\"0\" \/><input type=\"hidden\" name=\"_wpcf7_posted_data_hash\" value=\"\" \/><input type=\"hidden\" name=\"_wpcf7_recaptcha_response\" value=\"\" \/>\n<\/fieldset>\n<fieldset>\n\t<legend>Send us a message<\/legend>\n\t<ol>\n\t\t<li><label for='text-970'>First name <em class=\"cf7s-reqd\">*<\/em> <\/label><span class=\"wpcf7-form-control-wrap\" data-name=\"text-970\"><input size=\"40\" maxlength=\"400\" class=\"wpcf7-form-control wpcf7-text wpcf7-validates-as-required\" aria-required=\"true\" aria-invalid=\"false\" value=\"\" type=\"text\" name=\"text-970\" \/><\/span><\/li>\n<li><label for='text-971'>Last name <em class=\"cf7s-reqd\">*<\/em> <\/label><span class=\"wpcf7-form-control-wrap\" data-name=\"text-971\"><input size=\"40\" maxlength=\"400\" class=\"wpcf7-form-control wpcf7-text wpcf7-validates-as-required\" aria-required=\"true\" aria-invalid=\"false\" value=\"\" type=\"text\" name=\"text-971\" \/><\/span><\/li>\n                <li><label for='text-972'>Street <em class=\"cf7s-reqd\">*<\/em> <\/label><span class=\"wpcf7-form-control-wrap\" data-name=\"text-972\"><input size=\"40\" maxlength=\"400\" class=\"wpcf7-form-control wpcf7-text wpcf7-validates-as-required\" aria-required=\"true\" aria-invalid=\"false\" value=\"\" type=\"text\" name=\"text-972\" \/><\/span><\/li>\n<li><label for='text-973'>Postcode <em class=\"cf7s-reqd\">*<\/em> <\/label><span class=\"wpcf7-form-control-wrap\" data-name=\"text-973\"><input size=\"40\" maxlength=\"400\" class=\"wpcf7-form-control wpcf7-text wpcf7-validates-as-required\" aria-required=\"true\" aria-invalid=\"false\" value=\"\" type=\"text\" name=\"text-973\" \/><\/span><\/li>\n<li><label for='text-974'>Telephone <em class=\"cf7s-reqd\">*<\/em> <\/label><span class=\"wpcf7-form-control-wrap\" data-name=\"text-974\"><input size=\"40\" maxlength=\"400\" class=\"wpcf7-form-control wpcf7-text wpcf7-validates-as-required\" aria-required=\"true\" aria-invalid=\"false\" value=\"\" type=\"text\" name=\"text-974\" \/><\/span><\/li>\n\t\t<li><label for='email-599'>Email <em class=\"cf7s-reqd\">*<\/em> <\/label><span class=\"wpcf7-form-control-wrap\" data-name=\"email-599\"><input size=\"40\" maxlength=\"400\" class=\"wpcf7-form-control wpcf7-email wpcf7-validates-as-required wpcf7-text wpcf7-validates-as-email\" aria-required=\"true\" aria-invalid=\"false\" value=\"\" type=\"email\" name=\"email-599\" \/><\/span><\/li>\n<li><label for='file-975'>Upload <em class=\"cf7s-reqd\">*<\/em> <\/label><span class=\"wpcf7-form-control-wrap\" data-name=\"file-975\"><input size=\"40\" class=\"wpcf7-form-control wpcf7-file\" accept=\"audio\/*,video\/*,image\/*\" aria-invalid=\"false\" type=\"file\" name=\"file-975\" \/><\/span><\/li>\n<li><label for='text-976'>Subject<em class=\"cf7s-reqd\">*<\/em> <\/label><span class=\"wpcf7-form-control-wrap\" data-name=\"text-976\"><input size=\"40\" maxlength=\"400\" class=\"wpcf7-form-control wpcf7-text wpcf7-validates-as-required\" aria-required=\"true\" aria-invalid=\"false\" value=\"\" type=\"text\" name=\"text-976\" \/><\/span><\/li>\n<li><label for='select-779'>Subject type<em class=\"cf7s-reqd\">*<\/em> <\/label><span class=\"wpcf7-form-control-wrap\" data-name=\"select-779\"><select class=\"wpcf7-form-control wpcf7-select wpcf7-validates-as-required\" aria-required=\"true\" aria-invalid=\"false\" name=\"select-779\"><option value=\"Please select\">Please select<\/option><option value=\"Warranty\">Warranty<\/option><option value=\"Technical help\">Technical help<\/option><option value=\"General\">General<\/option><\/select><\/span><\/li>\n\t\t<li><label for='textarea-977'>Message<em class=\"cf7s-reqd\">*<\/em> <\/label><span class=\"wpcf7-form-control-wrap\" data-name=\"textarea-977\"><textarea cols=\"40\" rows=\"10\" maxlength=\"2000\" class=\"wpcf7-form-control wpcf7-textarea wpcf7-validates-as-required\" aria-required=\"true\" aria-invalid=\"false\" name=\"textarea-977\"><\/textarea><\/span><\/li>\n<span class=\"wpcf7-form-control-wrap\" data-name=\"acceptance-978\"><span class=\"wpcf7-form-control wpcf7-acceptance\"><span class=\"wpcf7-list-item\"><input type=\"checkbox\" name=\"acceptance-978\" value=\"1\" aria-invalid=\"false\" \/><\/span><\/span><\/span> I have read the <a href=\"https:\/\/interpet.co.uk\/privacy-policy\/\">privacy policy<\/a> and accept it.<br>\nNote: Form will not send until you agree to our privacy policy by clicking the check box above.\n<br>\n<br>\n*Required\n<Br>\n<br>\n\n<input class=\"wpcf7-form-control wpcf7-submit has-spinner\" type=\"submit\" value=\"Send\" \/><div class=\"wpcf7-response-output\" aria-hidden=\"true\"><\/div>\n<\/form>\n<\/div>\n\n<\/div>\n<\/div><\/section>\n<style class=\"advgb-styles-renderer\">.advgbbtn-e36920b3-6adc-49b0-99a7-2891e4dee601{font-size:18px;color:#fff !important;background-color:var(u002du002dast-global-color-8) !important;margin:0px 0px 0px 0px !important;padding:10px 30px 10px 30px;border-width:1px !important;border-style:none;border-radius:50px !important;}.advgbbtn-e36920b3-6adc-49b0-99a7-2891e4dee601:hover{box-shadow:1px 1px 12px 0px #ccc;opacity:1;transition:all 0.2s ease;}.advgbbtn-e36920b3-6adc-49b0-99a7-2891e4dee601 > i {display: none !important;}.advgbbtn-e36920b3-6adc-49b0-99a7-2891e4dee601{font-size:18px;color:#fff !important;background-color:var(u002du002dast-global-color-8) !important;margin:0px 0px 0px 0px !important;padding:10px 30px 10px 30px;border-width:1px !important;border-style:none;border-radius:50px !important;}.advgbbtn-e36920b3-6adc-49b0-99a7-2891e4dee601:hover{box-shadow:1px 1px 12px 0px #ccc;opacity:1;transition:all 0.2s ease;}.advgbbtn-e36920b3-6adc-49b0-99a7-2891e4dee601 > i {display: none !important;}.advgbbtn-e36920b3-6adc-49b0-99a7-2891e4dee601{font-size:18px;color:#fff !important;background-color:var(u002du002dast-global-color-8) !important;margin:0px 0px 0px 0px !important;padding:10px 30px 10px 30px;border-width:1px !important;border-style:none;border-radius:50px !important;}.advgbbtn-e36920b3-6adc-49b0-99a7-2891e4dee601:hover{box-shadow:1px 1px 12px 0px #ccc;opacity:1;transition:all 0.2s ease;}.advgbbtn-e36920b3-6adc-49b0-99a7-2891e4dee601 > i {display: none !important;}<\/style>","protected":false},"excerpt":{"rendered":"<p>Kontakt F\u00fcr Hilfe bei einem fehlerhaften oder besch\u00e4digten Produkt wenden Sie sich bitte an Ihren H\u00e4ndler. Bitte beachten Sie, dass wir ein Hersteller sind und nicht an die breite \u00d6ffentlichkeit verkaufen. Wenn Sie unsere Produkte kaufen m\u00f6chten, besuchen Sie bitte Ihr Zoofachgesch\u00e4ft oder Ihren Aquaristikladen vor Ort oder suchen Sie \u00fcber Ihren bevorzugten H\u00e4ndler nach [&hellip;]<\/p>\n","protected":false},"author":6,"featured_media":0,"parent":0,"menu_order":0,"comment_status":"closed","ping_status":"closed","template":"","meta":{"_acf_changed":false,"_relevanssi_hide_post":"","_relevanssi_hide_content":"","_relevanssi_pin_for_all":"","_relevanssi_pin_keywords":"","_relevanssi_unpin_keywords":"","_relevanssi_related_keywords":"","_relevanssi_related_include_ids":"","_relevanssi_related_exclude_ids":"","_relevanssi_related_no_append":"","_relevanssi_related_not_related":"","_relevanssi_related_posts":"","_relevanssi_noindex_reason":"","_uag_custom_page_level_css":"","advgb_blocks_editor_width":"","advgb_blocks_columns_visual_guide":"","site-sidebar-layout":"default","site-content-layout":"default","ast-site-content-layout":"default","site-content-style":"default","site-sidebar-style":"default","ast-global-header-display":"","ast-banner-title-visibility":"","ast-main-header-display":"","ast-hfb-above-header-display":"","ast-hfb-below-header-display":"","ast-hfb-mobile-header-display":"","site-post-title":"disabled","ast-breadcrumbs-content":"","ast-featured-img":"","footer-sml-layout":"","ast-disable-related-posts":"","theme-transparent-header-meta":"default","adv-header-id-meta":"","stick-header-meta":"default","header-above-stick-meta":"","header-main-stick-meta":"","header-below-stick-meta":"","astra-migrate-meta-layouts":"default","ast-page-background-enabled":"default","ast-page-background-meta":{"desktop":{"background-color":"","background-image":"","background-repeat":"repeat","background-position":"center center","background-size":"auto","background-attachment":"scroll","background-type":"","background-media":"","overlay-type":"","overlay-color":"","overlay-opacity":"","overlay-gradient":""},"tablet":{"background-color":"","background-image":"","background-repeat":"repeat","background-position":"center center","background-size":"auto","background-attachment":"scroll","background-type":"","background-media":"","overlay-type":"","overlay-color":"","overlay-opacity":"","overlay-gradient":""},"mobile":{"background-color":"","background-image":"","background-repeat":"repeat","background-position":"center center","background-size":"auto","background-attachment":"scroll","background-type":"","background-media":"","overlay-type":"","overlay-color":"","overlay-opacity":"","overlay-gradient":""}},"ast-content-background-meta":{"desktop":{"background-color":"var(--ast-global-color-5)","background-image":"","background-repeat":"repeat","background-position":"center center","background-size":"auto","background-attachment":"scroll","background-type":"","background-media":"","overlay-type":"","overlay-color":"","overlay-opacity":"","overlay-gradient":""},"tablet":{"background-color":"var(--ast-global-color-5)","background-image":"","background-repeat":"repeat","background-position":"center center","background-size":"auto","background-attachment":"scroll","background-type":"","background-media":"","overlay-type":"","overlay-color":"","overlay-opacity":"","overlay-gradient":""},"mobile":{"background-color":"var(--ast-global-color-5)","background-image":"","background-repeat":"repeat","background-position":"center center","background-size":"auto","background-attachment":"scroll","background-type":"","background-media":"","overlay-type":"","overlay-color":"","overlay-opacity":"","overlay-gradient":""}},"footnotes":""},"class_list":["ranking_","post-28604","page","type-page","status-publish","hentry"],"acf":[],"yoast_head":"<!-- This site is optimized with the Yoast SEO plugin v27.2 - https:\/\/yoast.com\/product\/yoast-seo-wordpress\/ -->\n<title>Kontakt - Aquagarden Europe<\/title>\n<meta name=\"description\" content=\"Kontaktieren Sie uns f\u00fcr Nylabone - den Marktf\u00fchrer von dentalem Kauen aus Nylon, das das zerst\u00f6rerische Kauen von Hunden verhindert.\" \/>\n<meta name=\"robots\" content=\"index, follow, max-snippet:-1, max-image-preview:large, max-video-preview:-1\" \/>\n<link rel=\"canonical\" href=\"https:\/\/aquagarden-europe.com\/de\/kontakt\/\" \/>\n<meta property=\"og:locale\" content=\"de_DE\" \/>\n<meta property=\"og:type\" content=\"article\" \/>\n<meta property=\"og:title\" content=\"Kontakt - Aquagarden Europe\" \/>\n<meta property=\"og:description\" content=\"Kontaktieren Sie uns f\u00fcr Nylabone - den Marktf\u00fchrer von dentalem Kauen aus Nylon, das das zerst\u00f6rerische Kauen von Hunden verhindert.\" \/>\n<meta property=\"og:url\" content=\"https:\/\/aquagarden-europe.com\/de\/kontakt\/\" \/>\n<meta property=\"og:site_name\" content=\"Aquagarden Europe\" \/>\n<meta property=\"article:modified_time\" content=\"2025-07-17T13:59:46+00:00\" \/>\n<meta name=\"twitter:card\" content=\"summary_large_image\" \/>\n<script type=\"application\/ld+json\" class=\"yoast-schema-graph\">{\"@context\":\"https:\/\/schema.org\",\"@graph\":[{\"@type\":\"WebPage\",\"@id\":\"https:\/\/aquagarden-europe.com\/de\/kontakt\/\",\"url\":\"https:\/\/aquagarden-europe.com\/de\/kontakt\/\",\"name\":\"Kontakt - Aquagarden Europe\",\"isPartOf\":{\"@id\":\"https:\/\/aquagarden-europe.com\/#website\"},\"datePublished\":\"2025-07-16T09:03:30+00:00\",\"dateModified\":\"2025-07-17T13:59:46+00:00\",\"description\":\"Kontaktieren Sie uns f\u00fcr Nylabone - den Marktf\u00fchrer von dentalem Kauen aus Nylon, das das zerst\u00f6rerische Kauen von Hunden verhindert.\",\"breadcrumb\":{\"@id\":\"https:\/\/aquagarden-europe.com\/de\/kontakt\/#breadcrumb\"},\"inLanguage\":\"de-DE\",\"potentialAction\":[{\"@type\":\"ReadAction\",\"target\":[\"https:\/\/aquagarden-europe.com\/de\/kontakt\/\"]}]},{\"@type\":\"BreadcrumbList\",\"@id\":\"https:\/\/aquagarden-europe.com\/de\/kontakt\/#breadcrumb\",\"itemListElement\":[{\"@type\":\"ListItem\",\"position\":1,\"name\":\"Home\",\"item\":\"https:\/\/aquagarden-europe.com\/de\/\"},{\"@type\":\"ListItem\",\"position\":2,\"name\":\"Kontakt\"}]},{\"@type\":\"WebSite\",\"@id\":\"https:\/\/aquagarden-europe.com\/#website\",\"url\":\"https:\/\/aquagarden-europe.com\/\",\"name\":\"Aquagarden Europe\",\"description\":\"\",\"publisher\":{\"@id\":\"https:\/\/aquagarden-europe.com\/#organization\"},\"potentialAction\":[{\"@type\":\"SearchAction\",\"target\":{\"@type\":\"EntryPoint\",\"urlTemplate\":\"https:\/\/aquagarden-europe.com\/?s={search_term_string}\"},\"query-input\":{\"@type\":\"PropertyValueSpecification\",\"valueRequired\":true,\"valueName\":\"search_term_string\"}}],\"inLanguage\":\"de-DE\"},{\"@type\":\"Organization\",\"@id\":\"https:\/\/aquagarden-europe.com\/#organization\",\"name\":\"Aquagarden Europe\",\"url\":\"https:\/\/aquagarden-europe.com\/\",\"logo\":{\"@type\":\"ImageObject\",\"inLanguage\":\"de-DE\",\"@id\":\"https:\/\/aquagarden-europe.com\/#\/schema\/logo\/image\/\",\"url\":\"https:\/\/aquagarden-europe.com\/wp-content\/uploads\/2024\/01\/AquaGarden_Logo-1.svg\",\"contentUrl\":\"https:\/\/aquagarden-europe.com\/wp-content\/uploads\/2024\/01\/AquaGarden_Logo-1.svg\",\"caption\":\"Aquagarden Europe\"},\"image\":{\"@id\":\"https:\/\/aquagarden-europe.com\/#\/schema\/logo\/image\/\"}}]}<\/script>\n<!-- \/ Yoast SEO plugin. -->","yoast_head_json":{"title":"Kontakt - Aquagarden Europe","description":"Kontaktieren Sie uns f\u00fcr Nylabone - den Marktf\u00fchrer von dentalem Kauen aus Nylon, das das zerst\u00f6rerische Kauen von Hunden verhindert.","robots":{"index":"index","follow":"follow","max-snippet":"max-snippet:-1","max-image-preview":"max-image-preview:large","max-video-preview":"max-video-preview:-1"},"canonical":"https:\/\/aquagarden-europe.com\/de\/kontakt\/","og_locale":"de_DE","og_type":"article","og_title":"Kontakt - Aquagarden Europe","og_description":"Kontaktieren Sie uns f\u00fcr Nylabone - den Marktf\u00fchrer von dentalem Kauen aus Nylon, das das zerst\u00f6rerische Kauen von Hunden verhindert.","og_url":"https:\/\/aquagarden-europe.com\/de\/kontakt\/","og_site_name":"Aquagarden Europe","article_modified_time":"2025-07-17T13:59:46+00:00","twitter_card":"summary_large_image","schema":{"@context":"https:\/\/schema.org","@graph":[{"@type":"WebPage","@id":"https:\/\/aquagarden-europe.com\/de\/kontakt\/","url":"https:\/\/aquagarden-europe.com\/de\/kontakt\/","name":"Kontakt - Aquagarden Europe","isPartOf":{"@id":"https:\/\/aquagarden-europe.com\/#website"},"datePublished":"2025-07-16T09:03:30+00:00","dateModified":"2025-07-17T13:59:46+00:00","description":"Kontaktieren Sie uns f\u00fcr Nylabone - den Marktf\u00fchrer von dentalem Kauen aus Nylon, das das zerst\u00f6rerische Kauen von Hunden verhindert.","breadcrumb":{"@id":"https:\/\/aquagarden-europe.com\/de\/kontakt\/#breadcrumb"},"inLanguage":"de-DE","potentialAction":[{"@type":"ReadAction","target":["https:\/\/aquagarden-europe.com\/de\/kontakt\/"]}]},{"@type":"BreadcrumbList","@id":"https:\/\/aquagarden-europe.com\/de\/kontakt\/#breadcrumb","itemListElement":[{"@type":"ListItem","position":1,"name":"Home","item":"https:\/\/aquagarden-europe.com\/de\/"},{"@type":"ListItem","position":2,"name":"Kontakt"}]},{"@type":"WebSite","@id":"https:\/\/aquagarden-europe.com\/#website","url":"https:\/\/aquagarden-europe.com\/","name":"Aquagarden Europe","description":"","publisher":{"@id":"https:\/\/aquagarden-europe.com\/#organization"},"potentialAction":[{"@type":"SearchAction","target":{"@type":"EntryPoint","urlTemplate":"https:\/\/aquagarden-europe.com\/?s={search_term_string}"},"query-input":{"@type":"PropertyValueSpecification","valueRequired":true,"valueName":"search_term_string"}}],"inLanguage":"de-DE"},{"@type":"Organization","@id":"https:\/\/aquagarden-europe.com\/#organization","name":"Aquagarden Europe","url":"https:\/\/aquagarden-europe.com\/","logo":{"@type":"ImageObject","inLanguage":"de-DE","@id":"https:\/\/aquagarden-europe.com\/#\/schema\/logo\/image\/","url":"https:\/\/aquagarden-europe.com\/wp-content\/uploads\/2024\/01\/AquaGarden_Logo-1.svg","contentUrl":"https:\/\/aquagarden-europe.com\/wp-content\/uploads\/2024\/01\/AquaGarden_Logo-1.svg","caption":"Aquagarden Europe"},"image":{"@id":"https:\/\/aquagarden-europe.com\/#\/schema\/logo\/image\/"}}]}},"uagb_featured_image_src":{"full":false,"thumbnail":false,"medium":false,"medium_large":false,"large":false,"blz_expanded_feature":false,"gs-tiny":false,"xl":false,"xxl":false,"xxxl":false,"xxxxl":false,"xxxxxl":false,"1536x1536":false,"2048x2048":false,"background_image":false,"woocommerce_thumbnail":false,"woocommerce_single":false,"woocommerce_gallery_thumbnail":false,"shop_catalog":false,"shop_single":false,"shop_thumbnail":false,"page-header":false,"page-two-to-one":false},"uagb_author_info":{"display_name":"Phil Durston","author_link":"https:\/\/aquagarden-europe.com\/de\/author\/phil-sera\/"},"uagb_comment_info":0,"uagb_excerpt":"Kontakt F\u00fcr Hilfe bei einem fehlerhaften oder besch\u00e4digten Produkt wenden Sie sich bitte an Ihren H\u00e4ndler. Bitte beachten Sie, dass wir ein Hersteller sind und nicht an die breite \u00d6ffentlichkeit verkaufen. Wenn Sie unsere Produkte kaufen m\u00f6chten, besuchen Sie bitte Ihr Zoofachgesch\u00e4ft oder Ihren Aquaristikladen vor Ort oder suchen Sie \u00fcber Ihren bevorzugten H\u00e4ndler nach&hellip;","coauthors":[],"author_meta":{"author_link":"https:\/\/aquagarden-europe.com\/de\/author\/phil-sera\/","display_name":"Phil Durston"},"relative_dates":{"created":"Posted 9 months ago","modified":"Updated 9 months ago"},"absolute_dates":{"created":"Posted on 16 July 2025","modified":"Updated on 17 July 2025"},"absolute_dates_time":{"created":"Posted on 16 July 2025 10:03 am","modified":"Updated on 17 July 2025 2:59 pm"},"featured_img_caption":"","featured_img":false,"series_order":"","_links":{"self":[{"href":"https:\/\/aquagarden-europe.com\/de\/wp-json\/wp\/v2\/pages\/28604","targetHints":{"allow":["GET"]}}],"collection":[{"href":"https:\/\/aquagarden-europe.com\/de\/wp-json\/wp\/v2\/pages"}],"about":[{"href":"https:\/\/aquagarden-europe.com\/de\/wp-json\/wp\/v2\/types\/page"}],"author":[{"embeddable":true,"href":"https:\/\/aquagarden-europe.com\/de\/wp-json\/wp\/v2\/users\/6"}],"replies":[{"embeddable":true,"href":"https:\/\/aquagarden-europe.com\/de\/wp-json\/wp\/v2\/comments?post=28604"}],"version-history":[{"count":1,"href":"https:\/\/aquagarden-europe.com\/de\/wp-json\/wp\/v2\/pages\/28604\/revisions"}],"predecessor-version":[{"id":28605,"href":"https:\/\/aquagarden-europe.com\/de\/wp-json\/wp\/v2\/pages\/28604\/revisions\/28605"}],"wp:attachment":[{"href":"https:\/\/aquagarden-europe.com\/de\/wp-json\/wp\/v2\/media?parent=28604"}],"curies":[{"name":"wp","href":"https:\/\/api.w.org\/{rel}","templated":true}]}}