{"id":28228,"date":"2024-04-10T10:44:34","date_gmt":"2024-04-10T09:44:34","guid":{"rendered":"https:\/\/aquagarden-europe.com\/blog\/"},"modified":"2024-06-21T15:03:54","modified_gmt":"2024-06-21T14:03:54","slug":"blog","status":"publish","type":"page","link":"https:\/\/aquagarden-europe.com\/de\/blog\/","title":{"rendered":"Blog"},"content":{"rendered":"\n<div class=\"wp-block-columns is-layout-flex wp-container-core-columns-is-layout-28f84493 wp-block-columns-is-layout-flex\">\n<div class=\"wp-block-column is-layout-flow wp-block-column-is-layout-flow\">\n<div class=\"wp-block-columns is-layout-flex wp-container-core-columns-is-layout-28f84493 wp-block-columns-is-layout-flex\">\n<div class=\"wp-block-column is-layout-flow wp-block-column-is-layout-flow\" style=\"flex-basis:25%\"><\/div>\n\n\n\n<div class=\"wp-block-column is-layout-flow wp-block-column-is-layout-flow\" style=\"flex-basis:75%\">\n<h2 class=\"wp-block-heading\" style=\"padding-right:var(--wp--preset--spacing--70)\">Blog<\/h2>\n\n\n\n<p style=\"padding-right:15rem\">Bleiben Sie auf dem Laufenden \u00fcber alle Neuigkeiten in der Fischzucht und im Teich sowie \u00fcber alles, was bei Aquagarden Europe passiert, indem Sie sich f\u00fcr unseren monatlichen Newsletter anmelden oder die unten stehenden Artikel lesen.<\/p>\n\n\n\n<div class=\"wp-block-buttons is-layout-flex wp-block-buttons-is-layout-flex\">\n<div class=\"wp-block-button\"><a class=\"wp-block-button__link wp-element-button\" href=\"https:\/\/www.centralinterpet.com\/news\/\">Anmelden f\u00fcr News<\/a><\/div>\n<\/div>\n<\/div>\n<\/div>\n\n\n\n<div style=\"height:25px\" aria-hidden=\"true\" class=\"wp-block-spacer uag-hide-mob\"><\/div>\n<\/div>\n<\/div>\n\n<section class=\"wp-block-uagb-columns uagb-columns__wrap uagb-columns__background-none uagb-columns__stack-mobile uagb-columns__valign- uagb-columns__gap-10 align uagb-block-7c4a8e75 uagb-columns__columns-2 uagb-columns__max_width-custom\"><div class=\"uagb-columns__overlay\"><\/div><div class=\"uagb-columns__inner-wrap uagb-columns__columns-2\">\n<div class=\"wp-block-uagb-column uagb-column__wrap uagb-column__background-color uagb-block-497569e6 news-builder-sidebar\"><div class=\"uagb-column__overlay\"><\/div>\n<div class=\"inherit-container-width wp-block-group archive-side-bar has-white-background-color has-background is-layout-constrained wp-block-group-is-layout-constrained\"><div class=\"wp-block-group__inner-container\">\n<h3 class=\"wp-block-heading\">Archiv<\/h3>\n\n\n<ul class=\"wp-block-archives-list wp-block-archives\">\t<li><a href='https:\/\/aquagarden-europe.com\/de\/2024\/04\/'>April 2024<\/a><\/li>\n<\/ul>\n\n\n<h3 class=\"wp-block-heading\">Kategorien<\/h3>\n\n\n<ul class=\"wp-block-categories-list wp-block-categories\">\t<li class=\"cat-item cat-item-377\"><a href=\"https:\/\/aquagarden-europe.com\/fr\/category\/etangs\/\">\u00c9tangs<\/a>\n<\/li>\n\t<li class=\"cat-item cat-item-376\"><a href=\"https:\/\/aquagarden-europe.com\/category\/ponds\/\">Ponds<\/a>\n<\/li>\n\t<li class=\"cat-item cat-item-378\"><a href=\"https:\/\/aquagarden-europe.com\/de\/category\/teiche\/\">Teiche<\/a>\n<\/li>\n<\/ul><\/div><\/div>\n<\/div>\n\n\n\n<div class=\"wp-block-uagb-column uagb-column__wrap uagb-column__background-undefined uagb-block-7e63578b news-builder-posts\"><div class=\"uagb-column__overlay\"><\/div>\n\t\t\t<div class=\"wp-block-uagb-post-grid uagb-post-grid  uagb-post__image-position-top uagb-post__image-enabled uagb-block-ec05f8bc     uagb-post__items uagb-post__columns-3 is-grid uagb-post__columns-tablet-2 uagb-post__columns-mobile-1\" data-total=\"1\" style=\"\">\n\n\t\t\t\t\t\t\t\t\t\t\t\t<article class=\"uagb-post__inner-wrap\">\t\t\t\t\t\t\t\t<div class='uagb-post__text uagb-post-grid-byline'>\n\t\t\t\t\t\t\t\t<time datetime=\"2024-04-05T12:36:29+01:00\" class=\"uagb-post__date\">\n\t\t\t\t<span class=\"dashicons-calendar dashicons\"><\/span>\t\t\t\t\t5 April 2024\t\t\t\t<\/time>\n\t\t\t\t\t\t<\/div>\n\t\t\t\t\t\t<h4 class=\"uagb-post__title uagb-post__text\">\n\t\t\t\t<a href=\"https:\/\/aquagarden-europe.com\/de\/2024\/04\/aquagarden-lanciert-neuen-naturpool\/\" target=\"_self\" rel=\"bookmark noopener noreferrer\">AQUAGARDEN LANCIERT NEUEN &#8216;NATURPOOL&#8217;<\/a>\n\t\t\t<\/h4>\n\t\t\t\n\t\t\t\t\t\t\t\t\t<\/article>\n\t\t\t\t\t\t\t\t\t\t\t<\/div>\n\t\t\t<\/div>\n<\/div><\/section>\n","protected":false},"excerpt":{"rendered":"<p>Blog Bleiben Sie auf dem Laufenden \u00fcber alle Neuigkeiten in der Fischzucht und im Teich sowie \u00fcber alles, was bei Aquagarden Europe passiert, indem Sie sich f\u00fcr unseren monatlichen Newsletter anmelden oder die unten stehenden Artikel lesen. Archiv Kategorien<\/p>\n","protected":false},"author":6,"featured_media":0,"parent":0,"menu_order":0,"comment_status":"closed","ping_status":"closed","template":"","meta":{"_acf_changed":false,"_relevanssi_hide_post":"","_relevanssi_hide_content":"","_relevanssi_pin_for_all":"","_relevanssi_pin_keywords":"","_relevanssi_unpin_keywords":"","_relevanssi_related_keywords":"","_relevanssi_related_include_ids":"","_relevanssi_related_exclude_ids":"","_relevanssi_related_no_append":"","_relevanssi_related_not_related":"","_relevanssi_related_posts":"","_relevanssi_noindex_reason":"","_uag_custom_page_level_css":"","advgb_blocks_editor_width":"","advgb_blocks_columns_visual_guide":"","site-sidebar-layout":"default","site-content-layout":"","ast-site-content-layout":"default","site-content-style":"default","site-sidebar-style":"default","ast-global-header-display":"","ast-banner-title-visibility":"","ast-main-header-display":"","ast-hfb-above-header-display":"","ast-hfb-below-header-display":"","ast-hfb-mobile-header-display":"","site-post-title":"disabled","ast-breadcrumbs-content":"","ast-featured-img":"","footer-sml-layout":"","ast-disable-related-posts":"","theme-transparent-header-meta":"","adv-header-id-meta":"","stick-header-meta":"","header-above-stick-meta":"","header-main-stick-meta":"","header-below-stick-meta":"","astra-migrate-meta-layouts":"default","ast-page-background-enabled":"default","ast-page-background-meta":{"desktop":{"background-color":"","background-image":"","background-repeat":"repeat","background-position":"center center","background-size":"auto","background-attachment":"scroll","background-type":"","background-media":"","overlay-type":"","overlay-color":"","overlay-opacity":"","overlay-gradient":""},"tablet":{"background-color":"","background-image":"","background-repeat":"repeat","background-position":"center center","background-size":"auto","background-attachment":"scroll","background-type":"","background-media":"","overlay-type":"","overlay-color":"","overlay-opacity":"","overlay-gradient":""},"mobile":{"background-color":"","background-image":"","background-repeat":"repeat","background-position":"center center","background-size":"auto","background-attachment":"scroll","background-type":"","background-media":"","overlay-type":"","overlay-color":"","overlay-opacity":"","overlay-gradient":""}},"ast-content-background-meta":{"desktop":{"background-color":"var(--ast-global-color-5)","background-image":"","background-repeat":"repeat","background-position":"center center","background-size":"auto","background-attachment":"scroll","background-type":"","background-media":"","overlay-type":"","overlay-color":"","overlay-opacity":"","overlay-gradient":""},"tablet":{"background-color":"var(--ast-global-color-5)","background-image":"","background-repeat":"repeat","background-position":"center center","background-size":"auto","background-attachment":"scroll","background-type":"","background-media":"","overlay-type":"","overlay-color":"","overlay-opacity":"","overlay-gradient":""},"mobile":{"background-color":"var(--ast-global-color-5)","background-image":"","background-repeat":"repeat","background-position":"center center","background-size":"auto","background-attachment":"scroll","background-type":"","background-media":"","overlay-type":"","overlay-color":"","overlay-opacity":"","overlay-gradient":""}},"footnotes":""},"class_list":["ranking_","post-28228","page","type-page","status-publish","hentry"],"acf":[],"yoast_head":"<!-- This site is optimized with the Yoast SEO plugin v27.2 - https:\/\/yoast.com\/product\/yoast-seo-wordpress\/ -->\n<title>Blog - Aquagarden Europe<\/title>\n<meta name=\"robots\" content=\"index, follow, max-snippet:-1, max-image-preview:large, max-video-preview:-1\" \/>\n<link rel=\"canonical\" href=\"https:\/\/aquagarden-europe.com\/de\/blog\/\" \/>\n<meta property=\"og:locale\" content=\"de_DE\" \/>\n<meta property=\"og:type\" content=\"article\" \/>\n<meta property=\"og:title\" content=\"Blog - Aquagarden Europe\" \/>\n<meta property=\"og:description\" content=\"Blog Bleiben Sie auf dem Laufenden \u00fcber alle Neuigkeiten in der Fischzucht und im Teich sowie \u00fcber alles, was bei Aquagarden Europe passiert, indem Sie sich f\u00fcr unseren monatlichen Newsletter anmelden oder die unten stehenden Artikel lesen. Archiv Kategorien\" \/>\n<meta property=\"og:url\" content=\"https:\/\/aquagarden-europe.com\/de\/blog\/\" \/>\n<meta property=\"og:site_name\" content=\"Aquagarden Europe\" \/>\n<meta property=\"article:modified_time\" content=\"2024-06-21T14:03:54+00:00\" \/>\n<meta name=\"twitter:card\" content=\"summary_large_image\" \/>\n<script type=\"application\/ld+json\" class=\"yoast-schema-graph\">{\"@context\":\"https:\/\/schema.org\",\"@graph\":[{\"@type\":\"WebPage\",\"@id\":\"https:\/\/aquagarden-europe.com\/de\/blog\/\",\"url\":\"https:\/\/aquagarden-europe.com\/de\/blog\/\",\"name\":\"Blog - Aquagarden Europe\",\"isPartOf\":{\"@id\":\"https:\/\/aquagarden-europe.com\/#website\"},\"datePublished\":\"2024-04-10T09:44:34+00:00\",\"dateModified\":\"2024-06-21T14:03:54+00:00\",\"breadcrumb\":{\"@id\":\"https:\/\/aquagarden-europe.com\/de\/blog\/#breadcrumb\"},\"inLanguage\":\"de-DE\",\"potentialAction\":[{\"@type\":\"ReadAction\",\"target\":[\"https:\/\/aquagarden-europe.com\/de\/blog\/\"]}]},{\"@type\":\"BreadcrumbList\",\"@id\":\"https:\/\/aquagarden-europe.com\/de\/blog\/#breadcrumb\",\"itemListElement\":[{\"@type\":\"ListItem\",\"position\":1,\"name\":\"Home\",\"item\":\"https:\/\/aquagarden-europe.com\/de\/\"},{\"@type\":\"ListItem\",\"position\":2,\"name\":\"Blog\"}]},{\"@type\":\"WebSite\",\"@id\":\"https:\/\/aquagarden-europe.com\/#website\",\"url\":\"https:\/\/aquagarden-europe.com\/\",\"name\":\"Aquagarden Europe\",\"description\":\"\",\"publisher\":{\"@id\":\"https:\/\/aquagarden-europe.com\/#organization\"},\"potentialAction\":[{\"@type\":\"SearchAction\",\"target\":{\"@type\":\"EntryPoint\",\"urlTemplate\":\"https:\/\/aquagarden-europe.com\/?s={search_term_string}\"},\"query-input\":{\"@type\":\"PropertyValueSpecification\",\"valueRequired\":true,\"valueName\":\"search_term_string\"}}],\"inLanguage\":\"de-DE\"},{\"@type\":\"Organization\",\"@id\":\"https:\/\/aquagarden-europe.com\/#organization\",\"name\":\"Aquagarden Europe\",\"url\":\"https:\/\/aquagarden-europe.com\/\",\"logo\":{\"@type\":\"ImageObject\",\"inLanguage\":\"de-DE\",\"@id\":\"https:\/\/aquagarden-europe.com\/#\/schema\/logo\/image\/\",\"url\":\"https:\/\/aquagarden-europe.com\/wp-content\/uploads\/2024\/01\/AquaGarden_Logo-1.svg\",\"contentUrl\":\"https:\/\/aquagarden-europe.com\/wp-content\/uploads\/2024\/01\/AquaGarden_Logo-1.svg\",\"caption\":\"Aquagarden Europe\"},\"image\":{\"@id\":\"https:\/\/aquagarden-europe.com\/#\/schema\/logo\/image\/\"}}]}<\/script>\n<!-- \/ Yoast SEO plugin. -->","yoast_head_json":{"title":"Blog - Aquagarden Europe","robots":{"index":"index","follow":"follow","max-snippet":"max-snippet:-1","max-image-preview":"max-image-preview:large","max-video-preview":"max-video-preview:-1"},"canonical":"https:\/\/aquagarden-europe.com\/de\/blog\/","og_locale":"de_DE","og_type":"article","og_title":"Blog - Aquagarden Europe","og_description":"Blog Bleiben Sie auf dem Laufenden \u00fcber alle Neuigkeiten in der Fischzucht und im Teich sowie \u00fcber alles, was bei Aquagarden Europe passiert, indem Sie sich f\u00fcr unseren monatlichen Newsletter anmelden oder die unten stehenden Artikel lesen. Archiv Kategorien","og_url":"https:\/\/aquagarden-europe.com\/de\/blog\/","og_site_name":"Aquagarden Europe","article_modified_time":"2024-06-21T14:03:54+00:00","twitter_card":"summary_large_image","schema":{"@context":"https:\/\/schema.org","@graph":[{"@type":"WebPage","@id":"https:\/\/aquagarden-europe.com\/de\/blog\/","url":"https:\/\/aquagarden-europe.com\/de\/blog\/","name":"Blog - Aquagarden Europe","isPartOf":{"@id":"https:\/\/aquagarden-europe.com\/#website"},"datePublished":"2024-04-10T09:44:34+00:00","dateModified":"2024-06-21T14:03:54+00:00","breadcrumb":{"@id":"https:\/\/aquagarden-europe.com\/de\/blog\/#breadcrumb"},"inLanguage":"de-DE","potentialAction":[{"@type":"ReadAction","target":["https:\/\/aquagarden-europe.com\/de\/blog\/"]}]},{"@type":"BreadcrumbList","@id":"https:\/\/aquagarden-europe.com\/de\/blog\/#breadcrumb","itemListElement":[{"@type":"ListItem","position":1,"name":"Home","item":"https:\/\/aquagarden-europe.com\/de\/"},{"@type":"ListItem","position":2,"name":"Blog"}]},{"@type":"WebSite","@id":"https:\/\/aquagarden-europe.com\/#website","url":"https:\/\/aquagarden-europe.com\/","name":"Aquagarden Europe","description":"","publisher":{"@id":"https:\/\/aquagarden-europe.com\/#organization"},"potentialAction":[{"@type":"SearchAction","target":{"@type":"EntryPoint","urlTemplate":"https:\/\/aquagarden-europe.com\/?s={search_term_string}"},"query-input":{"@type":"PropertyValueSpecification","valueRequired":true,"valueName":"search_term_string"}}],"inLanguage":"de-DE"},{"@type":"Organization","@id":"https:\/\/aquagarden-europe.com\/#organization","name":"Aquagarden Europe","url":"https:\/\/aquagarden-europe.com\/","logo":{"@type":"ImageObject","inLanguage":"de-DE","@id":"https:\/\/aquagarden-europe.com\/#\/schema\/logo\/image\/","url":"https:\/\/aquagarden-europe.com\/wp-content\/uploads\/2024\/01\/AquaGarden_Logo-1.svg","contentUrl":"https:\/\/aquagarden-europe.com\/wp-content\/uploads\/2024\/01\/AquaGarden_Logo-1.svg","caption":"Aquagarden Europe"},"image":{"@id":"https:\/\/aquagarden-europe.com\/#\/schema\/logo\/image\/"}}]}},"uagb_featured_image_src":{"full":false,"thumbnail":false,"medium":false,"medium_large":false,"large":false,"blz_expanded_feature":false,"gs-tiny":false,"xl":false,"xxl":false,"xxxl":false,"xxxxl":false,"xxxxxl":false,"1536x1536":false,"2048x2048":false,"background_image":false,"woocommerce_thumbnail":false,"woocommerce_single":false,"woocommerce_gallery_thumbnail":false,"shop_catalog":false,"shop_single":false,"shop_thumbnail":false,"page-header":false,"page-two-to-one":false},"uagb_author_info":{"display_name":"Phil Durston","author_link":"https:\/\/aquagarden-europe.com\/de\/author\/phil-sera\/"},"uagb_comment_info":0,"uagb_excerpt":"Blog Bleiben Sie auf dem Laufenden \u00fcber alle Neuigkeiten in der Fischzucht und im Teich sowie \u00fcber alles, was bei Aquagarden Europe passiert, indem Sie sich f\u00fcr unseren monatlichen Newsletter anmelden oder die unten stehenden Artikel lesen. Archiv Kategorien","coauthors":[],"author_meta":{"author_link":"https:\/\/aquagarden-europe.com\/de\/author\/phil-sera\/","display_name":"Phil Durston"},"relative_dates":{"created":"Posted 2 years ago","modified":"Updated 2 years ago"},"absolute_dates":{"created":"Posted on 10 April 2024","modified":"Updated on 21 June 2024"},"absolute_dates_time":{"created":"Posted on 10 April 2024 10:44 am","modified":"Updated on 21 June 2024 3:03 pm"},"featured_img_caption":"","featured_img":false,"series_order":"","_links":{"self":[{"href":"https:\/\/aquagarden-europe.com\/de\/wp-json\/wp\/v2\/pages\/28228","targetHints":{"allow":["GET"]}}],"collection":[{"href":"https:\/\/aquagarden-europe.com\/de\/wp-json\/wp\/v2\/pages"}],"about":[{"href":"https:\/\/aquagarden-europe.com\/de\/wp-json\/wp\/v2\/types\/page"}],"author":[{"embeddable":true,"href":"https:\/\/aquagarden-europe.com\/de\/wp-json\/wp\/v2\/users\/6"}],"replies":[{"embeddable":true,"href":"https:\/\/aquagarden-europe.com\/de\/wp-json\/wp\/v2\/comments?post=28228"}],"version-history":[{"count":6,"href":"https:\/\/aquagarden-europe.com\/de\/wp-json\/wp\/v2\/pages\/28228\/revisions"}],"predecessor-version":[{"id":28277,"href":"https:\/\/aquagarden-europe.com\/de\/wp-json\/wp\/v2\/pages\/28228\/revisions\/28277"}],"wp:attachment":[{"href":"https:\/\/aquagarden-europe.com\/de\/wp-json\/wp\/v2\/media?parent=28228"}],"curies":[{"name":"wp","href":"https:\/\/api.w.org\/{rel}","templated":true}]}}