{"id":21048,"date":"2022-02-01T14:33:25","date_gmt":"2022-02-01T14:33:25","guid":{"rendered":"https:\/\/petlove-europe.com\/bedingungen-fuer-die-nutzung\/"},"modified":"2025-07-10T15:25:24","modified_gmt":"2025-07-10T14:25:24","slug":"bedingungen-fuer-die-nutzung","status":"publish","type":"page","link":"https:\/\/aquagarden-europe.com\/de\/bedingungen-fuer-die-nutzung\/","title":{"rendered":"Bedingungen f\u00fcr die Nutzung"},"content":{"rendered":"\n<section class=\"wp-block-uagb-columns uagb-columns__wrap uagb-columns__background-none uagb-columns__stack-mobile uagb-columns__valign- uagb-columns__gap-10 align uagb-block-a843866a uagb-columns__columns-1 uagb-columns__max_width-theme\"><div class=\"uagb-columns__overlay\"><\/div><div class=\"uagb-columns__inner-wrap uagb-columns__columns-1\">\n<div class=\"wp-block-uagb-column uagb-column__wrap uagb-column__background-undefined uagb-block-19c3d990\"><div class=\"uagb-column__overlay\"><\/div>\n<h1 class=\"wp-block-heading has-text-align-center\" style=\"font-size:38px\">Bedingungen f\u00fcr die Nutzung<\/h1>\n\n\n\n<p class=\"has-text-align-center has-medium-font-size\">Hinweis auf die Internet-Seite \/ Formular f\u00fcr die Nutzungsbedingungen<\/p>\n<\/div>\n<\/div><\/section>\n\n<section class=\"wp-block-uagb-columns uagb-columns__wrap uagb-columns__background-color uagb-columns__stack-mobile uagb-columns__valign- uagb-columns__gap-10 align uagb-block-066c088a uagb-columns__columns-1 uagb-columns__max_width-custom privacy-policy-container\"><div class=\"uagb-columns__overlay\"><\/div><div class=\"uagb-columns__inner-wrap uagb-columns__columns-1\">\n<div class=\"wp-block-uagb-column uagb-column__wrap uagb-column__background-undefined uagb-block-8a989d34\"><div class=\"uagb-column__overlay\"><\/div>\n<p>Aquagarden Interpet Ltd., zusammen mit seinen Tochtergesellschaften, Abteilungen, angeschlossenen und\/oder verbundenen Unternehmen (&#8220;AI&#8221;) unterh\u00e4lt diese Website (die &#8220;Website&#8221;) zu Ihrer pers\u00f6nlichen Unterhaltung, Information, Bildung und Kommunikation. Sie k\u00f6nnen die Website gerne durchst\u00f6bern.<\/p>\n\n\n\n<p>Die Website und ihr Inhalt sind so konzipiert, dass sie den britischen Gesetzen und Vorschriften entsprechen. Obwohl sie auch f\u00fcr andere zug\u00e4nglich ist, sind sie und ihr Inhalt nur f\u00fcr den Zugang und die Nutzung durch Einwohner des Vereinigten K\u00f6nigreichs bestimmt.<\/p>\n\n\n\n<p>Diese Website enth\u00e4lt Informationen \u00fcber AI und die Produkte von AI, die f\u00fcr die Kunden und Mitarbeiter von AI sowie f\u00fcr die allgemeine \u00d6ffentlichkeit n\u00fctzlich sein k\u00f6nnen. Insbesondere gibt AI keine Zusicherungen oder Garantien hinsichtlich der Richtigkeit der hierin enthaltenen Informationen und lehnt ausdr\u00fccklich jede Verpflichtung zur Aktualisierung dieser Informationen ab. AI \u00fcbernimmt ferner keine Haftung oder Verantwortung f\u00fcr Fehler oder Auslassungen im Inhalt dieser Website.  <\/p>\n\n\n\n<p>Durch Ihren Zugriff auf die Website und deren Nutzung akzeptieren Sie ohne Einschr\u00e4nkung oder Vorbehalt die nachstehenden Bedingungen (&#8220;Bedingungen&#8221;).<\/p>\n\n\n\n<div style=\"height:40px\" aria-hidden=\"true\" class=\"wp-block-spacer\"><\/div>\n\n\n\n<h3 class=\"wp-block-heading has-text-align-center\" style=\"font-size:30px\">Bedingungen und Konditionen<\/h3>\n\n\n\n<ol class=\"wp-block-list\">\n<li>Sie k\u00f6nnen die Website frei durchsuchen. Sie k\u00f6nnen das Material frei von der Website herunterladen. Alle heruntergeladenen Materialien d\u00fcrfen von Ihnen f\u00fcr den pers\u00f6nlichen, nichtkommerziellen Gebrauch verwendet werden. Es ist Ihnen jedoch nicht gestattet, diese Materialien ohne die ausdr\u00fcckliche schriftliche Genehmigung von AI f\u00fcr \u00f6ffentliche oder kommerzielle Zwecke zu verbreiten, zu ver\u00e4ndern, zu \u00fcbertragen, wiederzuverwenden, zu ver\u00f6ffentlichen oder zu nutzen. Alle in den heruntergeladenen Materialien enthaltenen Urheberrechts- und sonstigen Eigentumshinweise m\u00fcssen beibehalten werden.<\/li>\n\n\n\n<li>Sie sollten davon ausgehen, dass alle Inhalte der Website urheberrechtlich gesch\u00fctzt sind, sofern nicht anders angegeben, und nicht ohne die ausdr\u00fcckliche schriftliche Genehmigung von AI verwendet werden d\u00fcrfen.  <\/li>\n\n\n\n<li>Bilder von Personen oder Orten, die auf der Website gezeigt werden, sind das Eigentum von AI. Die Verwendung dieser Bilder durch Sie ist untersagt, es sei denn, sie ist durch diese Nutzungsbedingungen oder eine an anderer Stelle auf der Website erteilte Sondergenehmigung ausdr\u00fccklich gestattet. Die unbefugte Verwendung der Bilder kann gegen Urheberrechts-, Marken-, Datenschutz- und\/oder Publizit\u00e4tsgesetze sowie gegen Kommunikationsvorschriften und -gesetze versto\u00dfen.  <\/li>\n\n\n\n<li>Die Nutzung der Website erfolgt auf Ihr eigenes Risiko. Weder AI noch irgendeine andere Partei, die an der Erstellung, Produktion oder Bereitstellung der Website beteiligt ist, haftet f\u00fcr direkte, zuf\u00e4llige, indirekte oder Folgesch\u00e4den, die sich aus Ihrem Zugriff auf die Website oder die Nutzung der darin enthaltenen Dienste ergeben. Dies gilt auch f\u00fcr Sch\u00e4den an Ihrer Computerausr\u00fcstung, einschlie\u00dflich etwaiger Viren. Ohne das Vorstehende einzuschr\u00e4nken, wird Ihnen alles auf der Website &#8220;wie besehen&#8221; zur Verf\u00fcgung gestellt, ohne Garantien f\u00fcr die Marktg\u00e4ngigkeit, die Eignung f\u00fcr einen bestimmten Zweck oder die Nichtverletzung von Rechten. Bitte beachten Sie, dass der Ausschluss stillschweigender Garantien in einigen Rechtsordnungen nicht zul\u00e4ssig ist, so dass einige der oben genannten Ausschl\u00fcsse m\u00f6glicherweise nicht auf Sie zutreffen. Informieren Sie sich \u00fcber die in Ihrem Land geltenden Gesetze \u00fcber etwaige Beschr\u00e4nkungen oder Einschr\u00e4nkungen hinsichtlich des Ausschlusses stillschweigender Garantien.  <\/li>\n\n\n\n<li>Alle Mitteilungen oder Materialien, die Sie per E-Mail oder auf andere Weise an die Website \u00fcbermitteln oder auf der Website ver\u00f6ffentlichen, einschlie\u00dflich Daten, Fragen, Kommentare, Vorschl\u00e4ge oder \u00e4hnliches, sind nicht vertrauliche und nicht gesch\u00fctzte Informationen und werden als solche behandelt. AI kann solche Mitteilungen oder Materialien f\u00fcr jeden beliebigen Zweck verwenden, einschlie\u00dflich, aber nicht beschr\u00e4nkt auf die Vervielf\u00e4ltigung, Offenlegung, \u00dcbertragung, Ver\u00f6ffentlichung, Ausstrahlung und weitere Ver\u00f6ffentlichung. Dar\u00fcber hinaus steht es AI frei, Ideen, Konzepte, Know-how oder Techniken, die in den von Ihnen an die Website gesendeten Mitteilungen oder Materialien enthalten sind, f\u00fcr jeden beliebigen Zweck zu verwenden, einschlie\u00dflich, aber nicht beschr\u00e4nkt auf die Entwicklung, Herstellung und Vermarktung von Produkten. <\/li>\n\n\n\n<li>Alle Inhalte dieser Site sind: \u00a9 Copyright AI. Alle Rechte vorbehalten. Diese Website ist f\u00fcr die pers\u00f6nliche, nichtkommerzielle Nutzung durch den Nutzer bestimmt. Der Nutzer darf keine Informationen, Software, Produkte oder Dienstleistungen, die er von dieser Website erhalten hat, \u00e4ndern, kopieren, verteilen, \u00fcbertragen, ausstellen, vorf\u00fchren, reproduzieren, ver\u00f6ffentlichen, lizenzieren, davon abgeleitete Werke erstellen, \u00fcbertragen oder verkaufen. Nichts hierin ist als Erlaubnis, Anregung oder Empfehlung zu verstehen, eine patentierte Erfindung ohne Lizenz zu nutzen. Sofern nicht anders angegeben, sind alle Materialien auf dieser Website, einschlie\u00dflich des Textes, des Website-Designs, der Logos, Marken, Handelsaufmachungen, Grafiken, Icons und Bilder sowie deren Auswahl, Zusammenstellung und Anordnung das alleinige Eigentum von AI. Alle Audio- und Videoclips sind das alleinige Eigentum von AI oder seiner jeweiligen Inhaltsanbieter. Die gesamte auf der Website verwendete Software ist das alleinige Eigentum von AI oder den Anbietern der Software.   Alle hier nicht ausdr\u00fccklich gew\u00e4hrten Rechte sind vorbehalten. Jede unbefugte Verwendung der auf dieser Website erscheinenden Materialien kann gegen das Urheberrecht, das Markenrecht und andere geltende Gesetze versto\u00dfen und straf- oder zivilrechtliche Folgen nach sich ziehen. Die auf dieser Website ver\u00f6ffentlichten Informationen, Software, Produkte und Dienstleistungen k\u00f6nnen Ungenauigkeiten oder typografische Fehler enthalten. Die hierin enthaltenen Informationen werden in regelm\u00e4\u00dfigen Abst\u00e4nden ge\u00e4ndert. AI kann jederzeit Verbesserungen und\/oder \u00c4nderungen an dieser Site vornehmen.<\/li>\n\n\n\n<li>AI hat nicht alle Websites, die mit der Site verlinkt sind, \u00fcberpr\u00fcft und ist nicht verantwortlich f\u00fcr den Inhalt von Off-Site-Seiten oder anderen mit der Site verlinkten Websites. Die Verlinkung zu anderen Off-Site-Seiten oder anderen Websites erfolgt auf Ihr eigenes Risiko.<\/li>\n\n\n\n<li>Obwohl AI von Zeit zu Zeit die Diskussionen, Chats, Postings, \u00dcbertragungen, Bulletin Boards und \u00e4hnliches auf der Website \u00fcberwachen oder \u00fcberpr\u00fcfen kann, ist AI nicht verpflichtet, dies zu tun, und AI \u00fcbernimmt keine Verantwortung oder Haftung, die sich aus dem Inhalt der Website ergibt, noch f\u00fcr Fehler, Verleumdung, Beleidigung, \u00fcble Nachrede, Auslassung, Unwahrheit, Obsz\u00f6nit\u00e4t, Pornographie, Gottesl\u00e4sterung, Gefahr oder Ungenauigkeit, die in den Informationen auf der Website enthalten sind.<\/li>\n\n\n\n<li>Es ist Ihnen untersagt, ungesetzliches, bedrohliches, verleumderisches, diffamierendes, obsz\u00f6nes, aufr\u00fchrerisches, pornografisches oder gottesl\u00e4sterliches Material zu ver\u00f6ffentlichen oder zu \u00fcbermitteln, oder Material, das ein Verhalten darstellen oder f\u00f6rdern k\u00f6nnte, das als Straftat angesehen werden k\u00f6nnte, zu zivilrechtlicher Haftung f\u00fchren oder anderweitig gegen das Gesetz versto\u00dfen w\u00fcrde. AI wird in vollem Umfang mit den Strafverfolgungsbeh\u00f6rden oder Gerichtsbeschl\u00fcssen kooperieren, die AI auffordern oder anweisen, die Identit\u00e4t von Personen preiszugeben, die solche Informationen oder Materialien ver\u00f6ffentlichen.<\/li>\n\n\n\n<li>AI beh\u00e4lt sich das Recht vor, Material auf der Website jederzeit zu \u00e4ndern oder zu l\u00f6schen.<\/li>\n\n\n\n<li>AI kann diese Allgemeinen Gesch\u00e4ftsbedingungen jederzeit durch Aktualisierung dieser Ver\u00f6ffentlichung \u00fcberarbeiten. Sie sind an solche \u00dcberarbeitungen gebunden und sollten daher regelm\u00e4\u00dfig diese Seite besuchen, um die jeweils aktuellen Bedingungen zu \u00fcberpr\u00fcfen.<\/li>\n<\/ol>\n<\/div>\n<\/div><\/section>\n\n<p class=\"has-text-align-center\">Frankreich EPR-Nummer &#8211; FR303029_01IADP<\/p>\n","protected":false},"excerpt":{"rendered":"<p>Bedingungen f\u00fcr die Nutzung Hinweis auf die Internet-Seite \/ Formular f\u00fcr die Nutzungsbedingungen Aquagarden Interpet Ltd., zusammen mit seinen Tochtergesellschaften, Abteilungen, angeschlossenen und\/oder verbundenen Unternehmen (&#8220;AI&#8221;) unterh\u00e4lt diese Website (die &#8220;Website&#8221;) zu Ihrer pers\u00f6nlichen Unterhaltung, Information, Bildung und Kommunikation. Sie k\u00f6nnen die Website gerne durchst\u00f6bern. Die Website und ihr Inhalt sind so konzipiert, dass sie [&hellip;]<\/p>\n","protected":false},"author":6,"featured_media":0,"parent":0,"menu_order":0,"comment_status":"closed","ping_status":"closed","template":"","meta":{"_acf_changed":false,"_relevanssi_hide_post":"","_relevanssi_hide_content":"","_relevanssi_pin_for_all":"","_relevanssi_pin_keywords":"","_relevanssi_unpin_keywords":"","_relevanssi_related_keywords":"","_relevanssi_related_include_ids":"","_relevanssi_related_exclude_ids":"","_relevanssi_related_no_append":"","_relevanssi_related_not_related":"","_relevanssi_related_posts":"","_relevanssi_noindex_reason":"","_uag_custom_page_level_css":"","advgb_blocks_editor_width":"","advgb_blocks_columns_visual_guide":"","site-sidebar-layout":"default","site-content-layout":"default","ast-site-content-layout":"default","site-content-style":"default","site-sidebar-style":"default","ast-global-header-display":"","ast-banner-title-visibility":"","ast-main-header-display":"","ast-hfb-above-header-display":"","ast-hfb-below-header-display":"","ast-hfb-mobile-header-display":"","site-post-title":"disabled","ast-breadcrumbs-content":"","ast-featured-img":"","footer-sml-layout":"","ast-disable-related-posts":"","theme-transparent-header-meta":"default","adv-header-id-meta":"","stick-header-meta":"default","header-above-stick-meta":"","header-main-stick-meta":"","header-below-stick-meta":"","astra-migrate-meta-layouts":"default","ast-page-background-enabled":"default","ast-page-background-meta":{"desktop":{"background-color":"","background-image":"","background-repeat":"repeat","background-position":"center center","background-size":"auto","background-attachment":"scroll","background-type":"","background-media":"","overlay-type":"","overlay-color":"","overlay-opacity":"","overlay-gradient":""},"tablet":{"background-color":"","background-image":"","background-repeat":"repeat","background-position":"center center","background-size":"auto","background-attachment":"scroll","background-type":"","background-media":"","overlay-type":"","overlay-color":"","overlay-opacity":"","overlay-gradient":""},"mobile":{"background-color":"","background-image":"","background-repeat":"repeat","background-position":"center center","background-size":"auto","background-attachment":"scroll","background-type":"","background-media":"","overlay-type":"","overlay-color":"","overlay-opacity":"","overlay-gradient":""}},"ast-content-background-meta":{"desktop":{"background-color":"var(--ast-global-color-5)","background-image":"","background-repeat":"repeat","background-position":"center center","background-size":"auto","background-attachment":"scroll","background-type":"","background-media":"","overlay-type":"","overlay-color":"","overlay-opacity":"","overlay-gradient":""},"tablet":{"background-color":"var(--ast-global-color-5)","background-image":"","background-repeat":"repeat","background-position":"center center","background-size":"auto","background-attachment":"scroll","background-type":"","background-media":"","overlay-type":"","overlay-color":"","overlay-opacity":"","overlay-gradient":""},"mobile":{"background-color":"var(--ast-global-color-5)","background-image":"","background-repeat":"repeat","background-position":"center center","background-size":"auto","background-attachment":"scroll","background-type":"","background-media":"","overlay-type":"","overlay-color":"","overlay-opacity":"","overlay-gradient":""}},"footnotes":""},"class_list":["ranking_","post-21048","page","type-page","status-publish","hentry"],"acf":[],"yoast_head":"<!-- This site is optimized with the Yoast SEO plugin v27.2 - https:\/\/yoast.com\/product\/yoast-seo-wordpress\/ -->\n<title>Bedingungen f\u00fcr die Nutzung - Aquagarden Europe<\/title>\n<meta name=\"description\" content=\"Nylabone, Hund, Welpe, Hund, zerst\u00f6rerisches Kauen, Welpenzahnen, Hundelangeweile, Hundezahnfleischerkrankungen, dentales Kauen, Rezepte, Hundeleckerlis,\" \/>\n<meta name=\"robots\" content=\"index, follow, max-snippet:-1, max-image-preview:large, max-video-preview:-1\" \/>\n<link rel=\"canonical\" href=\"https:\/\/aquagarden-europe.com\/de\/bedingungen-fuer-die-nutzung\/\" \/>\n<meta property=\"og:locale\" content=\"de_DE\" \/>\n<meta property=\"og:type\" content=\"article\" \/>\n<meta property=\"og:title\" content=\"Bedingungen f\u00fcr die Nutzung - Aquagarden Europe\" \/>\n<meta property=\"og:description\" content=\"Nylabone, Hund, Welpe, Hund, zerst\u00f6rerisches Kauen, Welpenzahnen, Hundelangeweile, Hundezahnfleischerkrankungen, dentales Kauen, Rezepte, Hundeleckerlis,\" \/>\n<meta property=\"og:url\" content=\"https:\/\/aquagarden-europe.com\/de\/bedingungen-fuer-die-nutzung\/\" \/>\n<meta property=\"og:site_name\" content=\"Aquagarden Europe\" \/>\n<meta property=\"article:modified_time\" content=\"2025-07-10T14:25:24+00:00\" \/>\n<meta name=\"twitter:card\" content=\"summary_large_image\" \/>\n<meta name=\"twitter:label1\" content=\"Est. reading time\" \/>\n\t<meta name=\"twitter:data1\" content=\"6 minutes\" \/>\n<script type=\"application\/ld+json\" class=\"yoast-schema-graph\">{\"@context\":\"https:\/\/schema.org\",\"@graph\":[{\"@type\":\"WebPage\",\"@id\":\"https:\/\/aquagarden-europe.com\/de\/bedingungen-fuer-die-nutzung\/\",\"url\":\"https:\/\/aquagarden-europe.com\/de\/bedingungen-fuer-die-nutzung\/\",\"name\":\"Bedingungen f\u00fcr die Nutzung - Aquagarden Europe\",\"isPartOf\":{\"@id\":\"https:\/\/aquagarden-europe.com\/#website\"},\"datePublished\":\"2022-02-01T14:33:25+00:00\",\"dateModified\":\"2025-07-10T14:25:24+00:00\",\"description\":\"Nylabone, Hund, Welpe, Hund, zerst\u00f6rerisches Kauen, Welpenzahnen, Hundelangeweile, Hundezahnfleischerkrankungen, dentales Kauen, Rezepte, Hundeleckerlis,\",\"breadcrumb\":{\"@id\":\"https:\/\/aquagarden-europe.com\/de\/bedingungen-fuer-die-nutzung\/#breadcrumb\"},\"inLanguage\":\"de-DE\",\"potentialAction\":[{\"@type\":\"ReadAction\",\"target\":[\"https:\/\/aquagarden-europe.com\/de\/bedingungen-fuer-die-nutzung\/\"]}]},{\"@type\":\"BreadcrumbList\",\"@id\":\"https:\/\/aquagarden-europe.com\/de\/bedingungen-fuer-die-nutzung\/#breadcrumb\",\"itemListElement\":[{\"@type\":\"ListItem\",\"position\":1,\"name\":\"Home\",\"item\":\"https:\/\/aquagarden-europe.com\/de\/\"},{\"@type\":\"ListItem\",\"position\":2,\"name\":\"Bedingungen f\u00fcr die Nutzung\"}]},{\"@type\":\"WebSite\",\"@id\":\"https:\/\/aquagarden-europe.com\/#website\",\"url\":\"https:\/\/aquagarden-europe.com\/\",\"name\":\"Aquagarden Europe\",\"description\":\"\",\"publisher\":{\"@id\":\"https:\/\/aquagarden-europe.com\/#organization\"},\"potentialAction\":[{\"@type\":\"SearchAction\",\"target\":{\"@type\":\"EntryPoint\",\"urlTemplate\":\"https:\/\/aquagarden-europe.com\/?s={search_term_string}\"},\"query-input\":{\"@type\":\"PropertyValueSpecification\",\"valueRequired\":true,\"valueName\":\"search_term_string\"}}],\"inLanguage\":\"de-DE\"},{\"@type\":\"Organization\",\"@id\":\"https:\/\/aquagarden-europe.com\/#organization\",\"name\":\"Aquagarden Europe\",\"url\":\"https:\/\/aquagarden-europe.com\/\",\"logo\":{\"@type\":\"ImageObject\",\"inLanguage\":\"de-DE\",\"@id\":\"https:\/\/aquagarden-europe.com\/#\/schema\/logo\/image\/\",\"url\":\"https:\/\/aquagarden-europe.com\/wp-content\/uploads\/2024\/01\/AquaGarden_Logo-1.svg\",\"contentUrl\":\"https:\/\/aquagarden-europe.com\/wp-content\/uploads\/2024\/01\/AquaGarden_Logo-1.svg\",\"caption\":\"Aquagarden Europe\"},\"image\":{\"@id\":\"https:\/\/aquagarden-europe.com\/#\/schema\/logo\/image\/\"}}]}<\/script>\n<!-- \/ Yoast SEO plugin. -->","yoast_head_json":{"title":"Bedingungen f\u00fcr die Nutzung - Aquagarden Europe","description":"Nylabone, Hund, Welpe, Hund, zerst\u00f6rerisches Kauen, Welpenzahnen, Hundelangeweile, Hundezahnfleischerkrankungen, dentales Kauen, Rezepte, Hundeleckerlis,","robots":{"index":"index","follow":"follow","max-snippet":"max-snippet:-1","max-image-preview":"max-image-preview:large","max-video-preview":"max-video-preview:-1"},"canonical":"https:\/\/aquagarden-europe.com\/de\/bedingungen-fuer-die-nutzung\/","og_locale":"de_DE","og_type":"article","og_title":"Bedingungen f\u00fcr die Nutzung - Aquagarden Europe","og_description":"Nylabone, Hund, Welpe, Hund, zerst\u00f6rerisches Kauen, Welpenzahnen, Hundelangeweile, Hundezahnfleischerkrankungen, dentales Kauen, Rezepte, Hundeleckerlis,","og_url":"https:\/\/aquagarden-europe.com\/de\/bedingungen-fuer-die-nutzung\/","og_site_name":"Aquagarden Europe","article_modified_time":"2025-07-10T14:25:24+00:00","twitter_card":"summary_large_image","twitter_misc":{"Est. reading time":"6 minutes"},"schema":{"@context":"https:\/\/schema.org","@graph":[{"@type":"WebPage","@id":"https:\/\/aquagarden-europe.com\/de\/bedingungen-fuer-die-nutzung\/","url":"https:\/\/aquagarden-europe.com\/de\/bedingungen-fuer-die-nutzung\/","name":"Bedingungen f\u00fcr die Nutzung - Aquagarden Europe","isPartOf":{"@id":"https:\/\/aquagarden-europe.com\/#website"},"datePublished":"2022-02-01T14:33:25+00:00","dateModified":"2025-07-10T14:25:24+00:00","description":"Nylabone, Hund, Welpe, Hund, zerst\u00f6rerisches Kauen, Welpenzahnen, Hundelangeweile, Hundezahnfleischerkrankungen, dentales Kauen, Rezepte, Hundeleckerlis,","breadcrumb":{"@id":"https:\/\/aquagarden-europe.com\/de\/bedingungen-fuer-die-nutzung\/#breadcrumb"},"inLanguage":"de-DE","potentialAction":[{"@type":"ReadAction","target":["https:\/\/aquagarden-europe.com\/de\/bedingungen-fuer-die-nutzung\/"]}]},{"@type":"BreadcrumbList","@id":"https:\/\/aquagarden-europe.com\/de\/bedingungen-fuer-die-nutzung\/#breadcrumb","itemListElement":[{"@type":"ListItem","position":1,"name":"Home","item":"https:\/\/aquagarden-europe.com\/de\/"},{"@type":"ListItem","position":2,"name":"Bedingungen f\u00fcr die Nutzung"}]},{"@type":"WebSite","@id":"https:\/\/aquagarden-europe.com\/#website","url":"https:\/\/aquagarden-europe.com\/","name":"Aquagarden Europe","description":"","publisher":{"@id":"https:\/\/aquagarden-europe.com\/#organization"},"potentialAction":[{"@type":"SearchAction","target":{"@type":"EntryPoint","urlTemplate":"https:\/\/aquagarden-europe.com\/?s={search_term_string}"},"query-input":{"@type":"PropertyValueSpecification","valueRequired":true,"valueName":"search_term_string"}}],"inLanguage":"de-DE"},{"@type":"Organization","@id":"https:\/\/aquagarden-europe.com\/#organization","name":"Aquagarden Europe","url":"https:\/\/aquagarden-europe.com\/","logo":{"@type":"ImageObject","inLanguage":"de-DE","@id":"https:\/\/aquagarden-europe.com\/#\/schema\/logo\/image\/","url":"https:\/\/aquagarden-europe.com\/wp-content\/uploads\/2024\/01\/AquaGarden_Logo-1.svg","contentUrl":"https:\/\/aquagarden-europe.com\/wp-content\/uploads\/2024\/01\/AquaGarden_Logo-1.svg","caption":"Aquagarden Europe"},"image":{"@id":"https:\/\/aquagarden-europe.com\/#\/schema\/logo\/image\/"}}]}},"uagb_featured_image_src":{"full":false,"thumbnail":false,"medium":false,"medium_large":false,"large":false,"blz_expanded_feature":false,"gs-tiny":false,"xl":false,"xxl":false,"xxxl":false,"xxxxl":false,"xxxxxl":false,"1536x1536":false,"2048x2048":false,"background_image":false,"woocommerce_thumbnail":false,"woocommerce_single":false,"woocommerce_gallery_thumbnail":false,"shop_catalog":false,"shop_single":false,"shop_thumbnail":false,"page-header":false,"page-two-to-one":false},"uagb_author_info":{"display_name":"Phil Durston","author_link":"https:\/\/aquagarden-europe.com\/de\/author\/phil-sera\/"},"uagb_comment_info":0,"uagb_excerpt":"Bedingungen f\u00fcr die Nutzung Hinweis auf die Internet-Seite \/ Formular f\u00fcr die Nutzungsbedingungen Aquagarden Interpet Ltd., zusammen mit seinen Tochtergesellschaften, Abteilungen, angeschlossenen und\/oder verbundenen Unternehmen (&#8220;AI&#8221;) unterh\u00e4lt diese Website (die &#8220;Website&#8221;) zu Ihrer pers\u00f6nlichen Unterhaltung, Information, Bildung und Kommunikation. Sie k\u00f6nnen die Website gerne durchst\u00f6bern. Die Website und ihr Inhalt sind so konzipiert, dass sie&hellip;","coauthors":[],"author_meta":{"author_link":"https:\/\/aquagarden-europe.com\/de\/author\/phil-sera\/","display_name":"Phil Durston"},"relative_dates":{"created":"Posted 4 years ago","modified":"Updated 9 months ago"},"absolute_dates":{"created":"Posted on 1 February 2022","modified":"Updated on 10 July 2025"},"absolute_dates_time":{"created":"Posted on 1 February 2022 2:33 pm","modified":"Updated on 10 July 2025 3:25 pm"},"featured_img_caption":"","featured_img":false,"series_order":"","_links":{"self":[{"href":"https:\/\/aquagarden-europe.com\/de\/wp-json\/wp\/v2\/pages\/21048","targetHints":{"allow":["GET"]}}],"collection":[{"href":"https:\/\/aquagarden-europe.com\/de\/wp-json\/wp\/v2\/pages"}],"about":[{"href":"https:\/\/aquagarden-europe.com\/de\/wp-json\/wp\/v2\/types\/page"}],"author":[{"embeddable":true,"href":"https:\/\/aquagarden-europe.com\/de\/wp-json\/wp\/v2\/users\/6"}],"replies":[{"embeddable":true,"href":"https:\/\/aquagarden-europe.com\/de\/wp-json\/wp\/v2\/comments?post=21048"}],"version-history":[{"count":4,"href":"https:\/\/aquagarden-europe.com\/de\/wp-json\/wp\/v2\/pages\/21048\/revisions"}],"predecessor-version":[{"id":28584,"href":"https:\/\/aquagarden-europe.com\/de\/wp-json\/wp\/v2\/pages\/21048\/revisions\/28584"}],"wp:attachment":[{"href":"https:\/\/aquagarden-europe.com\/de\/wp-json\/wp\/v2\/media?parent=21048"}],"curies":[{"name":"wp","href":"https:\/\/api.w.org\/{rel}","templated":true}]}}