{"id":21014,"date":"2022-07-29T13:38:33","date_gmt":"2022-07-29T12:38:33","guid":{"rendered":"https:\/\/petlove-europe.com\/wo-zu-kaufen\/"},"modified":"2024-08-16T09:27:06","modified_gmt":"2024-08-16T08:27:06","slug":"wo-zu-kaufen","status":"publish","type":"page","link":"https:\/\/aquagarden-europe.com\/de\/wo-zu-kaufen\/","title":{"rendered":"Wo zu kaufen"},"content":{"rendered":"\n<div class=\"wp-block-uagb-container uagb-block-c62a24a1 alignfull uagb-is-root-container\"><div class=\"uagb-container-inner-blocks-wrap\">\n<p class=\"has-medium-font-size uag-hide-desktop uag-hide-tab uag-hide-mob\">Geben Sie unten Ihre Postleitzahl oder Ihren Ort ein, um den n\u00e4chstgelegenen H\u00e4ndler zu finden. Alternativ k\u00f6nnen Sie auch <a href=\"https:\/\/aquagarden-europe.com\/de\/wo-zu-kaufen\/online\/\">hier klicken, um einen Online-H\u00e4ndler zu finden<\/a><a href=\"https:\/\/interpet.co.uk\/where-to-buy\/online\/\">.<\/a><\/p>\n\n\n\n<p>Wenn Sie ein aktueller H\u00e4ndler sind und in unseren Store Locator aufgenommen werden m\u00f6chten, wenden Sie sich bitte an Ihren Verkaufsleiter oder <a href=\"https:\/\/interpetcentral.com\/contact-us\/\">kontaktieren Sie uns<\/a>.<\/p>\n\n\n\n<p class=\"has-text-align-center\"><a href=\"https:\/\/www.amazon.fr\/stores\/page\/D52B4C44-708C-4BF0-82AC-B1AB1CEC3A13\">Auf Amazon.fr kaufen<\/a><\/p>\n\n\n\n<p class=\"has-text-align-center\"><a href=\"https:\/\/www.amazon.de\/stores\/page\/5EE1A69B-9236-49B3-ABC3-D3076052A78E\">Auf Amazon.de kaufen<\/a><\/p>\n<\/div><\/div>\n","protected":false},"excerpt":{"rendered":"<p>Geben Sie unten Ihre Postleitzahl oder Ihren Ort ein, um den n\u00e4chstgelegenen H\u00e4ndler zu finden. Alternativ k\u00f6nnen Sie auch hier klicken, um einen Online-H\u00e4ndler zu finden. Wenn Sie ein aktueller H\u00e4ndler sind und in unseren Store Locator aufgenommen werden m\u00f6chten, wenden Sie sich bitte an Ihren Verkaufsleiter oder kontaktieren Sie uns. Auf Amazon.fr kaufen Auf [&hellip;]<\/p>\n","protected":false},"author":6,"featured_media":0,"parent":0,"menu_order":0,"comment_status":"closed","ping_status":"closed","template":"","meta":{"_acf_changed":false,"_relevanssi_hide_post":"","_relevanssi_hide_content":"","_relevanssi_pin_for_all":"","_relevanssi_pin_keywords":"","_relevanssi_unpin_keywords":"","_relevanssi_related_keywords":"","_relevanssi_related_include_ids":"","_relevanssi_related_exclude_ids":"","_relevanssi_related_no_append":"","_relevanssi_related_not_related":"","_relevanssi_related_posts":"","_relevanssi_noindex_reason":"","_uag_custom_page_level_css":"","advgb_blocks_editor_width":"","advgb_blocks_columns_visual_guide":"","site-sidebar-layout":"default","site-content-layout":"default","ast-site-content-layout":"default","site-content-style":"default","site-sidebar-style":"default","ast-global-header-display":"","ast-banner-title-visibility":"","ast-main-header-display":"","ast-hfb-above-header-display":"","ast-hfb-below-header-display":"","ast-hfb-mobile-header-display":"","site-post-title":"disabled","ast-breadcrumbs-content":"","ast-featured-img":"","footer-sml-layout":"","ast-disable-related-posts":"","theme-transparent-header-meta":"default","adv-header-id-meta":"","stick-header-meta":"default","header-above-stick-meta":"","header-main-stick-meta":"","header-below-stick-meta":"","astra-migrate-meta-layouts":"default","ast-page-background-enabled":"default","ast-page-background-meta":{"desktop":{"background-color":"","background-image":"","background-repeat":"repeat","background-position":"center center","background-size":"auto","background-attachment":"scroll","background-type":"","background-media":"","overlay-type":"","overlay-color":"","overlay-opacity":"","overlay-gradient":""},"tablet":{"background-color":"","background-image":"","background-repeat":"repeat","background-position":"center center","background-size":"auto","background-attachment":"scroll","background-type":"","background-media":"","overlay-type":"","overlay-color":"","overlay-opacity":"","overlay-gradient":""},"mobile":{"background-color":"","background-image":"","background-repeat":"repeat","background-position":"center center","background-size":"auto","background-attachment":"scroll","background-type":"","background-media":"","overlay-type":"","overlay-color":"","overlay-opacity":"","overlay-gradient":""}},"ast-content-background-meta":{"desktop":{"background-color":"var(--ast-global-color-5)","background-image":"","background-repeat":"repeat","background-position":"center center","background-size":"auto","background-attachment":"scroll","background-type":"","background-media":"","overlay-type":"","overlay-color":"","overlay-opacity":"","overlay-gradient":""},"tablet":{"background-color":"var(--ast-global-color-5)","background-image":"","background-repeat":"repeat","background-position":"center center","background-size":"auto","background-attachment":"scroll","background-type":"","background-media":"","overlay-type":"","overlay-color":"","overlay-opacity":"","overlay-gradient":""},"mobile":{"background-color":"var(--ast-global-color-5)","background-image":"","background-repeat":"repeat","background-position":"center center","background-size":"auto","background-attachment":"scroll","background-type":"","background-media":"","overlay-type":"","overlay-color":"","overlay-opacity":"","overlay-gradient":""}},"footnotes":""},"class_list":["ranking_","post-21014","page","type-page","status-publish","hentry"],"acf":[],"yoast_head":"<!-- This site is optimized with the Yoast SEO plugin v27.2 - https:\/\/yoast.com\/product\/yoast-seo-wordpress\/ -->\n<title>Wo zu kaufen - Aquagarden Europe<\/title>\n<meta name=\"description\" content=\"Nylabone Store Locator, Nylabone wo kaufen, Nylabone Lagerhalter, Nylabone Einzelh\u00e4ndler, Nylabone UK, Nylabone England, Nylabone Wales, Nylabone Schottland,\" \/>\n<meta name=\"robots\" content=\"index, follow, max-snippet:-1, max-image-preview:large, max-video-preview:-1\" \/>\n<link rel=\"canonical\" href=\"https:\/\/aquagarden-europe.com\/de\/wo-zu-kaufen\/\" \/>\n<meta property=\"og:locale\" content=\"de_DE\" \/>\n<meta property=\"og:type\" content=\"article\" \/>\n<meta property=\"og:title\" content=\"Wo zu kaufen - Aquagarden Europe\" \/>\n<meta property=\"og:description\" content=\"Nylabone Store Locator, Nylabone wo kaufen, Nylabone Lagerhalter, Nylabone Einzelh\u00e4ndler, Nylabone UK, Nylabone England, Nylabone Wales, Nylabone Schottland,\" \/>\n<meta property=\"og:url\" content=\"https:\/\/aquagarden-europe.com\/de\/wo-zu-kaufen\/\" \/>\n<meta property=\"og:site_name\" content=\"Aquagarden Europe\" \/>\n<meta property=\"article:modified_time\" content=\"2024-08-16T08:27:06+00:00\" \/>\n<meta name=\"twitter:card\" content=\"summary_large_image\" \/>\n<script type=\"application\/ld+json\" class=\"yoast-schema-graph\">{\"@context\":\"https:\/\/schema.org\",\"@graph\":[{\"@type\":\"WebPage\",\"@id\":\"https:\/\/aquagarden-europe.com\/de\/wo-zu-kaufen\/\",\"url\":\"https:\/\/aquagarden-europe.com\/de\/wo-zu-kaufen\/\",\"name\":\"Wo zu kaufen - Aquagarden Europe\",\"isPartOf\":{\"@id\":\"https:\/\/aquagarden-europe.com\/#website\"},\"datePublished\":\"2022-07-29T12:38:33+00:00\",\"dateModified\":\"2024-08-16T08:27:06+00:00\",\"description\":\"Nylabone Store Locator, Nylabone wo kaufen, Nylabone Lagerhalter, Nylabone Einzelh\u00e4ndler, Nylabone UK, Nylabone England, Nylabone Wales, Nylabone Schottland,\",\"breadcrumb\":{\"@id\":\"https:\/\/aquagarden-europe.com\/de\/wo-zu-kaufen\/#breadcrumb\"},\"inLanguage\":\"de-DE\",\"potentialAction\":[{\"@type\":\"ReadAction\",\"target\":[\"https:\/\/aquagarden-europe.com\/de\/wo-zu-kaufen\/\"]}]},{\"@type\":\"BreadcrumbList\",\"@id\":\"https:\/\/aquagarden-europe.com\/de\/wo-zu-kaufen\/#breadcrumb\",\"itemListElement\":[{\"@type\":\"ListItem\",\"position\":1,\"name\":\"Home\",\"item\":\"https:\/\/aquagarden-europe.com\/de\/\"},{\"@type\":\"ListItem\",\"position\":2,\"name\":\"Wo zu kaufen\"}]},{\"@type\":\"WebSite\",\"@id\":\"https:\/\/aquagarden-europe.com\/#website\",\"url\":\"https:\/\/aquagarden-europe.com\/\",\"name\":\"Aquagarden Europe\",\"description\":\"\",\"publisher\":{\"@id\":\"https:\/\/aquagarden-europe.com\/#organization\"},\"potentialAction\":[{\"@type\":\"SearchAction\",\"target\":{\"@type\":\"EntryPoint\",\"urlTemplate\":\"https:\/\/aquagarden-europe.com\/?s={search_term_string}\"},\"query-input\":{\"@type\":\"PropertyValueSpecification\",\"valueRequired\":true,\"valueName\":\"search_term_string\"}}],\"inLanguage\":\"de-DE\"},{\"@type\":\"Organization\",\"@id\":\"https:\/\/aquagarden-europe.com\/#organization\",\"name\":\"Aquagarden Europe\",\"url\":\"https:\/\/aquagarden-europe.com\/\",\"logo\":{\"@type\":\"ImageObject\",\"inLanguage\":\"de-DE\",\"@id\":\"https:\/\/aquagarden-europe.com\/#\/schema\/logo\/image\/\",\"url\":\"https:\/\/aquagarden-europe.com\/wp-content\/uploads\/2024\/01\/AquaGarden_Logo-1.svg\",\"contentUrl\":\"https:\/\/aquagarden-europe.com\/wp-content\/uploads\/2024\/01\/AquaGarden_Logo-1.svg\",\"caption\":\"Aquagarden Europe\"},\"image\":{\"@id\":\"https:\/\/aquagarden-europe.com\/#\/schema\/logo\/image\/\"}}]}<\/script>\n<!-- \/ Yoast SEO plugin. -->","yoast_head_json":{"title":"Wo zu kaufen - Aquagarden Europe","description":"Nylabone Store Locator, Nylabone wo kaufen, Nylabone Lagerhalter, Nylabone Einzelh\u00e4ndler, Nylabone UK, Nylabone England, Nylabone Wales, Nylabone Schottland,","robots":{"index":"index","follow":"follow","max-snippet":"max-snippet:-1","max-image-preview":"max-image-preview:large","max-video-preview":"max-video-preview:-1"},"canonical":"https:\/\/aquagarden-europe.com\/de\/wo-zu-kaufen\/","og_locale":"de_DE","og_type":"article","og_title":"Wo zu kaufen - Aquagarden Europe","og_description":"Nylabone Store Locator, Nylabone wo kaufen, Nylabone Lagerhalter, Nylabone Einzelh\u00e4ndler, Nylabone UK, Nylabone England, Nylabone Wales, Nylabone Schottland,","og_url":"https:\/\/aquagarden-europe.com\/de\/wo-zu-kaufen\/","og_site_name":"Aquagarden Europe","article_modified_time":"2024-08-16T08:27:06+00:00","twitter_card":"summary_large_image","schema":{"@context":"https:\/\/schema.org","@graph":[{"@type":"WebPage","@id":"https:\/\/aquagarden-europe.com\/de\/wo-zu-kaufen\/","url":"https:\/\/aquagarden-europe.com\/de\/wo-zu-kaufen\/","name":"Wo zu kaufen - Aquagarden Europe","isPartOf":{"@id":"https:\/\/aquagarden-europe.com\/#website"},"datePublished":"2022-07-29T12:38:33+00:00","dateModified":"2024-08-16T08:27:06+00:00","description":"Nylabone Store Locator, Nylabone wo kaufen, Nylabone Lagerhalter, Nylabone Einzelh\u00e4ndler, Nylabone UK, Nylabone England, Nylabone Wales, Nylabone Schottland,","breadcrumb":{"@id":"https:\/\/aquagarden-europe.com\/de\/wo-zu-kaufen\/#breadcrumb"},"inLanguage":"de-DE","potentialAction":[{"@type":"ReadAction","target":["https:\/\/aquagarden-europe.com\/de\/wo-zu-kaufen\/"]}]},{"@type":"BreadcrumbList","@id":"https:\/\/aquagarden-europe.com\/de\/wo-zu-kaufen\/#breadcrumb","itemListElement":[{"@type":"ListItem","position":1,"name":"Home","item":"https:\/\/aquagarden-europe.com\/de\/"},{"@type":"ListItem","position":2,"name":"Wo zu kaufen"}]},{"@type":"WebSite","@id":"https:\/\/aquagarden-europe.com\/#website","url":"https:\/\/aquagarden-europe.com\/","name":"Aquagarden Europe","description":"","publisher":{"@id":"https:\/\/aquagarden-europe.com\/#organization"},"potentialAction":[{"@type":"SearchAction","target":{"@type":"EntryPoint","urlTemplate":"https:\/\/aquagarden-europe.com\/?s={search_term_string}"},"query-input":{"@type":"PropertyValueSpecification","valueRequired":true,"valueName":"search_term_string"}}],"inLanguage":"de-DE"},{"@type":"Organization","@id":"https:\/\/aquagarden-europe.com\/#organization","name":"Aquagarden Europe","url":"https:\/\/aquagarden-europe.com\/","logo":{"@type":"ImageObject","inLanguage":"de-DE","@id":"https:\/\/aquagarden-europe.com\/#\/schema\/logo\/image\/","url":"https:\/\/aquagarden-europe.com\/wp-content\/uploads\/2024\/01\/AquaGarden_Logo-1.svg","contentUrl":"https:\/\/aquagarden-europe.com\/wp-content\/uploads\/2024\/01\/AquaGarden_Logo-1.svg","caption":"Aquagarden Europe"},"image":{"@id":"https:\/\/aquagarden-europe.com\/#\/schema\/logo\/image\/"}}]}},"uagb_featured_image_src":{"full":false,"thumbnail":false,"medium":false,"medium_large":false,"large":false,"blz_expanded_feature":false,"gs-tiny":false,"xl":false,"xxl":false,"xxxl":false,"xxxxl":false,"xxxxxl":false,"1536x1536":false,"2048x2048":false,"background_image":false,"woocommerce_thumbnail":false,"woocommerce_single":false,"woocommerce_gallery_thumbnail":false,"shop_catalog":false,"shop_single":false,"shop_thumbnail":false,"page-header":false,"page-two-to-one":false},"uagb_author_info":{"display_name":"Phil Durston","author_link":"https:\/\/aquagarden-europe.com\/de\/author\/phil-sera\/"},"uagb_comment_info":0,"uagb_excerpt":"Geben Sie unten Ihre Postleitzahl oder Ihren Ort ein, um den n\u00e4chstgelegenen H\u00e4ndler zu finden. Alternativ k\u00f6nnen Sie auch hier klicken, um einen Online-H\u00e4ndler zu finden. Wenn Sie ein aktueller H\u00e4ndler sind und in unseren Store Locator aufgenommen werden m\u00f6chten, wenden Sie sich bitte an Ihren Verkaufsleiter oder kontaktieren Sie uns. Auf Amazon.fr kaufen Auf&hellip;","coauthors":[],"author_meta":{"author_link":"https:\/\/aquagarden-europe.com\/de\/author\/phil-sera\/","display_name":"Phil Durston"},"relative_dates":{"created":"Posted 4 years ago","modified":"Updated 2 years ago"},"absolute_dates":{"created":"Posted on 29 July 2022","modified":"Updated on 16 August 2024"},"absolute_dates_time":{"created":"Posted on 29 July 2022 1:38 pm","modified":"Updated on 16 August 2024 9:27 am"},"featured_img_caption":"","featured_img":false,"series_order":"","_links":{"self":[{"href":"https:\/\/aquagarden-europe.com\/de\/wp-json\/wp\/v2\/pages\/21014","targetHints":{"allow":["GET"]}}],"collection":[{"href":"https:\/\/aquagarden-europe.com\/de\/wp-json\/wp\/v2\/pages"}],"about":[{"href":"https:\/\/aquagarden-europe.com\/de\/wp-json\/wp\/v2\/types\/page"}],"author":[{"embeddable":true,"href":"https:\/\/aquagarden-europe.com\/de\/wp-json\/wp\/v2\/users\/6"}],"replies":[{"embeddable":true,"href":"https:\/\/aquagarden-europe.com\/de\/wp-json\/wp\/v2\/comments?post=21014"}],"version-history":[{"count":5,"href":"https:\/\/aquagarden-europe.com\/de\/wp-json\/wp\/v2\/pages\/21014\/revisions"}],"predecessor-version":[{"id":28181,"href":"https:\/\/aquagarden-europe.com\/de\/wp-json\/wp\/v2\/pages\/21014\/revisions\/28181"}],"wp:attachment":[{"href":"https:\/\/aquagarden-europe.com\/de\/wp-json\/wp\/v2\/media?parent=21014"}],"curies":[{"name":"wp","href":"https:\/\/api.w.org\/{rel}","templated":true}]}}