{"id":21000,"date":"2023-05-02T11:18:59","date_gmt":"2023-05-02T10:18:59","guid":{"rendered":"https:\/\/petlove-europe.com\/katalog\/"},"modified":"2024-08-16T09:27:00","modified_gmt":"2024-08-16T08:27:00","slug":"katalog","status":"publish","type":"page","link":"https:\/\/aquagarden-europe.com\/de\/katalog\/","title":{"rendered":"Katalog"},"content":{"rendered":"\n<div class=\"wp-block-uagb-container uagb-block-02308dbe alignfull uagb-is-root-container\"><div class=\"uagb-container-inner-blocks-wrap\"><\/div><\/div>\n\n<div class=\"wp-block-uagb-container uagb-block-a59e3c71 alignfull uagb-is-root-container\"><div class=\"uagb-container-inner-blocks-wrap\">\n<h2 class=\"wp-block-heading\"><em>Katalog<\/em><\/h2>\n<\/div><\/div>\n\n<div class=\"wp-block-uagb-container uagb-block-885a7da4 alignfull uagb-is-root-container\"><div class=\"uagb-container-inner-blocks-wrap\">\n<div class=\"wp-block-uagb-container uagb-block-1708dbd4\">\n<h3 class=\"wp-block-heading\">Hochteich mit Fenstern<\/h3>\n\n\n\n<figure class=\"wp-block-image alignfull size-full animated bounce\"><img loading=\"lazy\" decoding=\"async\" width=\"300\" height=\"195\" src=\"https:\/\/aquagarden-europe.com\/wp-content\/uploads\/2024\/01\/RaisedWindowPondshero-300x195-1.jpg\" alt=\"\" class=\"wp-image-26993\"\/><\/figure>\n\n\n\n<p>Genie\u00dfen Sie das ganze Jahr \u00fcber Tag und Nacht den Anblick und das Ger\u00e4usch von bewegtem Wasser und Wasserlebewesen.<\/p>\n\n\n\n<ul class=\"wp-block-list\">\n<li>Leicht einzurichten<\/li>\n\n\n\n<li>Leicht zu pflegen<\/li>\n\n\n\n<li>Enth\u00e4lt ein komplettes Lebenserhaltungssystem f\u00fcr Fische und Pflanzen<\/li>\n<\/ul>\n\n\n\n<div class=\"wp-block-buttons is-content-justification-center is-layout-flex wp-container-core-buttons-is-layout-a89b3969 wp-block-buttons-is-layout-flex\">\n<div class=\"wp-block-button\"><a class=\"wp-block-button__link wp-element-button\" href=\"https:\/\/aquagarden-europe.com\/alternative\/all-alternative-categories\/\">Alle Spielzeuge<\/a><\/div>\n<\/div>\n<\/div>\n\n\n\n<div class=\"wp-block-uagb-container uagb-block-6bda6a22\">\n<h3 class=\"wp-block-heading\">Inpond 5 in 1\/6 in 1<\/h3>\n\n\n\n<figure class=\"wp-block-image alignfull size-full animated bounce\"><img loading=\"lazy\" decoding=\"async\" width=\"300\" height=\"195\" src=\"https:\/\/aquagarden-europe.com\/wp-content\/uploads\/2024\/01\/Inpond56in1-Hero-300x195-1.png\" alt=\"\" class=\"wp-image-26990\"\/><\/figure>\n\n\n\n<p>Haben Sie einen gr\u00fcnen und schmutzigen Teich, oder wollen Sie einen neuen Teich sch\u00f6n und sauber halten? Die Inpond-Reihe bietet eine f\u00fcnfstufige Komplettl\u00f6sung gegen Gr\u00fcnalgen, Schmutz und leblose, tr\u00fcbe Teiche. Die in 4 Gr\u00f6\u00dfen erh\u00e4ltlichen Inponds bieten Funktionen, die Ihren Teich nicht nur reinigen, sondern ihn auch hell, attraktiv und gesund f\u00fcr Fische und Wildtiere machen.<\/p>\n\n\n\n<div class=\"wp-block-buttons is-content-justification-center is-layout-flex wp-container-core-buttons-is-layout-a89b3969 wp-block-buttons-is-layout-flex\">\n<div class=\"wp-block-button\"><a class=\"wp-block-button__link wp-element-button\" href=\"https:\/\/aquagarden-europe.com\/alternative\/sustainable-planet-friendly\/\">Nachhaltig und umweltvertr\u00e4glich<\/a><\/div>\n<\/div>\n<\/div>\n\n\n\n<div class=\"wp-block-uagb-container uagb-block-9259c9db\">\n<h3 class=\"wp-block-heading\">Reinigen Sie Teich Maschine UV-Filter<\/h3>\n\n\n\n<figure class=\"wp-block-image alignfull size-full animated bounce\"><img loading=\"lazy\" decoding=\"async\" width=\"570\" height=\"371\" src=\"https:\/\/aquagarden-europe.com\/wp-content\/uploads\/2024\/01\/Awesome-Pond-Cleaning-Machine.png\" alt=\"\" class=\"wp-image-26922\" srcset=\"https:\/\/aquagarden-europe.com\/wp-content\/uploads\/2024\/01\/Awesome-Pond-Cleaning-Machine.png 570w, https:\/\/aquagarden-europe.com\/wp-content\/uploads\/2024\/01\/Awesome-Pond-Cleaning-Machine-300x195.png 300w, https:\/\/aquagarden-europe.com\/wp-content\/uploads\/2024\/01\/Awesome-Pond-Cleaning-Machine-358x233.png 358w\" sizes=\"auto, (max-width: 570px) 100vw, 570px\" \/><\/figure>\n\n\n\n<p>Clean Pond Machine UV Filter ist ein effektives, einfach zu bedienendes Filtersystem, das Ihren Teich sauber und gesund h\u00e4lt, w\u00e4hrend Ihre H\u00e4nde sauber und trocken bleiben. Das einzigartige, innovative, schaumstofffreie Design kombiniert mehr als zehn Jahre Forschung und Entwicklung sowie patentierte Funktionen, um Ihnen ein durchdachtes Produkt zu bieten, das die uralten Probleme der Teichwirtschaft l\u00f6st und verhindert.<\/p>\n\n\n\n<div class=\"wp-block-buttons is-content-justification-center is-layout-flex wp-container-core-buttons-is-layout-a89b3969 wp-block-buttons-is-layout-flex\">\n<div class=\"wp-block-button\"><a class=\"wp-block-button__link wp-element-button\" href=\"https:\/\/aquagarden-europe.com\/alternative\/puppy\/\">Welpe<\/a><\/div>\n<\/div>\n<\/div>\n<\/div><\/div>\n\n<div class=\"wp-block-uagb-container uagb-block-eefb5951 alignfull uagb-is-root-container\"><div class=\"uagb-container-inner-blocks-wrap\">\n<div class=\"wp-block-uagb-container uagb-block-2cd9b3a6\">\n<figure class=\"wp-block-image aligncenter size-full animated bounce\"><a href=\"https:\/\/aquagarden-europe.com\/alternative\/soft-snuggly\/\"><img loading=\"lazy\" decoding=\"async\" width=\"390\" height=\"286\" src=\"https:\/\/aquagarden-europe.com\/wp-content\/uploads\/2023\/03\/Chase-2.png\" alt=\"Jagen\" class=\"wp-image-18390\" srcset=\"https:\/\/aquagarden-europe.com\/wp-content\/uploads\/2023\/03\/Chase-2.png 390w, https:\/\/aquagarden-europe.com\/wp-content\/uploads\/2023\/03\/Chase-2-300x220.png 300w, https:\/\/aquagarden-europe.com\/wp-content\/uploads\/2023\/03\/Chase-2-358x263.png 358w\" sizes=\"auto, (max-width: 390px) 100vw, 390px\" \/><\/a><\/figure>\n\n\n\n<div class=\"wp-block-buttons is-content-justification-center is-layout-flex wp-container-core-buttons-is-layout-a89b3969 wp-block-buttons-is-layout-flex\">\n<div class=\"wp-block-button\"><a class=\"wp-block-button__link wp-element-button\" href=\"https:\/\/aquagarden-europe.com\/alternative\/soft-snuggly\/\">Weich und kuschelig<\/a><\/div>\n<\/div>\n<\/div>\n\n\n\n<div class=\"wp-block-uagb-container uagb-block-2b6573d8\">\n<figure class=\"wp-block-image aligncenter size-full animated bounce\"><a href=\"https:\/\/aquagarden-europe.com\/alternative\/tough-mighty\/\"><img loading=\"lazy\" decoding=\"async\" width=\"390\" height=\"286\" src=\"https:\/\/aquagarden-europe.com\/wp-content\/uploads\/2023\/03\/Explore-1.png\" alt=\"Erforschen\" class=\"wp-image-18392\" srcset=\"https:\/\/aquagarden-europe.com\/wp-content\/uploads\/2023\/03\/Explore-1.png 390w, https:\/\/aquagarden-europe.com\/wp-content\/uploads\/2023\/03\/Explore-1-300x220.png 300w, https:\/\/aquagarden-europe.com\/wp-content\/uploads\/2023\/03\/Explore-1-358x263.png 358w\" sizes=\"auto, (max-width: 390px) 100vw, 390px\" \/><\/a><\/figure>\n\n\n\n<div class=\"wp-block-buttons is-content-justification-center is-layout-flex wp-container-core-buttons-is-layout-a89b3969 wp-block-buttons-is-layout-flex\">\n<div class=\"wp-block-button\"><a class=\"wp-block-button__link wp-element-button\" href=\"https:\/\/aquagarden-europe.com\/alternative\/tough-mighty\/\">Stark und m\u00e4chtig<\/a><\/div>\n<\/div>\n<\/div>\n\n\n\n<div class=\"wp-block-uagb-container uagb-block-21308e53\">\n<figure class=\"wp-block-image aligncenter size-full is-resized animated bounce\"><a href=\"https:\/\/aquagarden-europe.com\/alternative\/fill-forage\/\"><img loading=\"lazy\" decoding=\"async\" width=\"390\" height=\"286\" src=\"https:\/\/aquagarden-europe.com\/wp-content\/uploads\/2023\/03\/Chew-1.png\" alt=\"Kauen\" class=\"wp-image-18391\" style=\"width:390px;height:286px\" srcset=\"https:\/\/aquagarden-europe.com\/wp-content\/uploads\/2023\/03\/Chew-1.png 390w, https:\/\/aquagarden-europe.com\/wp-content\/uploads\/2023\/03\/Chew-1-300x220.png 300w, https:\/\/aquagarden-europe.com\/wp-content\/uploads\/2023\/03\/Chew-1-358x263.png 358w\" sizes=\"auto, (max-width: 390px) 100vw, 390px\" \/><\/a><\/figure>\n\n\n\n<div class=\"wp-block-buttons is-content-justification-center is-layout-flex wp-container-core-buttons-is-layout-a89b3969 wp-block-buttons-is-layout-flex\">\n<div class=\"wp-block-button\"><a class=\"wp-block-button__link wp-element-button\" href=\"https:\/\/aquagarden-europe.com\/alternative\/fill-forage\/\">F\u00fcllen &amp; F\u00fcttern<\/a><\/div>\n<\/div>\n<\/div>\n<\/div><\/div>\n\n<div style=\"height:100px\" aria-hidden=\"true\" class=\"wp-block-spacer\"><\/div>\n","protected":false},"excerpt":{"rendered":"<p>Katalog Hochteich mit Fenstern Genie\u00dfen Sie das ganze Jahr \u00fcber Tag und Nacht den Anblick und das Ger\u00e4usch von bewegtem Wasser und Wasserlebewesen. Inpond 5 in 1\/6 in 1 Haben Sie einen gr\u00fcnen und schmutzigen Teich, oder wollen Sie einen neuen Teich sch\u00f6n und sauber halten? Die Inpond-Reihe bietet eine f\u00fcnfstufige Komplettl\u00f6sung gegen Gr\u00fcnalgen, Schmutz [&hellip;]<\/p>\n","protected":false},"author":6,"featured_media":0,"parent":0,"menu_order":0,"comment_status":"closed","ping_status":"closed","template":"","meta":{"_acf_changed":false,"_relevanssi_hide_post":"","_relevanssi_hide_content":"","_relevanssi_pin_for_all":"","_relevanssi_pin_keywords":"","_relevanssi_unpin_keywords":"","_relevanssi_related_keywords":"","_relevanssi_related_include_ids":"","_relevanssi_related_exclude_ids":"","_relevanssi_related_no_append":"","_relevanssi_related_not_related":"","_relevanssi_related_posts":"","_relevanssi_noindex_reason":"","_uag_custom_page_level_css":"","advgb_blocks_editor_width":"","advgb_blocks_columns_visual_guide":"","site-sidebar-layout":"default","site-content-layout":"","ast-site-content-layout":"default","site-content-style":"default","site-sidebar-style":"default","ast-global-header-display":"","ast-banner-title-visibility":"","ast-main-header-display":"","ast-hfb-above-header-display":"","ast-hfb-below-header-display":"","ast-hfb-mobile-header-display":"","site-post-title":"disabled","ast-breadcrumbs-content":"","ast-featured-img":"","footer-sml-layout":"","ast-disable-related-posts":"","theme-transparent-header-meta":"","adv-header-id-meta":"","stick-header-meta":"","header-above-stick-meta":"","header-main-stick-meta":"","header-below-stick-meta":"","astra-migrate-meta-layouts":"default","ast-page-background-enabled":"default","ast-page-background-meta":{"desktop":{"background-color":"","background-image":"","background-repeat":"repeat","background-position":"center center","background-size":"auto","background-attachment":"scroll","background-type":"","background-media":"","overlay-type":"","overlay-color":"","overlay-opacity":"","overlay-gradient":""},"tablet":{"background-color":"","background-image":"","background-repeat":"repeat","background-position":"center center","background-size":"auto","background-attachment":"scroll","background-type":"","background-media":"","overlay-type":"","overlay-color":"","overlay-opacity":"","overlay-gradient":""},"mobile":{"background-color":"","background-image":"","background-repeat":"repeat","background-position":"center center","background-size":"auto","background-attachment":"scroll","background-type":"","background-media":"","overlay-type":"","overlay-color":"","overlay-opacity":"","overlay-gradient":""}},"ast-content-background-meta":{"desktop":{"background-color":"var(--ast-global-color-5)","background-image":"","background-repeat":"repeat","background-position":"center center","background-size":"auto","background-attachment":"scroll","background-type":"","background-media":"","overlay-type":"","overlay-color":"","overlay-opacity":"","overlay-gradient":""},"tablet":{"background-color":"var(--ast-global-color-5)","background-image":"","background-repeat":"repeat","background-position":"center center","background-size":"auto","background-attachment":"scroll","background-type":"","background-media":"","overlay-type":"","overlay-color":"","overlay-opacity":"","overlay-gradient":""},"mobile":{"background-color":"var(--ast-global-color-5)","background-image":"","background-repeat":"repeat","background-position":"center center","background-size":"auto","background-attachment":"scroll","background-type":"","background-media":"","overlay-type":"","overlay-color":"","overlay-opacity":"","overlay-gradient":""}},"footnotes":""},"class_list":["ranking_","post-21000","page","type-page","status-publish","hentry"],"acf":[],"yoast_head":"<!-- This site is optimized with the Yoast SEO plugin v27.2 - https:\/\/yoast.com\/product\/yoast-seo-wordpress\/ -->\n<title>Katalog - Aquagarden Europe<\/title>\n<meta name=\"robots\" content=\"index, follow, max-snippet:-1, max-image-preview:large, max-video-preview:-1\" \/>\n<link rel=\"canonical\" href=\"https:\/\/aquagarden-europe.com\/de\/katalog\/\" \/>\n<meta property=\"og:locale\" content=\"de_DE\" \/>\n<meta property=\"og:type\" content=\"article\" \/>\n<meta property=\"og:title\" content=\"Katalog - Aquagarden Europe\" \/>\n<meta property=\"og:description\" content=\"Katalog Hochteich mit Fenstern Genie\u00dfen Sie das ganze Jahr \u00fcber Tag und Nacht den Anblick und das Ger\u00e4usch von bewegtem Wasser und Wasserlebewesen. Inpond 5 in 1\/6 in 1 Haben Sie einen gr\u00fcnen und schmutzigen Teich, oder wollen Sie einen neuen Teich sch\u00f6n und sauber halten? Die Inpond-Reihe bietet eine f\u00fcnfstufige Komplettl\u00f6sung gegen Gr\u00fcnalgen, Schmutz [&hellip;]\" \/>\n<meta property=\"og:url\" content=\"https:\/\/aquagarden-europe.com\/de\/katalog\/\" \/>\n<meta property=\"og:site_name\" content=\"Aquagarden Europe\" \/>\n<meta property=\"article:modified_time\" content=\"2024-08-16T08:27:00+00:00\" \/>\n<meta property=\"og:image\" content=\"https:\/\/aquagarden-europe.com\/wp-content\/uploads\/2024\/01\/RaisedWindowPondshero-300x195-1.jpg\" \/>\n<meta name=\"twitter:card\" content=\"summary_large_image\" \/>\n<meta name=\"twitter:label1\" content=\"Est. reading time\" \/>\n\t<meta name=\"twitter:data1\" content=\"1 minute\" \/>\n<script type=\"application\/ld+json\" class=\"yoast-schema-graph\">{\"@context\":\"https:\/\/schema.org\",\"@graph\":[{\"@type\":\"WebPage\",\"@id\":\"https:\/\/aquagarden-europe.com\/de\/katalog\/\",\"url\":\"https:\/\/aquagarden-europe.com\/de\/katalog\/\",\"name\":\"Katalog - Aquagarden Europe\",\"isPartOf\":{\"@id\":\"https:\/\/aquagarden-europe.com\/#website\"},\"primaryImageOfPage\":{\"@id\":\"https:\/\/aquagarden-europe.com\/de\/katalog\/#primaryimage\"},\"image\":{\"@id\":\"https:\/\/aquagarden-europe.com\/de\/katalog\/#primaryimage\"},\"thumbnailUrl\":\"https:\/\/aquagarden-europe.com\/wp-content\/uploads\/2024\/01\/RaisedWindowPondshero-300x195-1.jpg\",\"datePublished\":\"2023-05-02T10:18:59+00:00\",\"dateModified\":\"2024-08-16T08:27:00+00:00\",\"breadcrumb\":{\"@id\":\"https:\/\/aquagarden-europe.com\/de\/katalog\/#breadcrumb\"},\"inLanguage\":\"de-DE\",\"potentialAction\":[{\"@type\":\"ReadAction\",\"target\":[\"https:\/\/aquagarden-europe.com\/de\/katalog\/\"]}]},{\"@type\":\"ImageObject\",\"inLanguage\":\"de-DE\",\"@id\":\"https:\/\/aquagarden-europe.com\/de\/katalog\/#primaryimage\",\"url\":\"https:\/\/aquagarden-europe.com\/wp-content\/uploads\/2024\/01\/RaisedWindowPondshero-300x195-1.jpg\",\"contentUrl\":\"https:\/\/aquagarden-europe.com\/wp-content\/uploads\/2024\/01\/RaisedWindowPondshero-300x195-1.jpg\"},{\"@type\":\"BreadcrumbList\",\"@id\":\"https:\/\/aquagarden-europe.com\/de\/katalog\/#breadcrumb\",\"itemListElement\":[{\"@type\":\"ListItem\",\"position\":1,\"name\":\"Home\",\"item\":\"https:\/\/aquagarden-europe.com\/de\/\"},{\"@type\":\"ListItem\",\"position\":2,\"name\":\"Katalog\"}]},{\"@type\":\"WebSite\",\"@id\":\"https:\/\/aquagarden-europe.com\/#website\",\"url\":\"https:\/\/aquagarden-europe.com\/\",\"name\":\"Aquagarden Europe\",\"description\":\"\",\"publisher\":{\"@id\":\"https:\/\/aquagarden-europe.com\/#organization\"},\"potentialAction\":[{\"@type\":\"SearchAction\",\"target\":{\"@type\":\"EntryPoint\",\"urlTemplate\":\"https:\/\/aquagarden-europe.com\/?s={search_term_string}\"},\"query-input\":{\"@type\":\"PropertyValueSpecification\",\"valueRequired\":true,\"valueName\":\"search_term_string\"}}],\"inLanguage\":\"de-DE\"},{\"@type\":\"Organization\",\"@id\":\"https:\/\/aquagarden-europe.com\/#organization\",\"name\":\"Aquagarden Europe\",\"url\":\"https:\/\/aquagarden-europe.com\/\",\"logo\":{\"@type\":\"ImageObject\",\"inLanguage\":\"de-DE\",\"@id\":\"https:\/\/aquagarden-europe.com\/#\/schema\/logo\/image\/\",\"url\":\"https:\/\/aquagarden-europe.com\/wp-content\/uploads\/2024\/01\/AquaGarden_Logo-1.svg\",\"contentUrl\":\"https:\/\/aquagarden-europe.com\/wp-content\/uploads\/2024\/01\/AquaGarden_Logo-1.svg\",\"caption\":\"Aquagarden Europe\"},\"image\":{\"@id\":\"https:\/\/aquagarden-europe.com\/#\/schema\/logo\/image\/\"}}]}<\/script>\n<!-- \/ Yoast SEO plugin. -->","yoast_head_json":{"title":"Katalog - Aquagarden Europe","robots":{"index":"index","follow":"follow","max-snippet":"max-snippet:-1","max-image-preview":"max-image-preview:large","max-video-preview":"max-video-preview:-1"},"canonical":"https:\/\/aquagarden-europe.com\/de\/katalog\/","og_locale":"de_DE","og_type":"article","og_title":"Katalog - Aquagarden Europe","og_description":"Katalog Hochteich mit Fenstern Genie\u00dfen Sie das ganze Jahr \u00fcber Tag und Nacht den Anblick und das Ger\u00e4usch von bewegtem Wasser und Wasserlebewesen. Inpond 5 in 1\/6 in 1 Haben Sie einen gr\u00fcnen und schmutzigen Teich, oder wollen Sie einen neuen Teich sch\u00f6n und sauber halten? Die Inpond-Reihe bietet eine f\u00fcnfstufige Komplettl\u00f6sung gegen Gr\u00fcnalgen, Schmutz [&hellip;]","og_url":"https:\/\/aquagarden-europe.com\/de\/katalog\/","og_site_name":"Aquagarden Europe","article_modified_time":"2024-08-16T08:27:00+00:00","og_image":[{"url":"https:\/\/aquagarden-europe.com\/wp-content\/uploads\/2024\/01\/RaisedWindowPondshero-300x195-1.jpg","type":"","width":"","height":""}],"twitter_card":"summary_large_image","twitter_misc":{"Est. reading time":"1 minute"},"schema":{"@context":"https:\/\/schema.org","@graph":[{"@type":"WebPage","@id":"https:\/\/aquagarden-europe.com\/de\/katalog\/","url":"https:\/\/aquagarden-europe.com\/de\/katalog\/","name":"Katalog - Aquagarden Europe","isPartOf":{"@id":"https:\/\/aquagarden-europe.com\/#website"},"primaryImageOfPage":{"@id":"https:\/\/aquagarden-europe.com\/de\/katalog\/#primaryimage"},"image":{"@id":"https:\/\/aquagarden-europe.com\/de\/katalog\/#primaryimage"},"thumbnailUrl":"https:\/\/aquagarden-europe.com\/wp-content\/uploads\/2024\/01\/RaisedWindowPondshero-300x195-1.jpg","datePublished":"2023-05-02T10:18:59+00:00","dateModified":"2024-08-16T08:27:00+00:00","breadcrumb":{"@id":"https:\/\/aquagarden-europe.com\/de\/katalog\/#breadcrumb"},"inLanguage":"de-DE","potentialAction":[{"@type":"ReadAction","target":["https:\/\/aquagarden-europe.com\/de\/katalog\/"]}]},{"@type":"ImageObject","inLanguage":"de-DE","@id":"https:\/\/aquagarden-europe.com\/de\/katalog\/#primaryimage","url":"https:\/\/aquagarden-europe.com\/wp-content\/uploads\/2024\/01\/RaisedWindowPondshero-300x195-1.jpg","contentUrl":"https:\/\/aquagarden-europe.com\/wp-content\/uploads\/2024\/01\/RaisedWindowPondshero-300x195-1.jpg"},{"@type":"BreadcrumbList","@id":"https:\/\/aquagarden-europe.com\/de\/katalog\/#breadcrumb","itemListElement":[{"@type":"ListItem","position":1,"name":"Home","item":"https:\/\/aquagarden-europe.com\/de\/"},{"@type":"ListItem","position":2,"name":"Katalog"}]},{"@type":"WebSite","@id":"https:\/\/aquagarden-europe.com\/#website","url":"https:\/\/aquagarden-europe.com\/","name":"Aquagarden Europe","description":"","publisher":{"@id":"https:\/\/aquagarden-europe.com\/#organization"},"potentialAction":[{"@type":"SearchAction","target":{"@type":"EntryPoint","urlTemplate":"https:\/\/aquagarden-europe.com\/?s={search_term_string}"},"query-input":{"@type":"PropertyValueSpecification","valueRequired":true,"valueName":"search_term_string"}}],"inLanguage":"de-DE"},{"@type":"Organization","@id":"https:\/\/aquagarden-europe.com\/#organization","name":"Aquagarden Europe","url":"https:\/\/aquagarden-europe.com\/","logo":{"@type":"ImageObject","inLanguage":"de-DE","@id":"https:\/\/aquagarden-europe.com\/#\/schema\/logo\/image\/","url":"https:\/\/aquagarden-europe.com\/wp-content\/uploads\/2024\/01\/AquaGarden_Logo-1.svg","contentUrl":"https:\/\/aquagarden-europe.com\/wp-content\/uploads\/2024\/01\/AquaGarden_Logo-1.svg","caption":"Aquagarden Europe"},"image":{"@id":"https:\/\/aquagarden-europe.com\/#\/schema\/logo\/image\/"}}]}},"uagb_featured_image_src":{"full":false,"thumbnail":false,"medium":false,"medium_large":false,"large":false,"blz_expanded_feature":false,"gs-tiny":false,"xl":false,"xxl":false,"xxxl":false,"xxxxl":false,"xxxxxl":false,"1536x1536":false,"2048x2048":false,"background_image":false,"woocommerce_thumbnail":false,"woocommerce_single":false,"woocommerce_gallery_thumbnail":false,"shop_catalog":false,"shop_single":false,"shop_thumbnail":false,"page-header":false,"page-two-to-one":false},"uagb_author_info":{"display_name":"Phil Durston","author_link":"https:\/\/aquagarden-europe.com\/de\/author\/phil-sera\/"},"uagb_comment_info":0,"uagb_excerpt":"Katalog Hochteich mit Fenstern Genie\u00dfen Sie das ganze Jahr \u00fcber Tag und Nacht den Anblick und das Ger\u00e4usch von bewegtem Wasser und Wasserlebewesen. Inpond 5 in 1\/6 in 1 Haben Sie einen gr\u00fcnen und schmutzigen Teich, oder wollen Sie einen neuen Teich sch\u00f6n und sauber halten? Die Inpond-Reihe bietet eine f\u00fcnfstufige Komplettl\u00f6sung gegen Gr\u00fcnalgen, Schmutz&hellip;","coauthors":[],"author_meta":{"author_link":"https:\/\/aquagarden-europe.com\/de\/author\/phil-sera\/","display_name":"Phil Durston"},"relative_dates":{"created":"Posted 3 years ago","modified":"Updated 2 years ago"},"absolute_dates":{"created":"Posted on 2 May 2023","modified":"Updated on 16 August 2024"},"absolute_dates_time":{"created":"Posted on 2 May 2023 11:18 am","modified":"Updated on 16 August 2024 9:27 am"},"featured_img_caption":"","featured_img":false,"series_order":"","_links":{"self":[{"href":"https:\/\/aquagarden-europe.com\/de\/wp-json\/wp\/v2\/pages\/21000","targetHints":{"allow":["GET"]}}],"collection":[{"href":"https:\/\/aquagarden-europe.com\/de\/wp-json\/wp\/v2\/pages"}],"about":[{"href":"https:\/\/aquagarden-europe.com\/de\/wp-json\/wp\/v2\/types\/page"}],"author":[{"embeddable":true,"href":"https:\/\/aquagarden-europe.com\/de\/wp-json\/wp\/v2\/users\/6"}],"replies":[{"embeddable":true,"href":"https:\/\/aquagarden-europe.com\/de\/wp-json\/wp\/v2\/comments?post=21000"}],"version-history":[{"count":3,"href":"https:\/\/aquagarden-europe.com\/de\/wp-json\/wp\/v2\/pages\/21000\/revisions"}],"predecessor-version":[{"id":28029,"href":"https:\/\/aquagarden-europe.com\/de\/wp-json\/wp\/v2\/pages\/21000\/revisions\/28029"}],"wp:attachment":[{"href":"https:\/\/aquagarden-europe.com\/de\/wp-json\/wp\/v2\/media?parent=21000"}],"curies":[{"name":"wp","href":"https:\/\/api.w.org\/{rel}","templated":true}]}}